{"id":14891,"date":"2025-02-24T22:47:24","date_gmt":"2025-02-24T21:47:24","guid":{"rendered":"https:\/\/staviori.com.pl\/product\/zlote-naszyjniki-nzc6505\/"},"modified":"2026-02-11T00:08:58","modified_gmt":"2026-02-10T23:08:58","slug":"zlote-naszyjniki-nzc6505","status":"publish","type":"product","link":"https:\/\/staviori.com.pl\/de\/product\/zlote-naszyjniki-nzc6505\/","title":{"rendered":"Goldkette Halskette 585 45cm"},"content":{"rendered":"<p>Model: NZC6505<br \/>\nWaga ok. 2,96g<\/p>\n<p>Halskette 45 cm.<br \/>\nGelbgold 0,585.<\/p>","protected":false},"excerpt":{"rendered":"<p>Klasyczny naszyjnik wykonany z \u017c\u00f3\u0142tego z\u0142ota pr\u00f3by 0,585, kt\u00f3ry zachwyca ponadczasow\u0105 elegancj\u0105 i prostot\u0105. Mocny, solidny splot typu pancerka sprawia, \u017ce bi\u017cuteria prezentuje si\u0119 wyj\u0105tkowo efektownie, a jednocze\u015bnie jest wygodna w codziennym noszeniu. Doskona\u0142y wyb\u00f3r zar\u00f3wno do eleganckich stylizacji, jak i jako uzupe\u0142nienie casualowych zestaw\u00f3w. Naszyjnik b\u0119dzie idealnym prezentem dla os\u00f3b ceni\u0105cych tradycj\u0119 oraz najwy\u017csz\u0105 jako\u015b\u0107 z\u0142ota.<\/p>","protected":false},"featured_media":14892,"comment_status":"closed","ping_status":"closed","template":"","meta":{"om_disable_all_campaigns":false},"product_brand":[2284,2350],"product_cat":[719,2128,1930],"product_tag":[2543,4325,4177,3717,4308,4324,3916,2442,2291,4326,2522],"class_list":{"0":"post-14891","1":"product","2":"type-product","3":"status-publish","4":"has-post-thumbnail","6":"product_brand-staviori","7":"product_brand-verona","8":"product_cat-naszyjniki","9":"product_cat-zlote-naszyjniki","10":"product_cat-zloto-2","11":"product_tag-bizuteria-zlota","12":"product_tag-ca19124","13":"product_tag-elegancki-naszyjnik","14":"product_tag-klasyka","15":"product_tag-naszyjnik-zloty","16":"product_tag-nzc6505","17":"product_tag-pancerka","18":"product_tag-prezent-dla-niego","19":"product_tag-prezent-dla-niej","20":"product_tag-tradycyjny-styl","21":"product_tag-zolte-zloto","22":"pa_kolor-zolte","23":"pa_kruszec-zloto","24":"pa_proba-0-585","25":"pa_splot-pancerka","26":"pa_waga-2-96g","28":"first","29":"instock","30":"purchasable","31":"product-type-simple"},"aioseo_notices":[],"_links":{"self":[{"href":"https:\/\/staviori.com.pl\/de\/wp-json\/wp\/v2\/product\/14891","targetHints":{"allow":["GET"]}}],"collection":[{"href":"https:\/\/staviori.com.pl\/de\/wp-json\/wp\/v2\/product"}],"about":[{"href":"https:\/\/staviori.com.pl\/de\/wp-json\/wp\/v2\/types\/product"}],"replies":[{"embeddable":true,"href":"https:\/\/staviori.com.pl\/de\/wp-json\/wp\/v2\/comments?post=14891"}],"wp:featuredmedia":[{"embeddable":true,"href":"https:\/\/staviori.com.pl\/de\/wp-json\/wp\/v2\/media\/14892"}],"wp:attachment":[{"href":"https:\/\/staviori.com.pl\/de\/wp-json\/wp\/v2\/media?parent=14891"}],"wp:term":[{"taxonomy":"product_brand","embeddable":true,"href":"https:\/\/staviori.com.pl\/de\/wp-json\/wp\/v2\/product_brand?post=14891"},{"taxonomy":"product_cat","embeddable":true,"href":"https:\/\/staviori.com.pl\/de\/wp-json\/wp\/v2\/product_cat?post=14891"},{"taxonomy":"product_tag","embeddable":true,"href":"https:\/\/staviori.com.pl\/de\/wp-json\/wp\/v2\/product_tag?post=14891"}],"curies":[{"name":"wp","href":"https:\/\/api.w.org\/{rel}","templated":true}]}}