{"id":14881,"date":"2025-02-24T22:47:20","date_gmt":"2025-02-24T21:47:20","guid":{"rendered":"https:\/\/staviori.com.pl\/product\/bizuteria-inwestycyjna-naszyjnik-nxd4950\/"},"modified":"2026-02-11T00:08:58","modified_gmt":"2026-02-10T23:08:58","slug":"bizuteria-inwestycyjna-naszyjnik-nxd4950","status":"publish","type":"product","link":"https:\/\/staviori.com.pl\/de\/product\/bizuteria-inwestycyjna-naszyjnik-nxd4950\/","title":{"rendered":"Exklusiv | eine Diamantkette auf dem gesamten Sortiment"},"content":{"rendered":"<p>Model: NBD4950<br \/>\nWaga ok. 95g<\/p>\n<p>Halskette 42 cm.<br \/>\nWei\u00dfgold 0,750.<br \/>\n3122 Diamenty, szlif brylantowy, o masie ok. 29ct, barwa G, czysto\u015b\u0107 SI1.<\/p>\n<p>18 mm breit.<br \/>\n5 mm dick.<\/p>\n<p><strong>Produkt nur auf Anfrage erh\u00e4ltlich, Vorlaufzeit ca. 5 Wochen.<\/strong><\/p>","protected":false},"excerpt":{"rendered":"<p>Wyj\u0105tkowy, masywny naszyjnik wykonany z bia\u0142ego z\u0142ota pr\u00f3by 0,750, ozdobiony a\u017c 3122 diamentami o \u0142\u0105cznej masie 29 ct. Ka\u017cdy brylant zosta\u0142 starannie oprawiony, tworz\u0105c spektakularny efekt blasku i luksusu. Szeroki, wyrazisty splot typu kuba\u0144skiego podkre\u015bla ekskluzywny charakter bi\u017cuterii i przyci\u0105ga wzrok w ka\u017cdej stylizacji. Ten model to synonim presti\u017cu i najwy\u017cszej jako\u015bci jubilerskiej \u2013 idealny wyb\u00f3r dla os\u00f3b ceni\u0105cych niepowtarzalne wzornictwo oraz bezkompromisow\u0105 elegancj\u0119. Doskona\u0142y na szczeg\u00f3lne okazje i jako inwestycja w ponadczasowe pi\u0119kno.<\/p>","protected":false},"featured_media":18903,"comment_status":"closed","ping_status":"closed","template":"","meta":{"om_disable_all_campaigns":false},"product_brand":[2284],"product_cat":[1803,6895,719],"product_tag":[2308,3781,4291,4287,4055,4045,2852,2280,3747,4042,4293,4289,4288,4286,4290,4292,3777],"class_list":{"0":"post-14881","1":"product","2":"type-product","3":"status-publish","4":"has-post-thumbnail","6":"product_brand-staviori","7":"product_cat-brylanty-exclusive","8":"product_cat-naszyjnik","9":"product_cat-naszyjniki","10":"product_tag-biale-zloto","11":"product_tag-bile-zlato","12":"product_tag-cuban-link","13":"product_tag-ddn0257","14":"product_tag-diamond-necklace","15":"product_tag-ekskluzywny-naszyjnik","16":"product_tag-exclusive","17":"product_tag-luksusowa-bizuteria","18":"product_tag-luxury-jewelry","19":"product_tag-luxusni-sperk","20":"product_tag-nahrdelnik-s-diamanty","21":"product_tag-naszyjnik-kubanski","22":"product_tag-naszyjnik-z-diamentami","23":"product_tag-nbd4950","24":"product_tag-prestiz","25":"product_tag-statement-necklace","26":"product_tag-white-gold","27":"pa_barwa-g-h","28":"pa_czystosc-si1","29":"pa_grubosc-5mm","30":"pa_kamien-brylanty","31":"pa_kolor-biale","32":"pa_kruszec-zloto","33":"pa_proba-0-750","34":"pa_rozmiar-42cm","35":"pa_szerokosc-18mm","36":"pa_waga-95g","38":"first","39":"onbackorder","40":"purchasable","41":"product-type-simple"},"aioseo_notices":[],"_links":{"self":[{"href":"https:\/\/staviori.com.pl\/de\/wp-json\/wp\/v2\/product\/14881","targetHints":{"allow":["GET"]}}],"collection":[{"href":"https:\/\/staviori.com.pl\/de\/wp-json\/wp\/v2\/product"}],"about":[{"href":"https:\/\/staviori.com.pl\/de\/wp-json\/wp\/v2\/types\/product"}],"replies":[{"embeddable":true,"href":"https:\/\/staviori.com.pl\/de\/wp-json\/wp\/v2\/comments?post=14881"}],"wp:featuredmedia":[{"embeddable":true,"href":"https:\/\/staviori.com.pl\/de\/wp-json\/wp\/v2\/media\/18903"}],"wp:attachment":[{"href":"https:\/\/staviori.com.pl\/de\/wp-json\/wp\/v2\/media?parent=14881"}],"wp:term":[{"taxonomy":"product_brand","embeddable":true,"href":"https:\/\/staviori.com.pl\/de\/wp-json\/wp\/v2\/product_brand?post=14881"},{"taxonomy":"product_cat","embeddable":true,"href":"https:\/\/staviori.com.pl\/de\/wp-json\/wp\/v2\/product_cat?post=14881"},{"taxonomy":"product_tag","embeddable":true,"href":"https:\/\/staviori.com.pl\/de\/wp-json\/wp\/v2\/product_tag?post=14881"}],"curies":[{"name":"wp","href":"https:\/\/api.w.org\/{rel}","templated":true}]}}