{"id":14865,"date":"2025-02-24T22:47:20","date_gmt":"2025-02-24T21:47:20","guid":{"rendered":"https:\/\/staviori.com.pl\/product\/zlote-naszyjniki-nxc5532\/"},"modified":"2026-02-11T00:08:57","modified_gmt":"2026-02-10T23:08:57","slug":"zlote-naszyjniki-nxc5532","status":"publish","type":"product","link":"https:\/\/staviori.com.pl\/de\/product\/zlote-naszyjniki-nxc5532\/","title":{"rendered":"Gold 333 Herz und Unendlichkeitskette"},"content":{"rendered":"<p>Model: NXC5532<br \/>\nWaga ok. 1,80g<\/p>\n<p>Halskette.<br \/>\nGelbgold 0,333.<\/p>\n<p>Wymiary 20&#215;10 mm.<\/p>\n<p>Einstellbare L\u00e4nge 45cm oder 42cm.<\/p>","protected":false},"excerpt":{"rendered":"<p>Delikatny naszyjnik wykonany z \u017c\u00f3\u0142tego z\u0142ota pr\u00f3by 0,333, ozdobiony motywem serca splecionego z symbolem niesko\u0144czono\u015bci. To wyj\u0105tkowa bi\u017cuteria, kt\u00f3ra symbolizuje wieczn\u0105 mi\u0142o\u015b\u0107, oddanie i nierozerwaln\u0105 wi\u0119\u017a. Prosta forma i subtelny po\u0142ysk z\u0142ota sprawiaj\u0105, \u017ce naszyjnik jest idealnym dodatkiem zar\u00f3wno do codziennych, jak i bardziej eleganckich stylizacji. Regulowana d\u0142ugo\u015b\u0107 \u0142a\u0144cuszka pozwala dopasowa\u0107 go do w\u0142asnych preferencji. Perfekcyjny wyb\u00f3r na prezent dla ukochanej osoby.<\/p>","protected":false},"featured_media":3824,"comment_status":"closed","ping_status":"closed","template":"","meta":{"om_disable_all_campaigns":false},"product_brand":[2284,2350],"product_cat":[719,2128,1930],"product_tag":[2543,4278,4066,3933,4281,4279,4256,4280,4283,3042,4277,2291,1414,4282,2381],"class_list":{"0":"post-14865","1":"product","2":"type-product","3":"status-publish","4":"has-post-thumbnail","6":"product_brand-staviori","7":"product_brand-verona","8":"product_cat-naszyjniki","9":"product_cat-zlote-naszyjniki","10":"product_cat-zloto-2","11":"product_tag-bizuteria-zlota","12":"product_tag-ca14046","13":"product_tag-damska-bizuterie","14":"product_tag-delikatny-naszyjnik","15":"product_tag-fine-gold-jewelry","16":"product_tag-gold-necklace","17":"product_tag-heart-jewelry","18":"product_tag-infinity-symbol","19":"product_tag-nekonecno","20":"product_tag-nieskonczonosc","21":"product_tag-nxc5532","22":"product_tag-prezent-dla-niej","23":"product_tag-serce","24":"product_tag-zlaty-nahrdelnik","25":"product_tag-zloty-naszyjnik","26":"pa_kolor-zolte","27":"pa_kruszec-zloto","28":"pa_motyw-nieskonczonosc","29":"pa_motyw-serce","30":"pa_proba-0-333","31":"pa_rozmiar-42cm","32":"pa_rozmiar-45cm","33":"pa_waga-180g","34":"pa_wymiary-20x10mm","36":"first","37":"instock","38":"purchasable","39":"product-type-simple"},"aioseo_notices":[],"_links":{"self":[{"href":"https:\/\/staviori.com.pl\/de\/wp-json\/wp\/v2\/product\/14865","targetHints":{"allow":["GET"]}}],"collection":[{"href":"https:\/\/staviori.com.pl\/de\/wp-json\/wp\/v2\/product"}],"about":[{"href":"https:\/\/staviori.com.pl\/de\/wp-json\/wp\/v2\/types\/product"}],"replies":[{"embeddable":true,"href":"https:\/\/staviori.com.pl\/de\/wp-json\/wp\/v2\/comments?post=14865"}],"wp:featuredmedia":[{"embeddable":true,"href":"https:\/\/staviori.com.pl\/de\/wp-json\/wp\/v2\/media\/3824"}],"wp:attachment":[{"href":"https:\/\/staviori.com.pl\/de\/wp-json\/wp\/v2\/media?parent=14865"}],"wp:term":[{"taxonomy":"product_brand","embeddable":true,"href":"https:\/\/staviori.com.pl\/de\/wp-json\/wp\/v2\/product_brand?post=14865"},{"taxonomy":"product_cat","embeddable":true,"href":"https:\/\/staviori.com.pl\/de\/wp-json\/wp\/v2\/product_cat?post=14865"},{"taxonomy":"product_tag","embeddable":true,"href":"https:\/\/staviori.com.pl\/de\/wp-json\/wp\/v2\/product_tag?post=14865"}],"curies":[{"name":"wp","href":"https:\/\/api.w.org\/{rel}","templated":true}]}}