{"id":14818,"date":"2025-02-24T22:47:16","date_gmt":"2025-02-24T21:47:16","guid":{"rendered":"https:\/\/staviori.com.pl\/product\/srebrne-naszyjniki-nsc6658\/"},"modified":"2026-03-31T08:48:51","modified_gmt":"2026-03-31T06:48:51","slug":"srebrne-naszyjniki-nsc6658","status":"publish","type":"product","link":"https:\/\/staviori.com.pl\/de\/product\/srebrne-naszyjniki-nsc6658\/","title":{"rendered":"Silberne Schleifenhalskette mit Zirkoniumdioxid"},"content":{"rendered":"<p>Model: NSC6658<br \/>\nWaga ok. 2,30g<\/p>\n<p>Naszyjnik 47 cm.<br \/>\n0,925 rhodiniertes Silber.<br \/>\nZirkoniumdioxid.<\/p>\n<p>Mo\u017cliwo\u015b\u0107 regulacji d\u0142ugo\u015bci 42cm &#8211; 47cm.<\/p>","protected":false},"excerpt":{"rendered":"<p>Uroczy naszyjnik wykonany ze srebra rodowanego pr\u00f3by 0,925, ozdobiony kokardk\u0105 wysadzan\u0105 l\u015bni\u0105cymi cyrkoniami. Finezyjna forma kokardy podkre\u015bla delikatno\u015b\u0107 i kobiecy charakter bi\u017cuterii, a subtelny blask sprawia, \u017ce naszyjnik wspaniale komponuje si\u0119 z eleganckimi stylizacjami. Regulowana d\u0142ugo\u015b\u0107 pozwala idealnie dopasowa\u0107 naszyjnik do ka\u017cdego dekoltu. Idealny wyb\u00f3r na wyj\u0105tkowe okazje oraz jako stylowy dodatek na co dzie\u0144.<\/p>","protected":false},"featured_media":14819,"comment_status":"closed","ping_status":"closed","template":"","meta":{"om_disable_all_campaigns":false},"product_brand":[2284,2350],"product_cat":[719,2133,1817],"product_tag":[2541,4244,4191,2454,4066,4177,2391,4245,4038,4243,4242,2291,4111,3924,4192],"class_list":{"0":"post-14818","1":"product","2":"type-product","3":"status-publish","4":"has-post-thumbnail","6":"product_brand-staviori","7":"product_brand-verona","8":"product_cat-naszyjniki","9":"product_cat-srebrne-naszyjniki","10":"product_cat-srebro-2","11":"product_tag-bizuteria-damska","12":"product_tag-bow-jewelry","13":"product_tag-cubic-zirconia","14":"product_tag-cyrkonia","15":"product_tag-damska-bizuterie","16":"product_tag-elegancki-naszyjnik","17":"product_tag-kokarda","18":"product_tag-masle","19":"product_tag-necklace","20":"product_tag-ns53449","21":"product_tag-nsc6658","22":"product_tag-prezent-dla-niej","23":"product_tag-silver-jewelry","24":"product_tag-srebrny-naszyjnik","25":"product_tag-stribrny-nahrdelnik","26":"pa_kamien-cyrkonia","27":"pa_kruszec-srebro-rodowane","28":"pa_motyw-kokardka","29":"pa_proba-0-925","30":"pa_waga-2-30g","32":"first","33":"instock","34":"purchasable","35":"product-type-simple"},"aioseo_notices":[],"_links":{"self":[{"href":"https:\/\/staviori.com.pl\/de\/wp-json\/wp\/v2\/product\/14818","targetHints":{"allow":["GET"]}}],"collection":[{"href":"https:\/\/staviori.com.pl\/de\/wp-json\/wp\/v2\/product"}],"about":[{"href":"https:\/\/staviori.com.pl\/de\/wp-json\/wp\/v2\/types\/product"}],"replies":[{"embeddable":true,"href":"https:\/\/staviori.com.pl\/de\/wp-json\/wp\/v2\/comments?post=14818"}],"wp:featuredmedia":[{"embeddable":true,"href":"https:\/\/staviori.com.pl\/de\/wp-json\/wp\/v2\/media\/14819"}],"wp:attachment":[{"href":"https:\/\/staviori.com.pl\/de\/wp-json\/wp\/v2\/media?parent=14818"}],"wp:term":[{"taxonomy":"product_brand","embeddable":true,"href":"https:\/\/staviori.com.pl\/de\/wp-json\/wp\/v2\/product_brand?post=14818"},{"taxonomy":"product_cat","embeddable":true,"href":"https:\/\/staviori.com.pl\/de\/wp-json\/wp\/v2\/product_cat?post=14818"},{"taxonomy":"product_tag","embeddable":true,"href":"https:\/\/staviori.com.pl\/de\/wp-json\/wp\/v2\/product_tag?post=14818"}],"curies":[{"name":"wp","href":"https:\/\/api.w.org\/{rel}","templated":true}]}}