{"id":14811,"date":"2025-02-24T22:47:16","date_gmt":"2025-02-24T21:47:16","guid":{"rendered":"https:\/\/staviori.com.pl\/product\/srebrne-naszyjniki-nsc6608\/"},"modified":"2026-03-18T09:19:24","modified_gmt":"2026-03-18T08:19:24","slug":"srebrne-naszyjniki-nsc6608","status":"publish","type":"product","link":"https:\/\/staviori.com.pl\/de\/product\/srebrne-naszyjniki-nsc6608\/","title":{"rendered":"Silberne zarte Halskette mit Blumen und Zirkonias"},"content":{"rendered":"<p>Model: NSC6608<br \/>\nWaga ok. 2,18g<\/p>\n<p>Halskette 45 cm.<br \/>\nSilber 0.925 vergoldet mit Gelbgold<br \/>\nZirkoniumdioxid.<\/p>\n<p>Einstellbare L\u00e4nge 40cm - 45cm.<\/p>","protected":false},"excerpt":{"rendered":"<p>Uroczy naszyjnik wykonany ze srebra pr\u00f3by 0,925, pokryty \u017c\u00f3\u0142tym z\u0142otem, ozdobiony drobnymi zawieszkami w kszta\u0142cie kwiatk\u00f3w oraz l\u015bni\u0105cymi cyrkoniami. Delikatny \u0142a\u0144cuszek i subtelne motywy kwiatowe sprawiaj\u0105, \u017ce bi\u017cuteria wygl\u0105da lekko i dziewcz\u0119co, doskonale roz\u015bwietlaj\u0105c dekolt. Regulowana d\u0142ugo\u015b\u0107 pozwala dopasowa\u0107 naszyjnik do ka\u017cdej stylizacji, zar\u00f3wno na co dzie\u0144, jak i na wyj\u0105tkowe okazje. Idealny wyb\u00f3r dla kobiet ceni\u0105cych modny styl i kobiece detale.<\/p>","protected":false},"featured_media":14812,"comment_status":"closed","ping_status":"closed","template":"","meta":{"om_disable_all_campaigns":false},"product_brand":[2284,2350],"product_cat":[719,2133,1817],"product_tag":[4233,4191,2454,4066,3933,4225,4209,4226,2827,4038,4241,4239,4206,2427,4192,4240],"class_list":{"0":"post-14811","1":"product","2":"type-product","3":"status-publish","4":"has-post-thumbnail","6":"product_brand-staviori","7":"product_brand-verona","8":"product_cat-naszyjniki","9":"product_cat-srebrne-naszyjniki","10":"product_cat-srebro-2","11":"product_tag-bizuteria-zlocona","12":"product_tag-cubic-zirconia","13":"product_tag-cyrkonia","14":"product_tag-damska-bizuterie","15":"product_tag-delikatny-naszyjnik","16":"product_tag-flower-jewelry","17":"product_tag-gold-plated-silver","18":"product_tag-kvetinovy-sperk","19":"product_tag-kwiatki","20":"product_tag-necklace","21":"product_tag-ns52426","22":"product_tag-nsc6608","23":"product_tag-pozlacany-naszyjnik","24":"product_tag-srebro-925","25":"product_tag-stribrny-nahrdelnik","26":"product_tag-wiosna","27":"pa_kamien-cyrkonia","28":"pa_kruszec-srebro","29":"pa_kruszec-srebro-pozlacane","30":"pa_motyw-kwiatek","31":"pa_proba-0-925","32":"pa_rozmiar-45cm","33":"pa_waga-2-18g","35":"first","36":"instock","37":"purchasable","38":"product-type-simple"},"aioseo_notices":[],"_links":{"self":[{"href":"https:\/\/staviori.com.pl\/de\/wp-json\/wp\/v2\/product\/14811","targetHints":{"allow":["GET"]}}],"collection":[{"href":"https:\/\/staviori.com.pl\/de\/wp-json\/wp\/v2\/product"}],"about":[{"href":"https:\/\/staviori.com.pl\/de\/wp-json\/wp\/v2\/types\/product"}],"replies":[{"embeddable":true,"href":"https:\/\/staviori.com.pl\/de\/wp-json\/wp\/v2\/comments?post=14811"}],"wp:featuredmedia":[{"embeddable":true,"href":"https:\/\/staviori.com.pl\/de\/wp-json\/wp\/v2\/media\/14812"}],"wp:attachment":[{"href":"https:\/\/staviori.com.pl\/de\/wp-json\/wp\/v2\/media?parent=14811"}],"wp:term":[{"taxonomy":"product_brand","embeddable":true,"href":"https:\/\/staviori.com.pl\/de\/wp-json\/wp\/v2\/product_brand?post=14811"},{"taxonomy":"product_cat","embeddable":true,"href":"https:\/\/staviori.com.pl\/de\/wp-json\/wp\/v2\/product_cat?post=14811"},{"taxonomy":"product_tag","embeddable":true,"href":"https:\/\/staviori.com.pl\/de\/wp-json\/wp\/v2\/product_tag?post=14811"}],"curies":[{"name":"wp","href":"https:\/\/api.w.org\/{rel}","templated":true}]}}