{"id":14774,"date":"2025-02-24T22:47:16","date_gmt":"2025-02-24T21:47:16","guid":{"rendered":"https:\/\/staviori.com.pl\/product\/srebrne-naszyjniki-nsc6309\/"},"modified":"2026-04-20T07:18:32","modified_gmt":"2026-04-20T05:18:32","slug":"srebrne-naszyjniki-nsc6309","status":"publish","type":"product","link":"https:\/\/staviori.com.pl\/de\/product\/srebrne-naszyjniki-nsc6309\/","title":{"rendered":"Silberne Herz-Halskette mit Zirkonen"},"content":{"rendered":"<p>Model: NSC6309<br \/>\nWaga ok. 1,60g<\/p>\n<p>Halskette 45 cm.<br \/>\n0,925 Silber.<br \/>\nZirkoniumdioxid.<\/p>","protected":false},"excerpt":{"rendered":"<p>Subtelny naszyjnik wykonany ze srebra pr\u00f3by 0,925, ozdobiony a\u017curowym sercem wysadzanym l\u015bni\u0105cymi cyrkoniami. Delikatny motyw serca symbolizuje mi\u0142o\u015b\u0107 i blisko\u015b\u0107, czyni\u0105c ten model doskona\u0142ym pomys\u0142em na prezent dla ukochanej osoby. Blask srebra i cyrkonii nadaje bi\u017cuterii elegancji oraz sprawia, \u017ce naszyjnik pi\u0119knie roz\u015bwietla dekolt. Idealny wyb\u00f3r na ka\u017cd\u0105 okazj\u0119 \u2013 zar\u00f3wno na co dzie\u0144, jak i na wyj\u0105tkowe momenty.<\/p>","protected":false},"featured_media":18876,"comment_status":"closed","ping_status":"closed","template":"","meta":{"om_disable_all_campaigns":false},"product_brand":[2284,2350],"product_cat":[719,2133,1817],"product_tag":[3097,4191,2454,4066,4256,4254,4038,4255,2291,1414,4201,4257,3924,4192],"class_list":{"0":"post-14774","1":"product","2":"type-product","3":"status-publish","4":"has-post-thumbnail","6":"product_brand-staviori","7":"product_brand-verona","8":"product_cat-naszyjniki","9":"product_cat-srebrne-naszyjniki","10":"product_cat-srebro-2","11":"product_tag-bizuteria-romantyczna","12":"product_tag-cubic-zirconia","13":"product_tag-cyrkonia","14":"product_tag-damska-bizuterie","15":"product_tag-heart-jewelry","16":"product_tag-incw330","17":"product_tag-necklace","18":"product_tag-nsc6309","19":"product_tag-prezent-dla-niej","20":"product_tag-serce","21":"product_tag-silver-necklace","22":"product_tag-srdicko","23":"product_tag-srebrny-naszyjnik","24":"product_tag-stribrny-nahrdelnik","25":"pa_kamien-cyrkonia","26":"pa_kruszec-srebro","27":"pa_motyw-serce","28":"pa_proba-0-925","29":"pa_waga-1-60g","31":"first","32":"instock","33":"purchasable","34":"product-type-simple"},"aioseo_notices":[],"_links":{"self":[{"href":"https:\/\/staviori.com.pl\/de\/wp-json\/wp\/v2\/product\/14774","targetHints":{"allow":["GET"]}}],"collection":[{"href":"https:\/\/staviori.com.pl\/de\/wp-json\/wp\/v2\/product"}],"about":[{"href":"https:\/\/staviori.com.pl\/de\/wp-json\/wp\/v2\/types\/product"}],"replies":[{"embeddable":true,"href":"https:\/\/staviori.com.pl\/de\/wp-json\/wp\/v2\/comments?post=14774"}],"wp:featuredmedia":[{"embeddable":true,"href":"https:\/\/staviori.com.pl\/de\/wp-json\/wp\/v2\/media\/18876"}],"wp:attachment":[{"href":"https:\/\/staviori.com.pl\/de\/wp-json\/wp\/v2\/media?parent=14774"}],"wp:term":[{"taxonomy":"product_brand","embeddable":true,"href":"https:\/\/staviori.com.pl\/de\/wp-json\/wp\/v2\/product_brand?post=14774"},{"taxonomy":"product_cat","embeddable":true,"href":"https:\/\/staviori.com.pl\/de\/wp-json\/wp\/v2\/product_cat?post=14774"},{"taxonomy":"product_tag","embeddable":true,"href":"https:\/\/staviori.com.pl\/de\/wp-json\/wp\/v2\/product_tag?post=14774"}],"curies":[{"name":"wp","href":"https:\/\/api.w.org\/{rel}","templated":true}]}}