{"id":14773,"date":"2025-02-24T22:47:16","date_gmt":"2025-02-24T21:47:16","guid":{"rendered":"https:\/\/staviori.com.pl\/product\/srebrne-naszyjniki-nsc6303y\/"},"modified":"2026-04-24T10:15:10","modified_gmt":"2026-04-24T08:15:10","slug":"srebrne-naszyjniki-nsc6303y","status":"publish","type":"product","link":"https:\/\/staviori.com.pl\/de\/product\/srebrne-naszyjniki-nsc6303y\/","title":{"rendered":"Wundersch\u00f6ne Halskette aus vergoldetem Sterlingsilber mit zweifarbigen Zirkonia"},"content":{"rendered":"<p>Model: NSC6303Y<br \/>\nWaga ok. 2,50g<\/p>\n<p>Naszyjnik 50 cm.<br \/>\nSilber 0.925 vergoldet mit Gelbgold<br \/>\nZirkoniumdioxid.<\/p>\n<p>D\u0142ugo\u015b\u0107 16 mm.<br \/>\n8 mm breit.<\/p>\n<p>Mo\u017cliwo\u015b\u0107 samodzielnej regulacji d\u0142ugo\u015bci.<br \/>\nPrzepi\u0119kny poz\u0142acany, srebrny naszyjnik z dwoma kolorami cyrkonii. Dostojny i robi\u0105cy wra\u017cenie. D\u0142ugo\u015b\u0107 regulowana 45 + 5 cm.<\/p>","protected":false},"excerpt":{"rendered":"<p>Model: NSC6303Y Waga ok. 2,50g Naszyjnik 50 cm. Srebro 0,925 pokryte \u017c\u00f3\u0142tym z\u0142otem Cyrkonia. D\u0142ugo\u015b\u0107 16 mm. Szeroko\u015b\u0107 8 mm. Mo\u017cliwo\u015b\u0107 samodzielnej regulacji d\u0142ugo\u015bci. Przepi\u0119kny poz\u0142acany, srebrny naszyjnik z dwoma kolorami cyrkonii. Dostojny i robi\u0105cy wra\u017cenie. D\u0142ugo\u015b\u0107 regulowana 45 + 5 cm.<\/p>","protected":false},"featured_media":3780,"comment_status":"closed","ping_status":"closed","template":"","meta":{"om_disable_all_campaigns":false},"product_brand":[2284,2350],"product_cat":[719,2133,1817],"product_tag":[4263,4066,2317,4264,4209,4262,4265,4038,2955,4260,4261,4206,4210,2427,4192],"class_list":{"0":"post-14773","1":"product","2":"type-product","3":"status-publish","4":"has-post-thumbnail","6":"product_brand-staviori","7":"product_brand-verona","8":"product_cat-naszyjniki","9":"product_cat-srebrne-naszyjniki","10":"product_cat-srebro-2","11":"product_tag-blue-cubic-zirconia","12":"product_tag-damska-bizuterie","13":"product_tag-elegancka-bizuteria","14":"product_tag-evening-jewelry","15":"product_tag-gold-plated-silver","16":"product_tag-halo-necklace","17":"product_tag-modry-zirkon","18":"product_tag-necklace","19":"product_tag-niebieska-cyrkonia","20":"product_tag-nn49602","21":"product_tag-nsc6303y","22":"product_tag-pozlacany-naszyjnik","23":"product_tag-pozlaceny-sperk","24":"product_tag-srebro-925","25":"product_tag-stribrny-nahrdelnik","26":"pa_dlugosc-16mm","27":"pa_kamien-cyrkonia","28":"pa_kamien-cyrkonia-biala","29":"pa_kamien-cyrkonia-niebieskia","30":"pa_kruszec-srebro","31":"pa_kruszec-srebro-pozlacane","32":"pa_proba-0-925","33":"pa_rozmiar-50cm","34":"pa_szerokosc-8mm","35":"pa_waga-2-50g","37":"first","38":"instock","39":"purchasable","40":"product-type-simple"},"aioseo_notices":[],"_links":{"self":[{"href":"https:\/\/staviori.com.pl\/de\/wp-json\/wp\/v2\/product\/14773","targetHints":{"allow":["GET"]}}],"collection":[{"href":"https:\/\/staviori.com.pl\/de\/wp-json\/wp\/v2\/product"}],"about":[{"href":"https:\/\/staviori.com.pl\/de\/wp-json\/wp\/v2\/types\/product"}],"replies":[{"embeddable":true,"href":"https:\/\/staviori.com.pl\/de\/wp-json\/wp\/v2\/comments?post=14773"}],"wp:featuredmedia":[{"embeddable":true,"href":"https:\/\/staviori.com.pl\/de\/wp-json\/wp\/v2\/media\/3780"}],"wp:attachment":[{"href":"https:\/\/staviori.com.pl\/de\/wp-json\/wp\/v2\/media?parent=14773"}],"wp:term":[{"taxonomy":"product_brand","embeddable":true,"href":"https:\/\/staviori.com.pl\/de\/wp-json\/wp\/v2\/product_brand?post=14773"},{"taxonomy":"product_cat","embeddable":true,"href":"https:\/\/staviori.com.pl\/de\/wp-json\/wp\/v2\/product_cat?post=14773"},{"taxonomy":"product_tag","embeddable":true,"href":"https:\/\/staviori.com.pl\/de\/wp-json\/wp\/v2\/product_tag?post=14773"}],"curies":[{"name":"wp","href":"https:\/\/api.w.org\/{rel}","templated":true}]}}