{"id":14770,"date":"2025-02-24T22:47:16","date_gmt":"2025-02-24T21:47:16","guid":{"rendered":"https:\/\/staviori.com.pl\/product\/srebrne-naszyjniki-nsc6303\/"},"modified":"2026-02-11T00:08:57","modified_gmt":"2026-02-10T23:08:57","slug":"srebrne-naszyjniki-nsc6303","status":"publish","type":"product","link":"https:\/\/staviori.com.pl\/de\/product\/srebrne-naszyjniki-nsc6303\/","title":{"rendered":"Sch\u00f6ne silberne Halskette mit blauen und wei\u00dfen Zirkonia 45+5cm"},"content":{"rendered":"<p>Model: NSC6303<br \/>\nGewicht ca. 2,40g<\/p>\n<p>Naszyjnik 50 cm.<br \/>\n0,925 Silber.<br \/>\nZirkoniumdioxid.<\/p>\n<p>D\u0142ugo\u015b\u0107 16 mm.<br \/>\n8 mm breit.<\/p>\n<p>Mo\u017cliwo\u015b\u0107 samodzielnej regulacji d\u0142ugo\u015bci.<br \/>\nPrzepi\u0119kny srebrny naszyjnik z niebiesk\u0105 i bia\u0142ymi cyrkoniami. Dostojny i robi\u0105cy wra\u017cenie. D\u0142ugo\u015b\u0107 regulowana 45 + 5 cm.<\/p>","protected":false},"excerpt":{"rendered":"<p>Przepi\u0119kny naszyjnik wykonany ze srebra pr\u00f3by 0,925, ozdobiony g\u0142\u0119bokoniebiesk\u0105 cyrkoni\u0105 w szlifie owalnym oraz otoczony l\u015bni\u0105cym halo z drobnych, bia\u0142ych cyrkonii. Klasyczne po\u0142\u0105czenie srebra z intensywnym kolorem kamienia dodaje bi\u017cuterii wyj\u0105tkowej elegancji i sprawia, \u017ce naszyjnik przyci\u0105ga spojrzenia. Regulowana d\u0142ugo\u015b\u0107 \u0142a\u0144cuszka pozwala na idealne dopasowanie do dekoltu, czyni\u0105c ten model doskona\u0142ym wyborem zar\u00f3wno na co dzie\u0144, jak i na specjalne okazje.<\/p>","protected":false},"featured_media":3778,"comment_status":"closed","ping_status":"closed","template":"","meta":{"om_disable_all_campaigns":false},"product_brand":[2284,2350],"product_cat":[719,2133,1817],"product_tag":[2754,4263,4066,4178,4262,4265,4038,2955,4260,4266,4111,3924,2427,4192],"class_list":{"0":"post-14770","1":"product","2":"type-product","3":"status-publish","4":"has-post-thumbnail","6":"product_brand-staviori","7":"product_brand-verona","8":"product_cat-naszyjniki","9":"product_cat-srebrne-naszyjniki","10":"product_cat-srebro-2","11":"product_tag-bizuteria-wieczorowa","12":"product_tag-blue-cubic-zirconia","13":"product_tag-damska-bizuterie","14":"product_tag-elegant-necklace","15":"product_tag-halo-necklace","16":"product_tag-modry-zirkon","17":"product_tag-necklace","18":"product_tag-niebieska-cyrkonia","19":"product_tag-nn49602","20":"product_tag-nsc6303","21":"product_tag-silver-jewelry","22":"product_tag-srebrny-naszyjnik","23":"product_tag-srebro-925","24":"product_tag-stribrny-nahrdelnik","25":"pa_dlugosc-16mm","26":"pa_kamien-cyrkonia","27":"pa_kamien-cyrkonia-biala","28":"pa_kamien-cyrkonia-niebieskia","29":"pa_kruszec-srebro","30":"pa_proba-0-925","31":"pa_rozmiar-50cm","32":"pa_szerokosc-8mm","33":"pa_waga-2-40g","35":"first","36":"instock","37":"purchasable","38":"product-type-simple"},"aioseo_notices":[],"_links":{"self":[{"href":"https:\/\/staviori.com.pl\/de\/wp-json\/wp\/v2\/product\/14770","targetHints":{"allow":["GET"]}}],"collection":[{"href":"https:\/\/staviori.com.pl\/de\/wp-json\/wp\/v2\/product"}],"about":[{"href":"https:\/\/staviori.com.pl\/de\/wp-json\/wp\/v2\/types\/product"}],"replies":[{"embeddable":true,"href":"https:\/\/staviori.com.pl\/de\/wp-json\/wp\/v2\/comments?post=14770"}],"wp:featuredmedia":[{"embeddable":true,"href":"https:\/\/staviori.com.pl\/de\/wp-json\/wp\/v2\/media\/3778"}],"wp:attachment":[{"href":"https:\/\/staviori.com.pl\/de\/wp-json\/wp\/v2\/media?parent=14770"}],"wp:term":[{"taxonomy":"product_brand","embeddable":true,"href":"https:\/\/staviori.com.pl\/de\/wp-json\/wp\/v2\/product_brand?post=14770"},{"taxonomy":"product_cat","embeddable":true,"href":"https:\/\/staviori.com.pl\/de\/wp-json\/wp\/v2\/product_cat?post=14770"},{"taxonomy":"product_tag","embeddable":true,"href":"https:\/\/staviori.com.pl\/de\/wp-json\/wp\/v2\/product_tag?post=14770"}],"curies":[{"name":"wp","href":"https:\/\/api.w.org\/{rel}","templated":true}]}}