{"id":14750,"date":"2025-02-24T22:47:11","date_gmt":"2025-02-24T21:47:11","guid":{"rendered":"https:\/\/staviori.com.pl\/product\/srebrne-naszyjniki-nsc5100\/"},"modified":"2026-02-11T00:08:56","modified_gmt":"2026-02-10T23:08:56","slug":"srebrne-naszyjniki-nsc5100","status":"publish","type":"product","link":"https:\/\/staviori.com.pl\/de\/product\/srebrne-naszyjniki-nsc5100\/","title":{"rendered":"Halskette aus oxidiertem Silber mit Blume"},"content":{"rendered":"<p>Model: NSC5100<br \/>\nWaga ok. 3,50g<\/p>\n<p>Naszyjnik 45cm<br \/>\nSrebro oksydowane 0,925<br \/>\nZirkoniumdioxid.<\/p>\n<p>L\u00e4nge 55 mm.<br \/>\n\u015arednica 10 mm.<\/p>\n<p>Mo\u017cliwo\u015b\u0107 samodzielnej regulacji d\u0142ugo\u015bci.<\/p>","protected":false},"excerpt":{"rendered":"<p>Delikatny naszyjnik wykonany ze srebra pr\u00f3by 0,925, ozdobiony dwoma kwiatkami wysadzanymi l\u015bni\u0105cymi cyrkoniami. Zjawiskowa, lekko asymetryczna forma nadaje mu wyj\u0105tkowy urok, a regulowana d\u0142ugo\u015b\u0107 pozwala idealnie dopasowa\u0107 naszyjnik do ka\u017cdej stylizacji. Subtelny blask i kwiatowy motyw podkre\u015bl\u0105 kobiec\u0105 delikatno\u015b\u0107 i romantyczny charakter bi\u017cuterii. To idealna propozycja na prezent dla mi\u0142o\u015bniczek subtelnych dodatk\u00f3w.<\/p>","protected":false},"featured_media":3702,"comment_status":"closed","ping_status":"closed","template":"","meta":{"om_disable_all_campaigns":false},"product_brand":[2284],"product_cat":[719,2133,1817],"product_tag":[2541,4191,2454,4066,4225,4226,4115,4224,4038,4223,2291,4201,3924,4192],"class_list":{"0":"post-14750","1":"product","2":"type-product","3":"status-publish","4":"has-post-thumbnail","6":"product_brand-staviori","7":"product_cat-naszyjniki","8":"product_cat-srebrne-naszyjniki","9":"product_cat-srebro-2","10":"product_tag-bizuteria-damska","11":"product_tag-cubic-zirconia","12":"product_tag-cyrkonia","13":"product_tag-damska-bizuterie","14":"product_tag-flower-jewelry","15":"product_tag-kvetinovy-sperk","16":"product_tag-kwiaty","17":"product_tag-naszyjnik-z-kwiatkiem","18":"product_tag-necklace","19":"product_tag-nsc5100","20":"product_tag-prezent-dla-niej","21":"product_tag-silver-necklace","22":"product_tag-srebrny-naszyjnik","23":"product_tag-stribrny-nahrdelnik","24":"pa_dlugosc-55mm","25":"pa_dostawca-aliexpress","26":"pa_kamien-cyrkonia","27":"pa_kruszec-srebro","28":"pa_kruszec-srebro-oksydowane","29":"pa_proba-0-925","30":"pa_srednica-10mm","31":"pa_waga-3-50g","33":"first","34":"instock","35":"purchasable","36":"product-type-simple"},"aioseo_notices":[],"_links":{"self":[{"href":"https:\/\/staviori.com.pl\/de\/wp-json\/wp\/v2\/product\/14750","targetHints":{"allow":["GET"]}}],"collection":[{"href":"https:\/\/staviori.com.pl\/de\/wp-json\/wp\/v2\/product"}],"about":[{"href":"https:\/\/staviori.com.pl\/de\/wp-json\/wp\/v2\/types\/product"}],"replies":[{"embeddable":true,"href":"https:\/\/staviori.com.pl\/de\/wp-json\/wp\/v2\/comments?post=14750"}],"wp:featuredmedia":[{"embeddable":true,"href":"https:\/\/staviori.com.pl\/de\/wp-json\/wp\/v2\/media\/3702"}],"wp:attachment":[{"href":"https:\/\/staviori.com.pl\/de\/wp-json\/wp\/v2\/media?parent=14750"}],"wp:term":[{"taxonomy":"product_brand","embeddable":true,"href":"https:\/\/staviori.com.pl\/de\/wp-json\/wp\/v2\/product_brand?post=14750"},{"taxonomy":"product_cat","embeddable":true,"href":"https:\/\/staviori.com.pl\/de\/wp-json\/wp\/v2\/product_cat?post=14750"},{"taxonomy":"product_tag","embeddable":true,"href":"https:\/\/staviori.com.pl\/de\/wp-json\/wp\/v2\/product_tag?post=14750"}],"curies":[{"name":"wp","href":"https:\/\/api.w.org\/{rel}","templated":true}]}}