{"id":14749,"date":"2025-02-24T22:47:11","date_gmt":"2025-02-24T21:47:11","guid":{"rendered":"https:\/\/staviori.com.pl\/product\/zlote-naszyjniki-nrx4343\/"},"modified":"2026-03-31T11:47:14","modified_gmt":"2026-03-31T09:47:14","slug":"zlote-naszyjniki-nrx4343","status":"publish","type":"product","link":"https:\/\/staviori.com.pl\/de\/product\/zlote-naszyjniki-nrx4343\/","title":{"rendered":"Gold-Halskette - Prominente - mit Kreuz - Ros\u00e9gold"},"content":{"rendered":"<p>Modell: NRX4343<br \/>\nGewicht ca. 0,80g<\/p>\n<p>Halskette.<br \/>\nRos\u00e9gold 0,585.<\/p>\n<p>Abmessungen 20,7\u00d712 mm.<br \/>\n0,6 mm breit.<\/p>\n<p>Einstellbare L\u00e4nge 42cm - 44cm.<\/p>","protected":false},"excerpt":{"rendered":"<p>Elegante Halskette aus Ros\u00e9gold mit einem dezenten kreuzf\u00f6rmigen Anh\u00e4nger. Minimalistische Form, Leichtigkeit und Zartheit machen dieses Modell perfekt f\u00fcr den t\u00e4glichen Stil und verleihen jedem Outfit einen einzigartigen Charakter. Dank der verstellbaren Kettenl\u00e4nge k\u00f6nnen Sie die Halskette perfekt an Ihr Dekollet\u00e9 anpassen. Eine ideale Wahl f\u00fcr alle, die Wert auf Symbolik und modernes, zeitloses Design legen.<\/p>","protected":false},"featured_media":18854,"comment_status":"closed","ping_status":"closed","template":"","meta":{"om_disable_all_campaigns":false},"product_brand":[2284],"product_cat":[719,2128,1930],"product_tag":[4184,3755,4186,4183,4187,2486,3848,3845,2384,2378,4181,4125,2336,4179,4185,4188,4182],"class_list":{"0":"post-14749","1":"product","2":"type-product","3":"status-publish","4":"has-post-thumbnail","6":"product_brand-staviori","7":"product_cat-naszyjniki","8":"product_cat-zlote-naszyjniki","9":"product_cat-zloto-2","10":"product_tag-cross","11":"product_tag-elegance","12":"product_tag-elegance-nahrdelnik","13":"product_tag-elegancja-necklace","14":"product_tag-krizek","15":"product_tag-krzyzyk","16":"product_tag-minimalist-jewelry","17":"product_tag-minimalisticke-sperky","18":"product_tag-minimalistyczna-bizuteria","19":"product_tag-naszyjnik","20":"product_tag-nrx4343","21":"product_tag-rose-gold","22":"product_tag-rozowe-zloto","23":"product_tag-ruzove-zlato","24":"product_tag-symbolic-gift","25":"product_tag-symbolicky-darek","26":"product_tag-symboliczny-prezent","27":"pa_dostawca-iza","28":"pa_kolor-rozowe","29":"pa_kruszec-zloto","30":"pa_motyw-krzyzyk","31":"pa_proba-0-585","32":"pa_szerokosc-0-6mm","33":"pa_waga-080g","34":"pa_wymiary-20-7x12mm","36":"first","37":"instock","38":"purchasable","39":"product-type-simple"},"aioseo_notices":[],"_links":{"self":[{"href":"https:\/\/staviori.com.pl\/de\/wp-json\/wp\/v2\/product\/14749","targetHints":{"allow":["GET"]}}],"collection":[{"href":"https:\/\/staviori.com.pl\/de\/wp-json\/wp\/v2\/product"}],"about":[{"href":"https:\/\/staviori.com.pl\/de\/wp-json\/wp\/v2\/types\/product"}],"replies":[{"embeddable":true,"href":"https:\/\/staviori.com.pl\/de\/wp-json\/wp\/v2\/comments?post=14749"}],"wp:featuredmedia":[{"embeddable":true,"href":"https:\/\/staviori.com.pl\/de\/wp-json\/wp\/v2\/media\/18854"}],"wp:attachment":[{"href":"https:\/\/staviori.com.pl\/de\/wp-json\/wp\/v2\/media?parent=14749"}],"wp:term":[{"taxonomy":"product_brand","embeddable":true,"href":"https:\/\/staviori.com.pl\/de\/wp-json\/wp\/v2\/product_brand?post=14749"},{"taxonomy":"product_cat","embeddable":true,"href":"https:\/\/staviori.com.pl\/de\/wp-json\/wp\/v2\/product_cat?post=14749"},{"taxonomy":"product_tag","embeddable":true,"href":"https:\/\/staviori.com.pl\/de\/wp-json\/wp\/v2\/product_tag?post=14749"}],"curies":[{"name":"wp","href":"https:\/\/api.w.org\/{rel}","templated":true}]}}