{"id":14746,"date":"2025-02-24T22:47:11","date_gmt":"2025-02-24T21:47:11","guid":{"rendered":"https:\/\/staviori.com.pl\/product\/naszyjnik-z-brylantami-nrd5900\/"},"modified":"2026-02-11T00:08:56","modified_gmt":"2026-02-10T23:08:56","slug":"naszyjnik-z-brylantami-nrd5900","status":"publish","type":"product","link":"https:\/\/staviori.com.pl\/de\/product\/naszyjnik-z-brylantami-nrd5900\/","title":{"rendered":"Celebrity-Halskette aus Ros\u00e9gold mit Diamanten"},"content":{"rendered":"<p>Model: NRD5900<br \/>\nGewicht ca. 0,59g<\/p>\n<p>Naszyjnik 43 cm.<br \/>\nRos\u00e9gold 0,585.<br \/>\n6 Diament\u00f3w, szlif brylantowy, o masie 0,06ct, barwa H, czysto\u015b\u0107 SI1-SI2.<\/p>\n<p>12 mm breit.<br \/>\nWysoko\u015b\u0107 1.2 mm.<br \/>\nGrubo\u015b\u0107 1 mm.<\/p>\n<p>Mo\u017cliwo\u015b\u0107 regulacji d\u0142ugo\u015bci 40cm lub 43cm.<\/p>","protected":false},"excerpt":{"rendered":"<p>Zachwycaj\u0105cy naszyjnik z r\u00f3\u017cowego z\u0142ota ozdobiony sze\u015bcioma l\u015bni\u0105cymi diamentami o brylantowym szlifie. Minimalistyczny, subtelny wz\u00f3r o prostok\u0105tnym kszta\u0142cie, kt\u00f3ry pi\u0119knie podkre\u015bli dekolt i doda blasku ka\u017cdej stylizacji. Delikatny \u0142a\u0144cuszek z mo\u017cliwo\u015bci\u0105 regulacji d\u0142ugo\u015bci sprawia, \u017ce naszyjnik doskonale sprawdzi si\u0119 zar\u00f3wno solo, jak i w zestawie z inn\u0105 bi\u017cuteri\u0105. Idealny wyb\u00f3r dla kobiet ceni\u0105cych nowoczesn\u0105 elegancj\u0119 oraz ponadczasowy styl.<\/p>","protected":false},"featured_media":3664,"comment_status":"closed","ping_status":"closed","template":"","meta":{"om_disable_all_campaigns":false},"product_brand":[2284],"product_cat":[1838,2120,719],"product_tag":[3754,3751,2296,3745,4177,4178,4180,4072,3848,3845,2384,2378,4176,4070,4125,2336,4179],"class_list":{"0":"post-14746","1":"product","2":"type-product","3":"status-publish","4":"has-post-thumbnail","6":"product_brand-staviori","7":"product_cat-diamenty","8":"product_cat-naszyjnik-z-brylantami","9":"product_cat-naszyjniki","10":"product_tag-darek","11":"product_tag-diamanty","12":"product_tag-diamenty","13":"product_tag-diamonds","14":"product_tag-elegancki-naszyjnik","15":"product_tag-elegant-necklace","16":"product_tag-elegantni-nahrdelnik","17":"product_tag-gift-nahrdelnik","18":"product_tag-minimalist-jewelry","19":"product_tag-minimalisticke-sperky","20":"product_tag-minimalistyczna-bizuteria","21":"product_tag-naszyjnik","22":"product_tag-nrd5900","23":"product_tag-prezent-necklace","24":"product_tag-rose-gold","25":"product_tag-rozowe-zloto","26":"product_tag-ruzove-zlato","27":"pa_barwa-h-2","28":"pa_czystosc-si1","29":"pa_dostawca-estrella","30":"pa_kamien-brylanty","31":"pa_kolor-rozowe","32":"pa_kruszec-zloto","33":"pa_proba-0-585","34":"pa_rozmiar-43cm","35":"pa_szerokosc-12mm","36":"pa_waga-0-59g","37":"pa_wysokosc-1-2mm","39":"first","40":"instock","41":"purchasable","42":"product-type-simple"},"aioseo_notices":[],"_links":{"self":[{"href":"https:\/\/staviori.com.pl\/de\/wp-json\/wp\/v2\/product\/14746","targetHints":{"allow":["GET"]}}],"collection":[{"href":"https:\/\/staviori.com.pl\/de\/wp-json\/wp\/v2\/product"}],"about":[{"href":"https:\/\/staviori.com.pl\/de\/wp-json\/wp\/v2\/types\/product"}],"replies":[{"embeddable":true,"href":"https:\/\/staviori.com.pl\/de\/wp-json\/wp\/v2\/comments?post=14746"}],"wp:featuredmedia":[{"embeddable":true,"href":"https:\/\/staviori.com.pl\/de\/wp-json\/wp\/v2\/media\/3664"}],"wp:attachment":[{"href":"https:\/\/staviori.com.pl\/de\/wp-json\/wp\/v2\/media?parent=14746"}],"wp:term":[{"taxonomy":"product_brand","embeddable":true,"href":"https:\/\/staviori.com.pl\/de\/wp-json\/wp\/v2\/product_brand?post=14746"},{"taxonomy":"product_cat","embeddable":true,"href":"https:\/\/staviori.com.pl\/de\/wp-json\/wp\/v2\/product_cat?post=14746"},{"taxonomy":"product_tag","embeddable":true,"href":"https:\/\/staviori.com.pl\/de\/wp-json\/wp\/v2\/product_tag?post=14746"}],"curies":[{"name":"wp","href":"https:\/\/api.w.org\/{rel}","templated":true}]}}