{"id":14744,"date":"2025-02-24T22:47:07","date_gmt":"2025-02-24T21:47:07","guid":{"rendered":"https:\/\/staviori.com.pl\/product\/naszyjnik-z-brylantami-nrd4206\/"},"modified":"2026-02-11T00:08:56","modified_gmt":"2026-02-10T23:08:56","slug":"naszyjnik-z-brylantami-nrd4206","status":"publish","type":"product","link":"https:\/\/staviori.com.pl\/de\/product\/naszyjnik-z-brylantami-nrd4206\/","title":{"rendered":"Prominente Diamant-Halskette aus Ros\u00e9gold"},"content":{"rendered":"<p>Model: NRD4206<br \/>\nWaga ok. 1,67g<\/p>\n<p>Naszyjnik 43 cm.<br \/>\nRos\u00e9gold 0,585.<br \/>\n1 Diament, szlif brylantowy, o masie 0,02ct, barwa H, czysto\u015b\u0107 SI2.<\/p>\n<p>\u015arednica 10 mm.<br \/>\nMo\u017cliwo\u015b\u0107 regulacji d\u0142ugo\u015bci 40cm lub 43cm.<\/p>\n<p>Produkt nur auf Anfrage erh\u00e4ltlich, Vorlaufzeit ca. 2 Wochen.<\/p>","protected":false},"excerpt":{"rendered":"<p>Delikatny naszyjnik z r\u00f3\u017cowego z\u0142ota pr\u00f3by 0,585 zachwyca subteln\u0105 form\u0105 i minimalistycznym charakterem. G\u0142adka, okr\u0105g\u0142a zawieszka zosta\u0142a ozdobiona brylantem o masie 0,02 ct, kt\u00f3ry nadaje ca\u0142o\u015bci wyj\u0105tkowego blasku i elegancji. To bi\u017cuteria idealna na co dzie\u0144 oraz wyj\u0105tkowy prezent dla os\u00f3b ceni\u0105cych nowoczesn\u0105 klasyk\u0119 i kobiecy urok. Mo\u017cliwo\u015b\u0107 regulacji d\u0142ugo\u015bci pozwala dopasowa\u0107 naszyjnik do ka\u017cdej stylizacji.<\/p>","protected":false},"featured_media":3640,"comment_status":"closed","ping_status":"closed","template":"","meta":{"om_disable_all_campaigns":false},"product_brand":[2284],"product_cat":[1838,6752,2120,719],"product_tag":[4124,4123,3722,4126,3710,3748,2614,3778,2464,4127,2378,4038,4122,2332,4125,2336],"class_list":{"0":"post-14744","1":"product","2":"type-product","3":"status-publish","4":"has-post-thumbnail","6":"product_brand-staviori","7":"product_cat-diamenty","8":"product_cat-kolekcja-staviori-must-have","9":"product_cat-naszyjnik-z-brylantami","10":"product_cat-naszyjniki","11":"product_tag-14k-gold","12":"product_tag-brylant","13":"product_tag-diament","14":"product_tag-diamond","15":"product_tag-elegancja","16":"product_tag-gift","17":"product_tag-kobieca-bizuteria","18":"product_tag-minimalist","19":"product_tag-minimalistyczny","20":"product_tag-modern-classic","21":"product_tag-naszyjnik","22":"product_tag-necklace","23":"product_tag-nrd4206","24":"product_tag-prezent","25":"product_tag-rose-gold","26":"product_tag-rozowe-zloto","27":"pa_barwa-h-2","28":"pa_czystosc-si2","29":"pa_dostawca-iza","30":"pa_kamien-brylant","31":"pa_kolor-rozowe","32":"pa_kruszec-zloto","33":"pa_proba-0-585","34":"pa_rozmiar-43cm","35":"pa_srednica-10mm","36":"pa_waga-1-67g","38":"first","39":"onbackorder","40":"purchasable","41":"product-type-simple"},"aioseo_notices":[],"_links":{"self":[{"href":"https:\/\/staviori.com.pl\/de\/wp-json\/wp\/v2\/product\/14744","targetHints":{"allow":["GET"]}}],"collection":[{"href":"https:\/\/staviori.com.pl\/de\/wp-json\/wp\/v2\/product"}],"about":[{"href":"https:\/\/staviori.com.pl\/de\/wp-json\/wp\/v2\/types\/product"}],"replies":[{"embeddable":true,"href":"https:\/\/staviori.com.pl\/de\/wp-json\/wp\/v2\/comments?post=14744"}],"wp:featuredmedia":[{"embeddable":true,"href":"https:\/\/staviori.com.pl\/de\/wp-json\/wp\/v2\/media\/3640"}],"wp:attachment":[{"href":"https:\/\/staviori.com.pl\/de\/wp-json\/wp\/v2\/media?parent=14744"}],"wp:term":[{"taxonomy":"product_brand","embeddable":true,"href":"https:\/\/staviori.com.pl\/de\/wp-json\/wp\/v2\/product_brand?post=14744"},{"taxonomy":"product_cat","embeddable":true,"href":"https:\/\/staviori.com.pl\/de\/wp-json\/wp\/v2\/product_cat?post=14744"},{"taxonomy":"product_tag","embeddable":true,"href":"https:\/\/staviori.com.pl\/de\/wp-json\/wp\/v2\/product_tag?post=14744"}],"curies":[{"name":"wp","href":"https:\/\/api.w.org\/{rel}","templated":true}]}}