{"id":14740,"date":"2025-02-24T22:47:07","date_gmt":"2025-02-24T21:47:07","guid":{"rendered":"https:\/\/staviori.com.pl\/product\/srebrne-naszyjniki-ndm2864\/"},"modified":"2026-02-11T00:08:56","modified_gmt":"2026-02-10T23:08:56","slug":"srebrne-naszyjniki-ndm2864","status":"publish","type":"product","link":"https:\/\/staviori.com.pl\/de\/product\/srebrne-naszyjniki-ndm2864\/","title":{"rendered":"Silberne wundersch\u00f6ne stattliche Halskette mit Perlmutt und Markasiten"},"content":{"rendered":"<p>Model: NDM2864<br \/>\nWaga ok. 43,00g<\/p>\n<p>Naszyjnik 46 cm.<br \/>\nSrebro rodowane i oksydowane 0,925.<br \/>\nMarkasiten.<br \/>\nMasa Per\u0142owa.<\/p>\n<p>Szeroko\u015b\u0107 18-4 mm.<\/p>","protected":false},"excerpt":{"rendered":"<p>Ol\u015bniewaj\u0105cy naszyjnik wykonany ze srebra rodowanego pr\u00f3by 0,925, zachwyca bogactwem detali i wyj\u0105tkowym blaskiem. Kompozycj\u0119 zdobi\u0105 szwajcarskie markazyty oraz efektowna masa per\u0142owa, kt\u00f3re razem tworz\u0105 niezwykle kobiec\u0105, eleganck\u0105 ca\u0142o\u015b\u0107. Bi\u017cuteria inspirowana stylem art d\u00e9co subtelnie podkre\u015bla szyj\u0119 i doda szyku ka\u017cdej stylizacji \u2013 zar\u00f3wno na wielkie wyj\u015bcie, jak i na co dzie\u0144. Dost\u0119pne s\u0105 r\u00f3wnie\u017c kolczyki i pier\u015bcionek do kompletu, dzi\u0119ki czemu mo\u017cesz stworzy\u0107 sp\u00f3jn\u0105 i niepowtarzaln\u0105 kolekcj\u0119.<\/p>","protected":false},"featured_media":3611,"comment_status":"closed","ping_status":"closed","template":"","meta":{"om_disable_all_campaigns":false},"product_brand":[2284],"product_cat":[719,2133,1817],"product_tag":[4105,2428,3710,1394,4106,4109,2425,2433,4110,2378,4104,4038,4108,2332,4111,2426,4107,4112],"class_list":{"0":"post-14740","1":"product","2":"type-product","3":"status-publish","4":"has-post-thumbnail","6":"product_brand-staviori","7":"product_cat-naszyjniki","8":"product_cat-srebrne-naszyjniki","9":"product_cat-srebro-2","10":"product_tag-art-deco","11":"product_tag-bizuteria-srebrna","12":"product_tag-elegancja","13":"product_tag-kolczyki","14":"product_tag-komplet","15":"product_tag-marcasite","16":"product_tag-markazyty","17":"product_tag-masa-perlowa","18":"product_tag-mother-of-pearl","19":"product_tag-naszyjnik","20":"product_tag-ndm2864","21":"product_tag-necklace","22":"product_tag-pierscionek","23":"product_tag-prezent","24":"product_tag-silver-jewelry","25":"product_tag-srebro-rodowane","26":"product_tag-styl-retro","27":"product_tag-vintage","28":"pa_dostawca-markazyty-hong","29":"pa_kamien-markazyty","30":"pa_kamien-masa-perlowa","31":"pa_kruszec-srebro","32":"pa_kruszec-srebro-oksydowane","33":"pa_kruszec-srebro-rodowane","34":"pa_proba-0-925","35":"pa_szerokosc-18-4mm","36":"pa_waga-43-00g","38":"first","39":"instock","40":"purchasable","41":"product-type-simple"},"aioseo_notices":[],"_links":{"self":[{"href":"https:\/\/staviori.com.pl\/de\/wp-json\/wp\/v2\/product\/14740","targetHints":{"allow":["GET"]}}],"collection":[{"href":"https:\/\/staviori.com.pl\/de\/wp-json\/wp\/v2\/product"}],"about":[{"href":"https:\/\/staviori.com.pl\/de\/wp-json\/wp\/v2\/types\/product"}],"replies":[{"embeddable":true,"href":"https:\/\/staviori.com.pl\/de\/wp-json\/wp\/v2\/comments?post=14740"}],"wp:featuredmedia":[{"embeddable":true,"href":"https:\/\/staviori.com.pl\/de\/wp-json\/wp\/v2\/media\/3611"}],"wp:attachment":[{"href":"https:\/\/staviori.com.pl\/de\/wp-json\/wp\/v2\/media?parent=14740"}],"wp:term":[{"taxonomy":"product_brand","embeddable":true,"href":"https:\/\/staviori.com.pl\/de\/wp-json\/wp\/v2\/product_brand?post=14740"},{"taxonomy":"product_cat","embeddable":true,"href":"https:\/\/staviori.com.pl\/de\/wp-json\/wp\/v2\/product_cat?post=14740"},{"taxonomy":"product_tag","embeddable":true,"href":"https:\/\/staviori.com.pl\/de\/wp-json\/wp\/v2\/product_tag?post=14740"}],"curies":[{"name":"wp","href":"https:\/\/api.w.org\/{rel}","templated":true}]}}