{"id":14736,"date":"2025-02-24T22:47:07","date_gmt":"2025-02-24T21:47:07","guid":{"rendered":"https:\/\/staviori.com.pl\/product\/zlote-naszyjniki-nbx4343\/"},"modified":"2026-03-31T11:47:22","modified_gmt":"2026-03-31T09:47:22","slug":"zlote-naszyjniki-nbx4343","status":"publish","type":"product","link":"https:\/\/staviori.com.pl\/de\/product\/zlote-naszyjniki-nbx4343\/","title":{"rendered":"Gold-Halskette - Ber\u00fchmtheit - mit Kreuz"},"content":{"rendered":"<p>Model: NBX4343<br \/>\nWaga ok. 0,84g<\/p>\n<p>Naszyjnik Krzy\u017cyk<br \/>\nWei\u00dfgold 0,585.<\/p>\n<p>Abmessungen 20,7\u00d712 mm.<br \/>\n0,6 mm breit.<\/p>\n<p>Einstellbare L\u00e4nge 42cm - 44cm.<\/p>","protected":false},"excerpt":{"rendered":"<p>Minimalistyczny naszyjnik z bia\u0142ego z\u0142ota pr\u00f3by 0,585 z subtelnym motywem krzy\u017cyka to ponadczasowa bi\u017cuteria dla os\u00f3b ceni\u0105cych klasyczn\u0105 elegancj\u0119 i symbolik\u0119. Delikatny \u0142a\u0144cuszek idealnie komponuje si\u0119 z prostym, l\u015bni\u0105cym krzy\u017cykiem, tworz\u0105c harmonijn\u0105 ca\u0142o\u015b\u0107, kt\u00f3ra doskonale sprawdzi si\u0119 zar\u00f3wno na co dzie\u0144, jak i na wyj\u0105tkowe okazje. Ten wyj\u0105tkowy naszyjnik b\u0119dzie pi\u0119knym i wyrazistym dodatkiem podkre\u015blaj\u0105cym indywidualny styl oraz warto\u015bci.<\/p>","protected":false},"featured_media":18788,"comment_status":"closed","ping_status":"closed","template":"","meta":{"om_disable_all_campaigns":false},"product_brand":[2284],"product_cat":[719,2128,1930],"product_tag":[2308,4090,3754,3710,2603,2486,3778,2464,2378,4088,2332,4079,4089],"class_list":{"0":"post-14736","1":"product","2":"type-product","3":"status-publish","4":"has-post-thumbnail","6":"product_brand-staviori","7":"product_cat-naszyjniki","8":"product_cat-zlote-naszyjniki","9":"product_cat-zloto-2","10":"product_tag-biale-zloto","11":"product_tag-cross-pendant","12":"product_tag-darek","13":"product_tag-elegancja","14":"product_tag-klasyczna-bizuteria","15":"product_tag-krzyzyk","16":"product_tag-minimalist","17":"product_tag-minimalistyczny","18":"product_tag-naszyjnik","19":"product_tag-nbx4343","20":"product_tag-prezent","21":"product_tag-subtelny","22":"product_tag-white-gold-necklace","23":"pa_dostawca-iza","24":"pa_kolor-biale","25":"pa_kruszec-zloto","26":"pa_motyw-krzyzyk","27":"pa_proba-0-585","28":"pa_szerokosc-0-6mm","29":"pa_waga-084g","30":"pa_wymiary-20-7x12mm","32":"first","33":"instock","34":"purchasable","35":"product-type-simple"},"aioseo_notices":[],"_links":{"self":[{"href":"https:\/\/staviori.com.pl\/de\/wp-json\/wp\/v2\/product\/14736","targetHints":{"allow":["GET"]}}],"collection":[{"href":"https:\/\/staviori.com.pl\/de\/wp-json\/wp\/v2\/product"}],"about":[{"href":"https:\/\/staviori.com.pl\/de\/wp-json\/wp\/v2\/types\/product"}],"replies":[{"embeddable":true,"href":"https:\/\/staviori.com.pl\/de\/wp-json\/wp\/v2\/comments?post=14736"}],"wp:featuredmedia":[{"embeddable":true,"href":"https:\/\/staviori.com.pl\/de\/wp-json\/wp\/v2\/media\/18788"}],"wp:attachment":[{"href":"https:\/\/staviori.com.pl\/de\/wp-json\/wp\/v2\/media?parent=14736"}],"wp:term":[{"taxonomy":"product_brand","embeddable":true,"href":"https:\/\/staviori.com.pl\/de\/wp-json\/wp\/v2\/product_brand?post=14736"},{"taxonomy":"product_cat","embeddable":true,"href":"https:\/\/staviori.com.pl\/de\/wp-json\/wp\/v2\/product_cat?post=14736"},{"taxonomy":"product_tag","embeddable":true,"href":"https:\/\/staviori.com.pl\/de\/wp-json\/wp\/v2\/product_tag?post=14736"}],"curies":[{"name":"wp","href":"https:\/\/api.w.org\/{rel}","templated":true}]}}