{"id":14732,"date":"2025-02-24T22:47:07","date_gmt":"2025-02-24T21:47:07","guid":{"rendered":"https:\/\/staviori.com.pl\/product\/naszyjnik-z-brylantami-nbd6105\/"},"modified":"2026-02-11T00:08:55","modified_gmt":"2026-02-10T23:08:55","slug":"naszyjnik-z-brylantami-nbd6105","status":"publish","type":"product","link":"https:\/\/staviori.com.pl\/de\/product\/naszyjnik-z-brylantami-nbd6105\/","title":{"rendered":"Exklusive | Herz-Halskette mit Birnen-Diamanten in 18k Gold"},"content":{"rendered":"<p>Model: NBD6105<br \/>\nWaga ok. 2,60g<\/p>\n<p>Halskette 42 cm.<br \/>\nWei\u00dfgold 0,750.<br \/>\n1 Diament, szlif brylantowy, o masie 0,09ct, barwa G, czysto\u015b\u0107 VS1-SI2.<br \/>\n2 Diamenty, szlif gruszka, o masie 0,20ct, barwa G, czysto\u015b\u0107 VS1-SI2.<\/p>\n<p>Kann auch in einer anderen Goldfarbe hergestellt werden.<br \/>\nWymiary 5.5&#215;5.5 mm.<\/p>\n<p>Przepi\u0119kny naszyjnik z 18-karatowego z\u0142ota z najwy\u017cszej klasy diamentami uk\u0142adaj\u0105cymi si\u0119 w kszta\u0142t serca. Nie ma w\u0105tpliwo\u015bci, i\u017c wyra\u017ca on w pe\u0142ni to najpi\u0119kniejsze z uczu\u0107.<br \/>\n<strong>W przypadku braku na stanie &#8211; produkt dost\u0119pny na zam\u00f3wienie. Termin realizacji oko\u0142o 2 tygodni.<\/strong><\/p>","protected":false},"excerpt":{"rendered":"<p>Przepi\u0119kny naszyjnik z bia\u0142ego z\u0142ota pr\u00f3by 0,750, ozdobiony trzema diamentami najwy\u017cszej klasy, kt\u00f3re uk\u0142adaj\u0105 si\u0119 w uroczy kszta\u0142t serca. Subtelny \u0142a\u0144cuszek i szlachetne kamienie sprawiaj\u0105, \u017ce ca\u0142o\u015b\u0107 prezentuje si\u0119 niezwykle elegancko i ponadczasowo. Ten wyj\u0105tkowy naszyjnik to symbol najpi\u0119kniejszych uczu\u0107 \u2013 doskona\u0142y wyb\u00f3r na prezent dla ukochanej osoby lub wyj\u0105tkowy dodatek na ka\u017cd\u0105 okazj\u0119. Mo\u017cliwo\u015b\u0107 wykonania w innym kolorze z\u0142ota pozwala na pe\u0142n\u0105 personalizacj\u0119.<\/p>","protected":false},"featured_media":3571,"comment_status":"closed","ping_status":"closed","template":"","meta":{"om_disable_all_campaigns":false},"product_brand":[2284],"product_cat":[1803,1838,6752,2120,719],"product_tag":[4095,4131,2308,3720,2296,4126,3710,4130,3717,4132,3764,1415,2378,4128,4133,4129,1414],"class_list":{"0":"post-14732","1":"product","2":"type-product","3":"status-publish","4":"has-post-thumbnail","6":"product_brand-staviori","7":"product_cat-brylanty-exclusive","8":"product_cat-diamenty","9":"product_cat-kolekcja-staviori-must-have","10":"product_cat-naszyjnik-z-brylantami","11":"product_cat-naszyjniki","12":"product_tag-18k-gold","13":"product_tag-anniversary","14":"product_tag-biale-zloto","15":"product_tag-bizuteria","16":"product_tag-diamenty","17":"product_tag-diamond","18":"product_tag-elegancja","19":"product_tag-heart-necklace","20":"product_tag-klasyka","21":"product_tag-love","22":"product_tag-luxury","23":"product_tag-milosc","24":"product_tag-naszyjnik","25":"product_tag-nbd6105","26":"product_tag-personalized","27":"product_tag-prezent-dla-ukochanej","28":"product_tag-serce","29":"pa_barwa-g-2","30":"pa_czystosc-vs1","31":"pa_dostawca-hosgor","32":"pa_kamien-brylant","33":"pa_kamien-diamenty-o-szlifie-gruszkowym","34":"pa_kolor-biale","35":"pa_kruszec-zloto","36":"pa_motyw-serce","37":"pa_proba-0-750","38":"pa_rozmiar-42cm","39":"pa_waga-2-60g","40":"pa_wymiary-5-5x5-5mm","42":"first","43":"instock","44":"purchasable","45":"product-type-simple"},"aioseo_notices":[],"_links":{"self":[{"href":"https:\/\/staviori.com.pl\/de\/wp-json\/wp\/v2\/product\/14732","targetHints":{"allow":["GET"]}}],"collection":[{"href":"https:\/\/staviori.com.pl\/de\/wp-json\/wp\/v2\/product"}],"about":[{"href":"https:\/\/staviori.com.pl\/de\/wp-json\/wp\/v2\/types\/product"}],"replies":[{"embeddable":true,"href":"https:\/\/staviori.com.pl\/de\/wp-json\/wp\/v2\/comments?post=14732"}],"wp:featuredmedia":[{"embeddable":true,"href":"https:\/\/staviori.com.pl\/de\/wp-json\/wp\/v2\/media\/3571"}],"wp:attachment":[{"href":"https:\/\/staviori.com.pl\/de\/wp-json\/wp\/v2\/media?parent=14732"}],"wp:term":[{"taxonomy":"product_brand","embeddable":true,"href":"https:\/\/staviori.com.pl\/de\/wp-json\/wp\/v2\/product_brand?post=14732"},{"taxonomy":"product_cat","embeddable":true,"href":"https:\/\/staviori.com.pl\/de\/wp-json\/wp\/v2\/product_cat?post=14732"},{"taxonomy":"product_tag","embeddable":true,"href":"https:\/\/staviori.com.pl\/de\/wp-json\/wp\/v2\/product_tag?post=14732"}],"curies":[{"name":"wp","href":"https:\/\/api.w.org\/{rel}","templated":true}]}}