{"id":14730,"date":"2025-02-24T22:47:07","date_gmt":"2025-02-24T21:47:07","guid":{"rendered":"https:\/\/staviori.com.pl\/product\/naszyjnik-z-brylantami-nbd6093\/"},"modified":"2026-02-11T00:08:55","modified_gmt":"2026-02-10T23:08:55","slug":"naszyjnik-z-brylantami-nbd6093","status":"publish","type":"product","link":"https:\/\/staviori.com.pl\/de\/product\/naszyjnik-z-brylantami-nbd6093\/","title":{"rendered":"Halskette aus 18 Karat Wei\u00dfgold mit Diamanten"},"content":{"rendered":"<p>Model: NBD6093<br \/>\nGewicht ca. 2,80g<\/p>\n<p>Halskette 42 cm.<br \/>\nWei\u00dfgold 0,750.<br \/>\n1 Diament, szlif markiza, o masie 0,09ct, barwa G, czysto\u015b\u0107 VS1-SI2.<br \/>\n2 Diamenty, szlif gruszka, o masie 0,28ct, barwa G, czysto\u015b\u0107 VS1-SI2.<br \/>\n7 Diament\u00f3w, szlif brylantowy, o masie 0,19ct, barwa G, czysto\u015b\u0107 VS1-SI2.<\/p>\n<p>Kann auch in einer anderen Goldfarbe hergestellt werden.<br \/>\nProdukt nur auf Anfrage erh\u00e4ltlich, Vorlaufzeit ca. 2 Wochen.<\/p>","protected":false},"excerpt":{"rendered":"<p>Wyj\u0105tkowy naszyjnik z bia\u0142ego z\u0142ota pr\u00f3by 0,750 z kompozycj\u0105 l\u015bni\u0105cych diament\u00f3w o r\u00f3\u017cnych szlifach \u2013 markiza, gruszka i brylantowy. Subtelna forma kwiatu zachwyca blaskiem oraz perfekcyjnym po\u0142\u0105czeniem kszta\u0142t\u00f3w i kolor\u00f3w, tworz\u0105c niezwykle efektown\u0105 ozdob\u0119 na dekolcie. Idealny wyb\u00f3r zar\u00f3wno na co dzie\u0144, jak i na eleganckie wyj\u015bcia. Istnieje mo\u017cliwo\u015b\u0107 wykonania naszyjnika w innym kolorze z\u0142ota.<\/p>","protected":false},"featured_media":3561,"comment_status":"closed","ping_status":"closed","template":"","meta":{"om_disable_all_campaigns":false},"product_brand":[2284],"product_cat":[1803,1838,2120,719],"product_tag":[2308,4062,2296,3745,3710,4149,4138,4136,4162,2378,4160,4038,4163,2332,2846,2989,4161,3777],"class_list":{"0":"post-14730","1":"product","2":"type-product","3":"status-publish","4":"has-post-thumbnail","6":"product_brand-staviori","7":"product_cat-brylanty-exclusive","8":"product_cat-diamenty","9":"product_cat-naszyjnik-z-brylantami","10":"product_cat-naszyjniki","11":"product_tag-biale-zloto","12":"product_tag-brilliant-cut","13":"product_tag-diamenty","14":"product_tag-diamonds","15":"product_tag-elegancja","16":"product_tag-fine-jewelry","17":"product_tag-flower","18":"product_tag-kwiat","19":"product_tag-marquise-cut","20":"product_tag-naszyjnik","21":"product_tag-nbd6093","22":"product_tag-necklace","23":"product_tag-pear-cut","24":"product_tag-prezent","25":"product_tag-szlif-brylantowy","26":"product_tag-szlif-gruszka","27":"product_tag-szlif-markiza","28":"product_tag-white-gold","29":"pa_barwa-g-2","30":"pa_czystosc-vs1","31":"pa_dostawca-hosgor","32":"pa_kamien-brylanty","33":"pa_kolor-biale","34":"pa_kruszec-zloto","35":"pa_motyw-gwiazda","36":"pa_motyw-kwiatek","37":"pa_proba-0-750","38":"pa_rozmiar-42cm","39":"pa_waga-2-80g","41":"first","42":"onbackorder","43":"purchasable","44":"product-type-simple"},"aioseo_notices":[],"_links":{"self":[{"href":"https:\/\/staviori.com.pl\/de\/wp-json\/wp\/v2\/product\/14730","targetHints":{"allow":["GET"]}}],"collection":[{"href":"https:\/\/staviori.com.pl\/de\/wp-json\/wp\/v2\/product"}],"about":[{"href":"https:\/\/staviori.com.pl\/de\/wp-json\/wp\/v2\/types\/product"}],"replies":[{"embeddable":true,"href":"https:\/\/staviori.com.pl\/de\/wp-json\/wp\/v2\/comments?post=14730"}],"wp:featuredmedia":[{"embeddable":true,"href":"https:\/\/staviori.com.pl\/de\/wp-json\/wp\/v2\/media\/3561"}],"wp:attachment":[{"href":"https:\/\/staviori.com.pl\/de\/wp-json\/wp\/v2\/media?parent=14730"}],"wp:term":[{"taxonomy":"product_brand","embeddable":true,"href":"https:\/\/staviori.com.pl\/de\/wp-json\/wp\/v2\/product_brand?post=14730"},{"taxonomy":"product_cat","embeddable":true,"href":"https:\/\/staviori.com.pl\/de\/wp-json\/wp\/v2\/product_cat?post=14730"},{"taxonomy":"product_tag","embeddable":true,"href":"https:\/\/staviori.com.pl\/de\/wp-json\/wp\/v2\/product_tag?post=14730"}],"curies":[{"name":"wp","href":"https:\/\/api.w.org\/{rel}","templated":true}]}}