{"id":14729,"date":"2025-02-24T22:47:07","date_gmt":"2025-02-24T21:47:07","guid":{"rendered":"https:\/\/staviori.com.pl\/product\/naszyjnik-z-brylantami-nbd6090s\/"},"modified":"2026-02-11T00:08:55","modified_gmt":"2026-02-10T23:08:55","slug":"naszyjnik-z-brylantami-nbd6090s","status":"publish","type":"product","link":"https:\/\/staviori.com.pl\/de\/product\/naszyjnik-z-brylantami-nbd6090s\/","title":{"rendered":"Tr\u00e4nenhalskette mit Saphiren und Diamanten"},"content":{"rendered":"<p>Modell: NBD6090S<br \/>\nGewicht ca. 1,50g<\/p>\n<p>Halskette 42 cm.<br \/>\nWei\u00dfgold 0,750.<\/p>\n<p>18 Diamanten, Brillantschliff, Gewicht 0,04ct, Farbe G, Reinheit VS1-SI2.<br \/>\n1 Saphir, Gewicht 0,15ct.<\/p>\n<p>Kann auch in einer anderen Goldfarbe hergestellt werden.<br \/>\nAbmessungen 5\u00d77 mm.<\/p>","protected":false},"excerpt":{"rendered":"<p>Elegantes Collier aus 0,750er Wei\u00dfgold, dessen Herzst\u00fcck ein sch\u00f6ner tropfenf\u00f6rmiger Saphir von 0,15 Karat ist, der von 18 funkelnden Diamanten umgeben ist. Die harmonische Kombination aus dem tiefen Granat des Saphirs und der Brillanz der Diamanten verleiht dem Schmuckst\u00fcck einen einzigartigen, luxuri\u00f6sen Charakter. Dieses subtile Collier eignet sich sowohl f\u00fcr den Alltag als auch f\u00fcr besondere Anl\u00e4sse. Sie kann auch in einer anderen Goldfarbe angefertigt werden.<\/p>","protected":false},"featured_media":3556,"comment_status":"closed","ping_status":"closed","template":"","meta":{"om_disable_all_campaigns":false},"product_brand":[2284],"product_cat":[1838,2120,719],"product_tag":[2337,2308,2880,2301,2296,4126,3710,4149,4139,3717,4157,3727,2378,4156,4159,4154,4153,4158,3777],"class_list":{"0":"post-14729","1":"product","2":"type-product","3":"status-publish","4":"has-post-thumbnail","6":"product_brand-staviori","7":"product_cat-diamenty","8":"product_cat-naszyjnik-z-brylantami","9":"product_cat-naszyjniki","10":"product_tag-2337","11":"product_tag-biale-zloto","12":"product_tag-bizuteria-na-prezent","13":"product_tag-brylanty","14":"product_tag-diamenty","15":"product_tag-diamond","16":"product_tag-elegancja","17":"product_tag-fine-jewelry","18":"product_tag-jewelry","19":"product_tag-klasyka","20":"product_tag-lezka","21":"product_tag-luksus","22":"product_tag-naszyjnik","23":"product_tag-nbd6090s","24":"product_tag-pear-shape","25":"product_tag-sapphire","26":"product_tag-szafir","27":"product_tag-tear","28":"product_tag-white-gold","29":"pa_barwa-g-2","30":"pa_czystosc-vs1","31":"pa_dostawca-hosgor","32":"pa_kamien-brylanty","33":"pa_kamien-szafir","34":"pa_kolor-biale","35":"pa_kruszec-zloto","36":"pa_proba-0-750","37":"pa_rozmiar-42cm","38":"pa_waga-1-50g","39":"pa_wymiary-5x7mm","41":"first","42":"instock","43":"purchasable","44":"product-type-simple"},"aioseo_notices":[],"_links":{"self":[{"href":"https:\/\/staviori.com.pl\/de\/wp-json\/wp\/v2\/product\/14729","targetHints":{"allow":["GET"]}}],"collection":[{"href":"https:\/\/staviori.com.pl\/de\/wp-json\/wp\/v2\/product"}],"about":[{"href":"https:\/\/staviori.com.pl\/de\/wp-json\/wp\/v2\/types\/product"}],"replies":[{"embeddable":true,"href":"https:\/\/staviori.com.pl\/de\/wp-json\/wp\/v2\/comments?post=14729"}],"wp:featuredmedia":[{"embeddable":true,"href":"https:\/\/staviori.com.pl\/de\/wp-json\/wp\/v2\/media\/3556"}],"wp:attachment":[{"href":"https:\/\/staviori.com.pl\/de\/wp-json\/wp\/v2\/media?parent=14729"}],"wp:term":[{"taxonomy":"product_brand","embeddable":true,"href":"https:\/\/staviori.com.pl\/de\/wp-json\/wp\/v2\/product_brand?post=14729"},{"taxonomy":"product_cat","embeddable":true,"href":"https:\/\/staviori.com.pl\/de\/wp-json\/wp\/v2\/product_cat?post=14729"},{"taxonomy":"product_tag","embeddable":true,"href":"https:\/\/staviori.com.pl\/de\/wp-json\/wp\/v2\/product_tag?post=14729"}],"curies":[{"name":"wp","href":"https:\/\/api.w.org\/{rel}","templated":true}]}}