{"id":14728,"date":"2025-02-24T22:47:07","date_gmt":"2025-02-24T21:47:07","guid":{"rendered":"https:\/\/staviori.com.pl\/product\/naszyjnik-z-brylantami-nbd6000s\/"},"modified":"2026-02-11T00:08:55","modified_gmt":"2026-02-10T23:08:55","slug":"naszyjnik-z-brylantami-nbd6000s","status":"publish","type":"product","link":"https:\/\/staviori.com.pl\/de\/product\/naszyjnik-z-brylantami-nbd6000s\/","title":{"rendered":"Ovale Halskette mit Saphiren und Diamanten"},"content":{"rendered":"<p>Model: NBD6000S<br \/>\nGewicht ca. 1,50g<\/p>\n<p>Halskette 42 cm.<br \/>\nWei\u00dfgold 0,750.<br \/>\n22 Diamenty, szlif brylantowy, o masie 0,06ct, barwa G, czysto\u015b\u0107 VS2-SI1.<br \/>\n1 Szafir, o masie 0,45ct.<\/p>\n<p>D\u0142ugo\u015b\u0107 8 mm.<br \/>\n6 mm breit.<\/p>\n<p>Kann auch in einer anderen Goldfarbe hergestellt werden.<br \/>\nProdukt nur auf Anfrage erh\u00e4ltlich, Vorlaufzeit ca. 2 Wochen.<\/p>","protected":false},"excerpt":{"rendered":"<p>Zachwycaj\u0105cy naszyjnik z bia\u0142ego z\u0142ota pr\u00f3by 0,750, kt\u00f3rego centralnym punktem jest naturalny szafir o masie 0,45 ct, otoczony 22 l\u015bni\u0105cymi brylantami. Szlachetna oprawa podkre\u015bla g\u0142\u0119bi\u0119 granatowego kamienia, nadaj\u0105c ca\u0142o\u015bci ponadczasowy i wyj\u0105tkowo elegancki charakter. Ten model to doskona\u0142y wyb\u00f3r dla kobiet ceni\u0105cych klasyczn\u0105 bi\u017cuteri\u0119 w luksusowym wydaniu. Istnieje mo\u017cliwo\u015b\u0107 wykonania naszyjnika w innym kolorze z\u0142ota, by idealnie dopasowa\u0107 go do Twojego stylu.<\/p>","protected":false},"featured_media":3551,"comment_status":"closed","ping_status":"closed","template":"","meta":{"om_disable_all_campaigns":false},"product_brand":[2284],"product_cat":[1803,1838,2120,719],"product_tag":[2308,2792,2301,2296,4126,3779,4149,4155,3717,3727,2378,4152,2332,4154,4153,3777,4151],"class_list":{"0":"post-14728","1":"product","2":"type-product","3":"status-publish","4":"has-post-thumbnail","6":"product_brand-staviori","7":"product_cat-brylanty-exclusive","8":"product_cat-diamenty","9":"product_cat-naszyjnik-z-brylantami","10":"product_cat-naszyjniki","11":"product_tag-biale-zloto","12":"product_tag-bizuteria-z-szafirem","13":"product_tag-brylanty","14":"product_tag-diamenty","15":"product_tag-diamond","16":"product_tag-elegant","17":"product_tag-fine-jewelry","18":"product_tag-handmade","19":"product_tag-klasyka","20":"product_tag-luksus","21":"product_tag-naszyjnik","22":"product_tag-nbd6000s","23":"product_tag-prezent","24":"product_tag-sapphire","25":"product_tag-szafir","26":"product_tag-white-gold","27":"product_tag-wieczorowa","28":"pa_barwa-g-2","29":"pa_czystosc-vs2","30":"pa_dlugosc-8mm","31":"pa_dostawca-hosgor","32":"pa_kamien-brylanty","33":"pa_kamien-szafir","34":"pa_kolor-biale","35":"pa_kruszec-zloto","36":"pa_proba-0-750","37":"pa_rozmiar-42cm","38":"pa_szerokosc-6mm","39":"pa_waga-1-50g","41":"first","42":"onbackorder","43":"purchasable","44":"product-type-simple"},"aioseo_notices":[],"_links":{"self":[{"href":"https:\/\/staviori.com.pl\/de\/wp-json\/wp\/v2\/product\/14728","targetHints":{"allow":["GET"]}}],"collection":[{"href":"https:\/\/staviori.com.pl\/de\/wp-json\/wp\/v2\/product"}],"about":[{"href":"https:\/\/staviori.com.pl\/de\/wp-json\/wp\/v2\/types\/product"}],"replies":[{"embeddable":true,"href":"https:\/\/staviori.com.pl\/de\/wp-json\/wp\/v2\/comments?post=14728"}],"wp:featuredmedia":[{"embeddable":true,"href":"https:\/\/staviori.com.pl\/de\/wp-json\/wp\/v2\/media\/3551"}],"wp:attachment":[{"href":"https:\/\/staviori.com.pl\/de\/wp-json\/wp\/v2\/media?parent=14728"}],"wp:term":[{"taxonomy":"product_brand","embeddable":true,"href":"https:\/\/staviori.com.pl\/de\/wp-json\/wp\/v2\/product_brand?post=14728"},{"taxonomy":"product_cat","embeddable":true,"href":"https:\/\/staviori.com.pl\/de\/wp-json\/wp\/v2\/product_cat?post=14728"},{"taxonomy":"product_tag","embeddable":true,"href":"https:\/\/staviori.com.pl\/de\/wp-json\/wp\/v2\/product_tag?post=14728"}],"curies":[{"name":"wp","href":"https:\/\/api.w.org\/{rel}","templated":true}]}}