{"id":14724,"date":"2025-02-24T22:47:03","date_gmt":"2025-02-24T21:47:03","guid":{"rendered":"https:\/\/staviori.com.pl\/product\/bizuteria-inwestycyjna-naszyjnik-nbd4000\/"},"modified":"2026-02-11T00:08:55","modified_gmt":"2026-02-10T23:08:55","slug":"bizuteria-inwestycyjna-naszyjnik-nbd4000","status":"publish","type":"product","link":"https:\/\/staviori.com.pl\/de\/product\/bizuteria-inwestycyjna-naszyjnik-nbd4000\/","title":{"rendered":"Exklusive | stattliche Halskette aus Rosen und Diamanten"},"content":{"rendered":"<p>Model: DDN0689<br \/>\nWaga ok. 60,74g<\/p>\n<p>Halskette 42 cm.<br \/>\nWei\u00dfgold 0,750.<br \/>\n1236 Diament\u00f3w, szlif brylantowy, o masie 6,46 ct., barwa G-H, czysto\u015b\u0107 SI1.<\/p>\n<p>\u015arednica 13-16.5 mm.<br \/>\nGrubo\u015b\u0107 5.3-4.2 mm.<\/p>\n<p><strong>Produkt nur auf Anfrage erh\u00e4ltlich, Vorlaufzeit ca. 5 Wochen.<\/strong><\/p>","protected":false},"excerpt":{"rendered":"<p>Spektakularny naszyjnik z bia\u0142ego z\u0142ota pr\u00f3by 0,750, misternie zdobiony motywami r\u00f3\u017c, wysadzany a\u017c 1236 brylantami o \u0142\u0105cznej masie 6,46 ct. To prawdziwe dzie\u0142o jubilerskiej sztuki, kt\u00f3re zachwyca bogactwem detali i niezwyk\u0142ym blaskiem. Ka\u017cda r\u00f3\u017ca zosta\u0142a precyzyjnie wykonana, podkre\u015blaj\u0105c luksusowy charakter bi\u017cuterii. Naszyjnik ten idealnie dope\u0142ni eleganck\u0105 stylizacj\u0119 na wyj\u0105tkowe okazje, podkre\u015blaj\u0105c wyrafinowany styl i klas\u0119 w\u0142a\u015bcicielki.<\/p>","protected":false},"featured_media":18783,"comment_status":"closed","ping_status":"closed","template":"","meta":{"om_disable_all_campaigns":false},"product_brand":[2284],"product_cat":[1803,6895,719],"product_tag":[2308,4085,2296,4082,3710,4083,3727,2378,4080,4081,4084],"class_list":{"0":"post-14724","1":"product","2":"type-product","3":"status-publish","4":"has-post-thumbnail","6":"product_brand-staviori","7":"product_cat-brylanty-exclusive","8":"product_cat-naszyjnik","9":"product_cat-naszyjniki","10":"product_tag-biale-zloto","11":"product_tag-ddn0689","12":"product_tag-diamenty","13":"product_tag-ekskluzywny","14":"product_tag-elegancja","15":"product_tag-jubilerskie-dzielo","16":"product_tag-luksus","17":"product_tag-naszyjnik","18":"product_tag-nbd4000","19":"product_tag-roze","20":"product_tag-wyjatkowy-prezent","21":"pa_barwa-g-h","22":"pa_czystosc-si1","23":"pa_dostawca-draco","24":"pa_grubosc-5-3-4-2mm","25":"pa_kamien-brylanty","26":"pa_kolor-biale","27":"pa_kruszec-zloto","28":"pa_proba-0-750","29":"pa_srednica-13-16-5mm","30":"pa_waga-60-74g","32":"first","33":"onbackorder","34":"purchasable","35":"product-type-simple"},"aioseo_notices":[],"_links":{"self":[{"href":"https:\/\/staviori.com.pl\/de\/wp-json\/wp\/v2\/product\/14724","targetHints":{"allow":["GET"]}}],"collection":[{"href":"https:\/\/staviori.com.pl\/de\/wp-json\/wp\/v2\/product"}],"about":[{"href":"https:\/\/staviori.com.pl\/de\/wp-json\/wp\/v2\/types\/product"}],"replies":[{"embeddable":true,"href":"https:\/\/staviori.com.pl\/de\/wp-json\/wp\/v2\/comments?post=14724"}],"wp:featuredmedia":[{"embeddable":true,"href":"https:\/\/staviori.com.pl\/de\/wp-json\/wp\/v2\/media\/18783"}],"wp:attachment":[{"href":"https:\/\/staviori.com.pl\/de\/wp-json\/wp\/v2\/media?parent=14724"}],"wp:term":[{"taxonomy":"product_brand","embeddable":true,"href":"https:\/\/staviori.com.pl\/de\/wp-json\/wp\/v2\/product_brand?post=14724"},{"taxonomy":"product_cat","embeddable":true,"href":"https:\/\/staviori.com.pl\/de\/wp-json\/wp\/v2\/product_cat?post=14724"},{"taxonomy":"product_tag","embeddable":true,"href":"https:\/\/staviori.com.pl\/de\/wp-json\/wp\/v2\/product_tag?post=14724"}],"curies":[{"name":"wp","href":"https:\/\/api.w.org\/{rel}","templated":true}]}}