{"id":14723,"date":"2025-02-24T22:47:03","date_gmt":"2025-02-24T21:47:03","guid":{"rendered":"https:\/\/staviori.com.pl\/product\/bizuteria-inwestycyjna-naszyjnik-nbd3999\/"},"modified":"2026-02-11T00:08:55","modified_gmt":"2026-02-10T23:08:55","slug":"bizuteria-inwestycyjna-naszyjnik-nbd3999","status":"publish","type":"product","link":"https:\/\/staviori.com.pl\/de\/product\/bizuteria-inwestycyjna-naszyjnik-nbd3999\/","title":{"rendered":"Exklusive Tennis-Halskette mit pr\u00e4chtigen Diamanten"},"content":{"rendered":"<p>Model: DDN0871<br \/>\nWaga ok. 11,24g<\/p>\n<p>Halskette 42 cm.<br \/>\nWei\u00dfgold 0,750.<br \/>\n202 Diamenty, szlif brylantowy, o masie ok. 4,93ct, barwa G-H, czysto\u015b\u0107 SI1.<\/p>\n<p>Szeroko\u015b\u0107 2.6 mm.<br \/>\nGrubo\u015b\u0107 2.2 mm.<\/p>\n<p><strong>Produkt nur auf Anfrage erh\u00e4ltlich, Vorlaufzeit ca. 5 Wochen.<\/strong><br \/>\n<strong>Kolor z\u0142ota dowolnie do wyboru.<\/strong><\/p>","protected":false},"excerpt":{"rendered":"<p>Klasyczny i niezwykle elegancki naszyjnik typu tennis, wykonany z bia\u0142ego z\u0142ota pr\u00f3by 0,750. Model DDN0871 zachwyca ponadczasowym wzornictwem oraz blaskiem 202 diament\u00f3w o \u0142\u0105cznej masie 4,93 ct. Ka\u017cdy z brylant\u00f3w zosta\u0142 starannie oprawiony, tworz\u0105c perfekcyjny, jednolity rz\u0105d, kt\u00f3ry pi\u0119knie uk\u0142ada si\u0119 na szyi. Ten wyj\u0105tkowy naszyjnik to kwintesencja luksusu i doskona\u0142y wyb\u00f3r dla kobiet ceni\u0105cych subteln\u0105, a zarazem wyrafinowan\u0105 bi\u017cuteri\u0119.<\/p>","protected":false},"featured_media":3520,"comment_status":"closed","ping_status":"closed","template":"","meta":{"om_disable_all_campaigns":false},"product_brand":[2284],"product_cat":[1803,6895,719],"product_tag":[2308,2301,4050,2296,4055,2317,4053,2280,3747,2378,4051,2332,4052,4054],"class_list":{"0":"post-14723","1":"product","2":"type-product","3":"status-publish","4":"has-post-thumbnail","6":"product_brand-staviori","7":"product_cat-brylanty-exclusive","8":"product_cat-naszyjnik","9":"product_cat-naszyjniki","10":"product_tag-biale-zloto","11":"product_tag-brylanty","12":"product_tag-ddn0871","13":"product_tag-diamenty","14":"product_tag-diamond-necklace","15":"product_tag-elegancka-bizuteria","16":"product_tag-jubiler","17":"product_tag-luksusowa-bizuteria","18":"product_tag-luxury-jewelry","19":"product_tag-naszyjnik","20":"product_tag-nbd3999","21":"product_tag-prezent","22":"product_tag-tennis","23":"product_tag-tennis-necklace","24":"pa_barwa-g-h","25":"pa_czystosc-si1","26":"pa_dostawca-draco","27":"pa_grubosc-2-2mm","28":"pa_kamien-brylanty","29":"pa_kolor-biale","30":"pa_kruszec-zloto","31":"pa_proba-0-750","32":"pa_szerokosc-2-6mm","33":"pa_waga-11-24g","35":"first","36":"onbackorder","37":"purchasable","38":"product-type-simple"},"aioseo_notices":[],"_links":{"self":[{"href":"https:\/\/staviori.com.pl\/de\/wp-json\/wp\/v2\/product\/14723","targetHints":{"allow":["GET"]}}],"collection":[{"href":"https:\/\/staviori.com.pl\/de\/wp-json\/wp\/v2\/product"}],"about":[{"href":"https:\/\/staviori.com.pl\/de\/wp-json\/wp\/v2\/types\/product"}],"replies":[{"embeddable":true,"href":"https:\/\/staviori.com.pl\/de\/wp-json\/wp\/v2\/comments?post=14723"}],"wp:featuredmedia":[{"embeddable":true,"href":"https:\/\/staviori.com.pl\/de\/wp-json\/wp\/v2\/media\/3520"}],"wp:attachment":[{"href":"https:\/\/staviori.com.pl\/de\/wp-json\/wp\/v2\/media?parent=14723"}],"wp:term":[{"taxonomy":"product_brand","embeddable":true,"href":"https:\/\/staviori.com.pl\/de\/wp-json\/wp\/v2\/product_brand?post=14723"},{"taxonomy":"product_cat","embeddable":true,"href":"https:\/\/staviori.com.pl\/de\/wp-json\/wp\/v2\/product_cat?post=14723"},{"taxonomy":"product_tag","embeddable":true,"href":"https:\/\/staviori.com.pl\/de\/wp-json\/wp\/v2\/product_tag?post=14723"}],"curies":[{"name":"wp","href":"https:\/\/api.w.org\/{rel}","templated":true}]}}