{"id":14716,"date":"2025-02-24T22:47:03","date_gmt":"2025-02-24T21:47:03","guid":{"rendered":"https:\/\/staviori.com.pl\/product\/bizuteria-inwestycyjna-wisiorek-nbd3928\/"},"modified":"2026-02-11T00:08:54","modified_gmt":"2026-02-10T23:08:54","slug":"bizuteria-inwestycyjna-wisiorek-nbd3928","status":"publish","type":"product","link":"https:\/\/staviori.com.pl\/de\/product\/bizuteria-inwestycyjna-wisiorek-nbd3928\/","title":{"rendered":"Exklusiv | Au\u00dfergew\u00f6hnlicher B\u00e4renanh\u00e4nger mit Diamanten aus 18K Gold"},"content":{"rendered":"<p>Model: NBD3928<br \/>\nWaga ok. 14g<\/p>\n<p>Anh\u00e4nger.<br \/>\nWei\u00dfgold 0,750.<br \/>\n746 Diament\u00f3w, szlif brylantowy, o masie ok. 5,52ct, barwa G-H, czysto\u015b\u0107 SI1.<br \/>\n2 Diamenty, kolor czarny, szlif brylantowy, o masie 0,05ct.<\/p>\n<p>Wymiary 21&#215;24 mm.<br \/>\nD\u0142ugo\u015b\u0107 34.5 mm.<br \/>\nGrubo\u015b\u0107 21-16 mm.<\/p>\n<p>Nied\u017awiadek ma ruchom\u0105 g\u0142ow\u0119, \u0142apki i n\u00f3\u017cki.<\/p>\n<p><strong>Produkt nur auf Anfrage erh\u00e4ltlich, Vorlaufzeit ca. 5 Wochen.<br \/>\nMo\u017cliwo\u015b\u0107 dom\u00f3wienia podw\u00f3jnego, mocnego \u0142a\u0144cuszka ROLO pod wisiorek &#8211; r\u00f3wnie\u017c w bia\u0142ym z\u0142ocie 0,750.<\/strong><\/p>","protected":false},"excerpt":{"rendered":"<p>PL:<br \/>\nZjawiskowy wisiorek w kszta\u0142cie misia, wykonany z bia\u0142ego z\u0142ota pr\u00f3by 0,750, ol\u015bniewa bogactwem 746 diament\u00f3w o \u0142\u0105cznej masie 5,52 ct oraz dwoma czarnymi diamentami. Perfekcyjnie wysadzany kamieniami, przyci\u0105ga wzrok niezwyk\u0142ym blaskiem i starannym wykonaniem. To wyj\u0105tkowy, luksusowy prezent dla kogo\u015b naprawd\u0119 wyj\u0105tkowego \u2013 symbol rado\u015bci, czu\u0142o\u015bci i presti\u017cu.<\/p>","protected":false},"featured_media":3495,"comment_status":"closed","ping_status":"closed","template":"","meta":{"om_disable_all_campaigns":false},"product_brand":[2284],"product_cat":[1803,6719,729],"product_tag":[2308,4029,4027,2296,4031,2280,4026,2332,4028,4030],"class_list":{"0":"post-14716","1":"product","2":"type-product","3":"status-publish","4":"has-post-thumbnail","6":"product_brand-staviori","7":"product_cat-brylanty-exclusive","8":"product_cat-wisiorki-brylanty-exclusive","9":"product_cat-wisiorki","10":"product_tag-biale-zloto","11":"product_tag-bialy-mis","12":"product_tag-ddn0709","13":"product_tag-diamenty","14":"product_tag-ekskluzywny-wisiorek","15":"product_tag-luksusowa-bizuteria","16":"product_tag-nbd3928","17":"product_tag-prezent","18":"product_tag-wisiorek","19":"product_tag-wyjatkowy-upominek","20":"pa_barwa-g-h","21":"pa_czystosc-si1","22":"pa_dlugosc-34-5mm","23":"pa_dostawca-draco","24":"pa_kamien-brylanty","25":"pa_kamien-czarne-diamenty","26":"pa_kolor-biale","27":"pa_kruszec-zloto","28":"pa_proba-0-750","29":"pa_waga-14-00g","30":"pa_wymiary-21x24mm","32":"first","33":"onbackorder","34":"purchasable","35":"product-type-simple"},"aioseo_notices":[],"_links":{"self":[{"href":"https:\/\/staviori.com.pl\/de\/wp-json\/wp\/v2\/product\/14716","targetHints":{"allow":["GET"]}}],"collection":[{"href":"https:\/\/staviori.com.pl\/de\/wp-json\/wp\/v2\/product"}],"about":[{"href":"https:\/\/staviori.com.pl\/de\/wp-json\/wp\/v2\/types\/product"}],"replies":[{"embeddable":true,"href":"https:\/\/staviori.com.pl\/de\/wp-json\/wp\/v2\/comments?post=14716"}],"wp:featuredmedia":[{"embeddable":true,"href":"https:\/\/staviori.com.pl\/de\/wp-json\/wp\/v2\/media\/3495"}],"wp:attachment":[{"href":"https:\/\/staviori.com.pl\/de\/wp-json\/wp\/v2\/media?parent=14716"}],"wp:term":[{"taxonomy":"product_brand","embeddable":true,"href":"https:\/\/staviori.com.pl\/de\/wp-json\/wp\/v2\/product_brand?post=14716"},{"taxonomy":"product_cat","embeddable":true,"href":"https:\/\/staviori.com.pl\/de\/wp-json\/wp\/v2\/product_cat?post=14716"},{"taxonomy":"product_tag","embeddable":true,"href":"https:\/\/staviori.com.pl\/de\/wp-json\/wp\/v2\/product_tag?post=14716"}],"curies":[{"name":"wp","href":"https:\/\/api.w.org\/{rel}","templated":true}]}}