{"id":14713,"date":"2025-02-24T22:47:03","date_gmt":"2025-02-24T21:47:03","guid":{"rendered":"https:\/\/staviori.com.pl\/product\/bizuteria-inwestycyjna-naszyjnik-nbd3519\/"},"modified":"2026-02-11T00:08:54","modified_gmt":"2026-02-10T23:08:54","slug":"bizuteria-inwestycyjna-naszyjnik-nbd3519","status":"publish","type":"product","link":"https:\/\/staviori.com.pl\/de\/product\/bizuteria-inwestycyjna-naszyjnik-nbd3519\/","title":{"rendered":"Exklusive Halskette aus Wei\u00dfgold 750 mit zwei Herzen mit Diamanten"},"content":{"rendered":"<p>Model: NBD3519<br \/>\nWaga ok. 8,09g<\/p>\n<p>Halskette 45 cm.<br \/>\nWei\u00dfgold 0,750.<\/p>\n<p>80 Diament\u00f3w, szlif brylantowy, o masie ok. 0,44ct, barwa G-H, czysto\u015b\u0107 SI1.<\/p>\n<p>Wymiary 22&#215;18 mm.<br \/>\nDicke 3 mm.<\/p>\n<p><strong>Produkt nur auf Anfrage erh\u00e4ltlich, Vorlaufzeit ca. 5 Wochen.<\/strong><\/p>","protected":false},"excerpt":{"rendered":"<p>Wyj\u0105tkowy naszyjnik z bia\u0142ego z\u0142ota 18K, ozdobiony a\u017c 80 l\u015bni\u0105cymi diamentami, zachwyca nowoczesnym wzorem dw\u00f3ch serc. Starannie wykonany, pi\u0119knie odbija \u015bwiat\u0142o, podkre\u015blaj\u0105c subtelno\u015b\u0107 i blask ka\u017cdej stylizacji. To niepowtarzalny prezent, kt\u00f3ry wyrazi najg\u0142\u0119bsze uczucia i stanie si\u0119 symbolem mi\u0142o\u015bci na d\u0142ugie lata.<\/p>","protected":false},"featured_media":3477,"comment_status":"closed","ping_status":"closed","template":"","meta":{"om_disable_all_campaigns":false},"product_brand":[2284],"product_cat":[1803,6895,719],"product_tag":[2308,2311,2296,3710,2378,4024,2332,1414,4025],"class_list":{"0":"post-14713","1":"product","2":"type-product","3":"status-publish","4":"has-post-thumbnail","6":"product_brand-staviori","7":"product_cat-brylanty-exclusive","8":"product_cat-naszyjnik","9":"product_cat-naszyjniki","10":"product_tag-biale-zloto","11":"product_tag-bizuteria-luksusowa","12":"product_tag-diamenty","13":"product_tag-elegancja","14":"product_tag-naszyjnik","15":"product_tag-nbd3519","16":"product_tag-prezent","17":"product_tag-serce","18":"product_tag-symbol-milosci","19":"pa_barwa-g-h","20":"pa_czystosc-si1","21":"pa_grubosc-3mm","22":"pa_kamien-brylanty","23":"pa_kolor-biale","24":"pa_kruszec-zloto","25":"pa_proba-0-750","26":"pa_rozmiar-45cm","27":"pa_waga-8-09g","28":"pa_wymiary-22x18mm","30":"first","31":"onbackorder","32":"purchasable","33":"product-type-simple"},"aioseo_notices":[],"_links":{"self":[{"href":"https:\/\/staviori.com.pl\/de\/wp-json\/wp\/v2\/product\/14713","targetHints":{"allow":["GET"]}}],"collection":[{"href":"https:\/\/staviori.com.pl\/de\/wp-json\/wp\/v2\/product"}],"about":[{"href":"https:\/\/staviori.com.pl\/de\/wp-json\/wp\/v2\/types\/product"}],"replies":[{"embeddable":true,"href":"https:\/\/staviori.com.pl\/de\/wp-json\/wp\/v2\/comments?post=14713"}],"wp:featuredmedia":[{"embeddable":true,"href":"https:\/\/staviori.com.pl\/de\/wp-json\/wp\/v2\/media\/3477"}],"wp:attachment":[{"href":"https:\/\/staviori.com.pl\/de\/wp-json\/wp\/v2\/media?parent=14713"}],"wp:term":[{"taxonomy":"product_brand","embeddable":true,"href":"https:\/\/staviori.com.pl\/de\/wp-json\/wp\/v2\/product_brand?post=14713"},{"taxonomy":"product_cat","embeddable":true,"href":"https:\/\/staviori.com.pl\/de\/wp-json\/wp\/v2\/product_cat?post=14713"},{"taxonomy":"product_tag","embeddable":true,"href":"https:\/\/staviori.com.pl\/de\/wp-json\/wp\/v2\/product_tag?post=14713"}],"curies":[{"name":"wp","href":"https:\/\/api.w.org\/{rel}","templated":true}]}}