{"id":14699,"date":"2025-02-24T22:46:59","date_gmt":"2025-02-24T21:46:59","guid":{"rendered":"https:\/\/staviori.com.pl\/product\/zloty-lancuszek-lzx4222\/"},"modified":"2026-04-08T14:04:48","modified_gmt":"2026-04-08T12:04:48","slug":"zloty-lancuszek-lzx4222","status":"publish","type":"product","link":"https:\/\/staviori.com.pl\/de\/product\/zloty-lancuszek-lzx4222\/","title":{"rendered":"Goldpanzerkette voll Gelbgold 333 42\/45\/50cm"},"content":{"rendered":"<p>Model: LZX4222<br \/>\nWaga ok. 0,90g<\/p>\n<p>\u0141a\u0144cuszek z\u0142oty<br \/>\n\u017b\u00f3\u0142te Z\u0142oto 0,333<\/p>\n<p>PANCERKA PE\u0141NA<\/p>\n<p>Szeroko\u015b\u0107 1.33 mm.<\/p>","protected":false},"excerpt":{"rendered":"<p>Subtelny \u0142a\u0144cuszek typu pancerka wykonany z pe\u0142nego 8-karatowego \u017c\u00f3\u0142tego z\u0142ota. Delikatne, starannie wypolerowane ogniwa tworz\u0105 eleganck\u0105 ca\u0142o\u015b\u0107, kt\u00f3ra pi\u0119knie mieni si\u0119 w \u015bwietle. Idealny wyb\u00f3r dla os\u00f3b ceni\u0105cych klasyk\u0119 w lekkim, kobiecym wydaniu. Doskonale prezentuje si\u0119 zar\u00f3wno solo, jak i z drobnym wisiorkiem.<\/p>","protected":false},"featured_media":21765,"comment_status":"closed","ping_status":"closed","template":"","meta":{"om_disable_all_campaigns":false},"product_brand":[2284,2350],"product_cat":[1384,690,176,1930,2072],"product_tag":[6761,6760,3940,6759,6765,3918,4784,3945,3724,6763,2518],"class_list":{"0":"post-14699","1":"product","2":"type-product","3":"status-publish","4":"has-post-thumbnail","6":"product_brand-staviori","7":"product_brand-verona","8":"product_cat-bizuteria","9":"product_cat-lancuszki","10":"product_cat-zloto","11":"product_cat-zloto-2","12":"product_cat-zloty-lancuszek","13":"product_tag-collier-en-or","14":"product_tag-curb-chain","15":"product_tag-delikatny-lancuszek","16":"product_tag-gold-chain","17":"product_tag-goldkette-333","18":"product_tag-lancuszek-damski","19":"product_tag-lancuszek-zloty","20":"product_tag-pancerka-pelna","21":"product_tag-staviori","22":"product_tag-zlaty-retizek","23":"product_tag-zloto-333","24":"pa_kolor-zolte","25":"pa_kruszec-zloto","26":"pa_proba-0-333","27":"pa_rozmiar-42cm","28":"pa_rozmiar-45cm","29":"pa_rozmiar-50cm","30":"pa_szerokosc-1-33mm","31":"pa_waga-0-85g","33":"first","34":"instock","35":"purchasable","36":"product-type-variable","37":"has-default-attributes"},"aioseo_notices":[],"_links":{"self":[{"href":"https:\/\/staviori.com.pl\/de\/wp-json\/wp\/v2\/product\/14699","targetHints":{"allow":["GET"]}}],"collection":[{"href":"https:\/\/staviori.com.pl\/de\/wp-json\/wp\/v2\/product"}],"about":[{"href":"https:\/\/staviori.com.pl\/de\/wp-json\/wp\/v2\/types\/product"}],"replies":[{"embeddable":true,"href":"https:\/\/staviori.com.pl\/de\/wp-json\/wp\/v2\/comments?post=14699"}],"wp:featuredmedia":[{"embeddable":true,"href":"https:\/\/staviori.com.pl\/de\/wp-json\/wp\/v2\/media\/21765"}],"wp:attachment":[{"href":"https:\/\/staviori.com.pl\/de\/wp-json\/wp\/v2\/media?parent=14699"}],"wp:term":[{"taxonomy":"product_brand","embeddable":true,"href":"https:\/\/staviori.com.pl\/de\/wp-json\/wp\/v2\/product_brand?post=14699"},{"taxonomy":"product_cat","embeddable":true,"href":"https:\/\/staviori.com.pl\/de\/wp-json\/wp\/v2\/product_cat?post=14699"},{"taxonomy":"product_tag","embeddable":true,"href":"https:\/\/staviori.com.pl\/de\/wp-json\/wp\/v2\/product_tag?post=14699"}],"curies":[{"name":"wp","href":"https:\/\/api.w.org\/{rel}","templated":true}]}}