{"id":14693,"date":"2025-02-24T22:46:59","date_gmt":"2025-02-24T21:46:59","guid":{"rendered":"https:\/\/staviori.com.pl\/product\/zloty-lancuszek-lzx2785\/"},"modified":"2026-03-09T09:32:01","modified_gmt":"2026-03-09T08:32:01","slug":"zloty-lancuszek-lzx2785","status":"publish","type":"product","link":"https:\/\/staviori.com.pl\/de\/product\/zloty-lancuszek-lzx2785\/","title":{"rendered":"Gold 585 singapur 1mm 45cm Kette"},"content":{"rendered":"<p>Model: LZX2785<br \/>\nWaga ok. 0,65g<\/p>\n<p>\u0141a\u0144cuszek 45cm<br \/>\nSINGAPUR<br \/>\nGelbgold 0,585.<br \/>\nSzeroko\u015b\u0107 1 mm.<\/p>","protected":false},"excerpt":{"rendered":"<p>Lekki i niezwykle efektowny \u0142a\u0144cuszek o d\u0142ugo\u015bci 45 cm wykonany z \u017c\u00f3\u0142tego z\u0142ota pr\u00f3by 0,585. Splot typu Singapur zachwyca subtelnym skr\u0119tem, kt\u00f3ry pi\u0119knie odbija \u015bwiat\u0142o i dodaje bi\u017cuterii wyj\u0105tkowego blasku. Idealny do noszenia solo lub z delikatn\u0105 zawieszk\u0105. Doskona\u0142y wyb\u00f3r dla kobiet ceni\u0105cych elegancj\u0119 i nowoczesny styl.<\/p>","protected":false},"featured_media":18647,"comment_status":"closed","ping_status":"closed","template":"","meta":{"om_disable_all_campaigns":false},"product_brand":[2284,2350],"product_cat":[690,1930,2072],"product_tag":[3812,3807,3983,3817,3986,3984,1403,3939,3985,3833,3744,3987,3723,3750,2522],"class_list":{"0":"post-14693","1":"product","2":"type-product","3":"status-publish","4":"has-post-thumbnail","6":"product_brand-staviori","7":"product_brand-verona","8":"product_cat-lancuszki","9":"product_cat-zloto-2","10":"product_cat-zloty-lancuszek","11":"product_tag-chain","12":"product_tag-lancuszek","13":"product_tag-lzx2785","14":"product_tag-retizek","15":"product_tag-singapore-vzor","16":"product_tag-singapore-weave","17":"product_tag-singapur","18":"product_tag-skrecany-lancuszek","19":"product_tag-twisted-chain","20":"product_tag-womens-jewelry","21":"product_tag-yellow-gold","22":"product_tag-zaa6908","23":"product_tag-zlota-bizuteria","24":"product_tag-zlute-zlato","25":"product_tag-zolte-zloto","26":"pa_kolor-zolte","27":"pa_kruszec-zloto","28":"pa_proba-0-585","29":"pa_rozmiar-45cm","30":"pa_splot-singapur","31":"pa_szerokosc-1mm","32":"pa_waga-0-65g","34":"first","35":"instock","36":"purchasable","37":"product-type-simple"},"aioseo_notices":[],"_links":{"self":[{"href":"https:\/\/staviori.com.pl\/de\/wp-json\/wp\/v2\/product\/14693","targetHints":{"allow":["GET"]}}],"collection":[{"href":"https:\/\/staviori.com.pl\/de\/wp-json\/wp\/v2\/product"}],"about":[{"href":"https:\/\/staviori.com.pl\/de\/wp-json\/wp\/v2\/types\/product"}],"replies":[{"embeddable":true,"href":"https:\/\/staviori.com.pl\/de\/wp-json\/wp\/v2\/comments?post=14693"}],"wp:featuredmedia":[{"embeddable":true,"href":"https:\/\/staviori.com.pl\/de\/wp-json\/wp\/v2\/media\/18647"}],"wp:attachment":[{"href":"https:\/\/staviori.com.pl\/de\/wp-json\/wp\/v2\/media?parent=14693"}],"wp:term":[{"taxonomy":"product_brand","embeddable":true,"href":"https:\/\/staviori.com.pl\/de\/wp-json\/wp\/v2\/product_brand?post=14693"},{"taxonomy":"product_cat","embeddable":true,"href":"https:\/\/staviori.com.pl\/de\/wp-json\/wp\/v2\/product_cat?post=14693"},{"taxonomy":"product_tag","embeddable":true,"href":"https:\/\/staviori.com.pl\/de\/wp-json\/wp\/v2\/product_tag?post=14693"}],"curies":[{"name":"wp","href":"https:\/\/api.w.org\/{rel}","templated":true}]}}