{"id":14692,"date":"2025-02-24T22:46:59","date_gmt":"2025-02-24T21:46:59","guid":{"rendered":"https:\/\/staviori.com.pl\/product\/zloty-lancuszek-lzx2167\/"},"modified":"2026-04-08T14:10:29","modified_gmt":"2026-04-08T12:10:29","slug":"zloty-lancuszek-lzx2167","status":"publish","type":"product","link":"https:\/\/staviori.com.pl\/de\/product\/zloty-lancuszek-lzx2167\/","title":{"rendered":"Goldkette SPIGA 585 0.8mm 40\/42\/45\/50 cm"},"content":{"rendered":"<p>Model: LZX2167<br \/>\nGewicht ca. 1,40g<\/p>\n<p>\u0141a\u0144cuszek 40\/42\/45\/50 cm<br \/>\nSPIGA<br \/>\nGelbgold 0,585.<br \/>\nSzeroko\u015b\u0107 0.8 mm.<\/p>","protected":false},"excerpt":{"rendered":"<p>Delikatny \u0142a\u0144cuszek o d\u0142ugo\u015bci 40cm-50cm wykonany z \u017c\u00f3\u0142tego z\u0142ota pr\u00f3by 0,585. Splot typu spiga, znany r\u00f3wnie\u017c jako \u201ek\u0142os\u201d, zachwyca misternym wykonaniem i subtelnym po\u0142yskiem. Idealnie sprawdzi si\u0119 zar\u00f3wno noszony solo, jak i w po\u0142\u0105czeniu z ulubion\u0105 zawieszk\u0105. Ponadczasowa elegancja i lekko\u015b\u0107, kt\u00f3ra podkre\u015bli kobiecy styl na ka\u017cd\u0105 okazj\u0119.<\/p>","protected":false},"featured_media":18634,"comment_status":"closed","ping_status":"closed","template":"","meta":{"om_disable_all_campaigns":false},"product_brand":[2284,2350],"product_cat":[1384,690,176,1930,2072],"product_tag":[3812,3981,3978,3807,3977,3817,3930,3980,3979,3935,3833,3744,3982,3723,3750,2522],"class_list":{"0":"post-14692","1":"product","2":"type-product","3":"status-publish","4":"has-post-thumbnail","6":"product_brand-staviori","7":"product_brand-verona","8":"product_cat-bizuteria","9":"product_cat-lancuszki","10":"product_cat-zloto","11":"product_cat-zloto-2","12":"product_cat-zloty-lancuszek","13":"product_tag-chain","14":"product_tag-klas","15":"product_tag-klos","16":"product_tag-lancuszek","17":"product_tag-lzx2167","18":"product_tag-retizek","19":"product_tag-spiga","20":"product_tag-spiga-vzor","21":"product_tag-spiga-weave","22":"product_tag-wheat-chain","23":"product_tag-womens-jewelry","24":"product_tag-yellow-gold","25":"product_tag-zaa0919","26":"product_tag-zlota-bizuteria","27":"product_tag-zlute-zlato","28":"product_tag-zolte-zloto","29":"pa_kolor-zolte","30":"pa_kruszec-zloto","31":"pa_proba-0-585","32":"pa_rozmiar-40cm","33":"pa_rozmiar-42cm","34":"pa_rozmiar-45cm","35":"pa_rozmiar-50cm","36":"pa_szerokosc-0-8mm","38":"first","39":"instock","40":"purchasable","41":"product-type-variable","42":"has-default-attributes"},"aioseo_notices":[],"_links":{"self":[{"href":"https:\/\/staviori.com.pl\/de\/wp-json\/wp\/v2\/product\/14692","targetHints":{"allow":["GET"]}}],"collection":[{"href":"https:\/\/staviori.com.pl\/de\/wp-json\/wp\/v2\/product"}],"about":[{"href":"https:\/\/staviori.com.pl\/de\/wp-json\/wp\/v2\/types\/product"}],"replies":[{"embeddable":true,"href":"https:\/\/staviori.com.pl\/de\/wp-json\/wp\/v2\/comments?post=14692"}],"wp:featuredmedia":[{"embeddable":true,"href":"https:\/\/staviori.com.pl\/de\/wp-json\/wp\/v2\/media\/18634"}],"wp:attachment":[{"href":"https:\/\/staviori.com.pl\/de\/wp-json\/wp\/v2\/media?parent=14692"}],"wp:term":[{"taxonomy":"product_brand","embeddable":true,"href":"https:\/\/staviori.com.pl\/de\/wp-json\/wp\/v2\/product_brand?post=14692"},{"taxonomy":"product_cat","embeddable":true,"href":"https:\/\/staviori.com.pl\/de\/wp-json\/wp\/v2\/product_cat?post=14692"},{"taxonomy":"product_tag","embeddable":true,"href":"https:\/\/staviori.com.pl\/de\/wp-json\/wp\/v2\/product_tag?post=14692"}],"curies":[{"name":"wp","href":"https:\/\/api.w.org\/{rel}","templated":true}]}}