{"id":14690,"date":"2025-02-24T22:46:59","date_gmt":"2025-02-24T21:46:59","guid":{"rendered":"https:\/\/staviori.com.pl\/product\/zloty-lancuszek-lzx2111\/"},"modified":"2026-04-09T10:21:39","modified_gmt":"2026-04-09T08:21:39","slug":"zloty-lancuszek-lzx2111","status":"publish","type":"product","link":"https:\/\/staviori.com.pl\/de\/product\/zloty-lancuszek-lzx2111\/","title":{"rendered":"Goldkette PANCERKA 333 2mm 45cm"},"content":{"rendered":"<p>Model: LZX2111<br \/>\nGewicht ca. 2,90g<\/p>\n<p>\u0141a\u0144cuszek 45 cm.<br \/>\nPANCERKA PE\u0141NA<br \/>\nGelbgold 0,333.<br \/>\n2 mm breit.<\/p>","protected":false},"excerpt":{"rendered":"<p>Pe\u0142ny \u0142a\u0144cuszek Pancerka o d\u0142ugo\u015bci 45 cm, wykonany z \u017c\u00f3\u0142tego z\u0142ota pr\u00f3by 0,333, to klasyka, kt\u00f3ra nigdy nie wychodzi z mody. Solidna konstrukcja i wyrazisty splot sprawiaj\u0105, \u017ce jest on idealnym wyborem zar\u00f3wno na co dzie\u0144, jak i na wyj\u0105tkowe okazje. Ponadczasowy blask z\u0142ota pi\u0119knie podkre\u015bli charakter ka\u017cdej stylizacji.<\/p>","protected":false},"featured_media":18665,"comment_status":"closed","ping_status":"closed","template":"","meta":{"om_disable_all_campaigns":false},"product_brand":[2284,2350],"product_cat":[690,1930,2072],"product_tag":[2628,4006,3807,4002,4005,3916,4003,2332,2487,3972,4004,2522],"class_list":{"0":"post-14690","1":"product","2":"type-product","3":"status-publish","4":"has-post-thumbnail","6":"product_brand-staviori","7":"product_brand-verona","8":"product_cat-lancuszki","9":"product_cat-zloto-2","10":"product_cat-zloty-lancuszek","11":"product_tag-bizuteria-klasyczna","12":"product_tag-damski","13":"product_tag-lancuszek","14":"product_tag-lzx2111","15":"product_tag-meski","16":"product_tag-pancerka","17":"product_tag-pelna-pancerka","18":"product_tag-prezent","19":"product_tag-unisex","20":"product_tag-xaa0018","21":"product_tag-zloty-lancuszek","22":"product_tag-zolte-zloto","23":"pa_kolor-zolte","24":"pa_kruszec-zloto","25":"pa_proba-0-333","26":"pa_splot-pancerka","27":"pa_szerokosc-2mm","28":"pa_waga-2-90g","30":"first","31":"instock","32":"purchasable","33":"product-type-simple"},"aioseo_notices":[],"_links":{"self":[{"href":"https:\/\/staviori.com.pl\/de\/wp-json\/wp\/v2\/product\/14690","targetHints":{"allow":["GET"]}}],"collection":[{"href":"https:\/\/staviori.com.pl\/de\/wp-json\/wp\/v2\/product"}],"about":[{"href":"https:\/\/staviori.com.pl\/de\/wp-json\/wp\/v2\/types\/product"}],"replies":[{"embeddable":true,"href":"https:\/\/staviori.com.pl\/de\/wp-json\/wp\/v2\/comments?post=14690"}],"wp:featuredmedia":[{"embeddable":true,"href":"https:\/\/staviori.com.pl\/de\/wp-json\/wp\/v2\/media\/18665"}],"wp:attachment":[{"href":"https:\/\/staviori.com.pl\/de\/wp-json\/wp\/v2\/media?parent=14690"}],"wp:term":[{"taxonomy":"product_brand","embeddable":true,"href":"https:\/\/staviori.com.pl\/de\/wp-json\/wp\/v2\/product_brand?post=14690"},{"taxonomy":"product_cat","embeddable":true,"href":"https:\/\/staviori.com.pl\/de\/wp-json\/wp\/v2\/product_cat?post=14690"},{"taxonomy":"product_tag","embeddable":true,"href":"https:\/\/staviori.com.pl\/de\/wp-json\/wp\/v2\/product_tag?post=14690"}],"curies":[{"name":"wp","href":"https:\/\/api.w.org\/{rel}","templated":true}]}}