{"id":14688,"date":"2025-02-24T22:46:59","date_gmt":"2025-02-24T21:46:59","guid":{"rendered":"https:\/\/staviori.com.pl\/product\/zloty-lancuszek-lzx2110\/"},"modified":"2026-02-11T00:09:44","modified_gmt":"2026-02-10T23:09:44","slug":"zloty-lancuszek-lzx2110","status":"publish","type":"product","link":"https:\/\/staviori.com.pl\/de\/product\/zloty-lancuszek-lzx2110\/","title":{"rendered":"Goldkette PANCERKA 2.1mm 333 45\/50\/60 cm"},"content":{"rendered":"<p>Model: LZX2110<br \/>\nWaga ok. 2,10g<\/p>\n<p>\u0141a\u0144cuszek 45\/50\/60 cm<br \/>\n\u017b\u00f3\u0142te Z\u0142oto 0,333<br \/>\nSzeroko\u015b\u0107 2.1 mm<br \/>\nGrubo\u015b\u0107 0.53 mm<\/p>","protected":false},"excerpt":{"rendered":"<p>Elegancki \u0142a\u0144cuszek typu Pancerka wykonany z \u017c\u00f3\u0142tego z\u0142ota pr\u00f3by 0,333 to wyraz klasycznego stylu i ponadczasowej elegancji. Jego subtelny blask oraz solidny splot sprawiaj\u0105, \u017ce doskonale komponuje si\u0119 zar\u00f3wno z zawieszkami, jak i noszony samodzielnie. Dost\u0119pny w kilku d\u0142ugo\u015bciach, pozwala idealnie dopasowa\u0107 bi\u017cuteri\u0119 do w\u0142asnych potrzeb i stylizacji.<\/p>","protected":false},"featured_media":18667,"comment_status":"closed","ping_status":"closed","template":"","meta":{"om_disable_all_campaigns":false},"product_brand":[2284,2350],"product_cat":[690,1930,2072],"product_tag":[3063,2603,3807,4007,3916,2332,4008,4004,2522],"class_list":{"0":"post-14688","1":"product","2":"type-product","3":"status-publish","4":"has-post-thumbnail","6":"product_brand-staviori","7":"product_brand-verona","8":"product_cat-lancuszki","9":"product_cat-zloto-2","10":"product_cat-zloty-lancuszek","11":"product_tag-bizuteria-na-co-dzien","12":"product_tag-klasyczna-bizuteria","13":"product_tag-lancuszek","14":"product_tag-lzx2110","15":"product_tag-pancerka","16":"product_tag-prezent","17":"product_tag-xaa1709","18":"product_tag-zloty-lancuszek","19":"product_tag-zolte-zloto","20":"pa_grubosc-0-53mm","21":"pa_kolor-zolte","22":"pa_kruszec-zloto","23":"pa_proba-0-333","24":"pa_rozmiar-45cm","25":"pa_rozmiar-50cm","26":"pa_rozmiar-60cm","27":"pa_szerokosc-2-1mm","28":"pa_waga-226g","30":"first","31":"instock","32":"purchasable","33":"product-type-variable","34":"has-default-attributes"},"aioseo_notices":[],"_links":{"self":[{"href":"https:\/\/staviori.com.pl\/de\/wp-json\/wp\/v2\/product\/14688","targetHints":{"allow":["GET"]}}],"collection":[{"href":"https:\/\/staviori.com.pl\/de\/wp-json\/wp\/v2\/product"}],"about":[{"href":"https:\/\/staviori.com.pl\/de\/wp-json\/wp\/v2\/types\/product"}],"replies":[{"embeddable":true,"href":"https:\/\/staviori.com.pl\/de\/wp-json\/wp\/v2\/comments?post=14688"}],"wp:featuredmedia":[{"embeddable":true,"href":"https:\/\/staviori.com.pl\/de\/wp-json\/wp\/v2\/media\/18667"}],"wp:attachment":[{"href":"https:\/\/staviori.com.pl\/de\/wp-json\/wp\/v2\/media?parent=14688"}],"wp:term":[{"taxonomy":"product_brand","embeddable":true,"href":"https:\/\/staviori.com.pl\/de\/wp-json\/wp\/v2\/product_brand?post=14688"},{"taxonomy":"product_cat","embeddable":true,"href":"https:\/\/staviori.com.pl\/de\/wp-json\/wp\/v2\/product_cat?post=14688"},{"taxonomy":"product_tag","embeddable":true,"href":"https:\/\/staviori.com.pl\/de\/wp-json\/wp\/v2\/product_tag?post=14688"}],"curies":[{"name":"wp","href":"https:\/\/api.w.org\/{rel}","templated":true}]}}