{"id":14684,"date":"2025-02-24T22:46:59","date_gmt":"2025-02-24T21:46:59","guid":{"rendered":"https:\/\/staviori.com.pl\/product\/zloty-lancuszek-lzx0468\/"},"modified":"2026-04-08T13:56:55","modified_gmt":"2026-04-08T11:56:55","slug":"zloty-lancuszek-lzx0468","status":"publish","type":"product","link":"https:\/\/staviori.com.pl\/de\/product\/zloty-lancuszek-lzx0468\/","title":{"rendered":"Goldkette SINGAPUR 333 1,1mm 38\/40\/42\/45\/50 cm"},"content":{"rendered":"<p>Model: LZX0468<br \/>\nWaga ok. 0,70g<\/p>\n<p>\u0141a\u0144cuszek 38\/40\/42\/45\/50 cm.<br \/>\nGelbgold 0,333.<br \/>\nBreite 1,1 mm.<\/p>","protected":false},"excerpt":{"rendered":"<p>Delikatny \u0142a\u0144cuszek typu Singapur wykonany z \u017c\u00f3\u0142tego z\u0142ota pr\u00f3by 0,333 zachwyca subtelnym, skr\u0119canym splotem i eleganckim blaskiem. To doskona\u0142y wyb\u00f3r dla os\u00f3b ceni\u0105cych lekko\u015b\u0107 i wyrafinowanie, idealny zar\u00f3wno do noszenia samodzielnie, jak i z ulubion\u0105 zawieszk\u0105. Ponadczasowy akcent, kt\u00f3ry podkre\u015bli ka\u017cd\u0105 stylizacj\u0119.<\/p>","protected":false},"featured_media":18698,"comment_status":"closed","ping_status":"closed","template":"","meta":{"om_disable_all_campaigns":false},"product_brand":[2284,2350],"product_cat":[1384,690,1930,176,2072],"product_tag":[3940,2317,3807,4018,2332,1403,2498,4019,4020,2522],"class_list":{"0":"post-14684","1":"product","2":"type-product","3":"status-publish","4":"has-post-thumbnail","6":"product_brand-staviori","7":"product_brand-verona","8":"product_cat-bizuteria","9":"product_cat-lancuszki","10":"product_cat-zloto-2","11":"product_cat-zloto","12":"product_cat-zloty-lancuszek","13":"product_tag-delikatny-lancuszek","14":"product_tag-elegancka-bizuteria","15":"product_tag-lancuszek","16":"product_tag-lzx0468","17":"product_tag-prezent","18":"product_tag-singapur","19":"product_tag-skrecany-splot","20":"product_tag-xaa0010","21":"product_tag-xaa0012","22":"product_tag-zolte-zloto","23":"pa_kolor-zolte","24":"pa_kruszec-zloto","25":"pa_proba-0-333","26":"pa_rozmiar-38cm","27":"pa_rozmiar-40cm","28":"pa_rozmiar-42cm","29":"pa_rozmiar-45cm","30":"pa_rozmiar-50cm","31":"pa_splot-singapur","32":"pa_szerokosc-1-1mm","33":"pa_waga-070g","35":"first","36":"instock","37":"purchasable","38":"product-type-variable","39":"has-default-attributes"},"aioseo_notices":[],"_links":{"self":[{"href":"https:\/\/staviori.com.pl\/de\/wp-json\/wp\/v2\/product\/14684","targetHints":{"allow":["GET"]}}],"collection":[{"href":"https:\/\/staviori.com.pl\/de\/wp-json\/wp\/v2\/product"}],"about":[{"href":"https:\/\/staviori.com.pl\/de\/wp-json\/wp\/v2\/types\/product"}],"replies":[{"embeddable":true,"href":"https:\/\/staviori.com.pl\/de\/wp-json\/wp\/v2\/comments?post=14684"}],"wp:featuredmedia":[{"embeddable":true,"href":"https:\/\/staviori.com.pl\/de\/wp-json\/wp\/v2\/media\/18698"}],"wp:attachment":[{"href":"https:\/\/staviori.com.pl\/de\/wp-json\/wp\/v2\/media?parent=14684"}],"wp:term":[{"taxonomy":"product_brand","embeddable":true,"href":"https:\/\/staviori.com.pl\/de\/wp-json\/wp\/v2\/product_brand?post=14684"},{"taxonomy":"product_cat","embeddable":true,"href":"https:\/\/staviori.com.pl\/de\/wp-json\/wp\/v2\/product_cat?post=14684"},{"taxonomy":"product_tag","embeddable":true,"href":"https:\/\/staviori.com.pl\/de\/wp-json\/wp\/v2\/product_tag?post=14684"}],"curies":[{"name":"wp","href":"https:\/\/api.w.org\/{rel}","templated":true}]}}