{"id":14682,"date":"2025-02-24T22:46:56","date_gmt":"2025-02-24T21:46:56","guid":{"rendered":"https:\/\/staviori.com.pl\/product\/zloty-lancuszek-lzg6066\/"},"modified":"2026-02-11T00:09:48","modified_gmt":"2026-02-10T23:09:48","slug":"zloty-lancuszek-lzg6066","status":"publish","type":"product","link":"https:\/\/staviori.com.pl\/de\/product\/zloty-lancuszek-lzg6066\/","title":{"rendered":"Goldkette mit ROLO-Geflecht in Gold Muster 585 42\/45\/50 cm"},"content":{"rendered":"<p>Modell: LZG6066<br \/>\nGewicht ca. 0,85g<\/p>\n<p>Kette 42\/45\/50 cm<br \/>\nGelbgold 0,585.<\/p>\n<p>0,9 mm breit.<\/p>\n<p>ROLO-Gewebe<\/p>","protected":false},"excerpt":{"rendered":"<p>Eine dezente Goldkette mit Rolo-Geflecht aus hochwertigem Gelbgold 0,585. Ihr zartes Design und ihr klassischer Charakter machen sie zu einer perfekten Erg\u00e4nzung f\u00fcr das t\u00e4gliche Styling und elegante Anl\u00e4sse. Die L\u00e4nge von 42 cm passt gut zum Dekollet\u00e9, und die geringe Breite der Kette unterstreicht ihre Feinheit. Sie sieht sowohl solo als auch in Kombination mit einem Anh\u00e4nger toll aus.<\/p>","protected":false},"featured_media":20032,"comment_status":"closed","ping_status":"closed","template":"","meta":{"om_disable_all_campaigns":false},"product_brand":[2284],"product_cat":[690,1930,2072],"product_tag":[2565,5338,3934,5340,5339,2384,4004,2522],"class_list":{"0":"post-14682","1":"product","2":"type-product","3":"status-publish","4":"has-post-thumbnail","6":"product_brand-staviori","7":"product_cat-lancuszki","8":"product_cat-zloto-2","9":"product_cat-zloty-lancuszek","10":"product_tag-delikatna-bizuteria","11":"product_tag-lancuszek-42-cm","12":"product_tag-lancuszek-do-zawieszki","13":"product_tag-lancuszek-rolo","14":"product_tag-lzg6066","15":"product_tag-minimalistyczna-bizuteria","16":"product_tag-zloty-lancuszek","17":"product_tag-zolte-zloto","18":"pa_dostawca-gese","19":"pa_kolor-zolte","20":"pa_kruszec-zloto","21":"pa_proba-0-585","22":"pa_rozmiar-42cm","23":"pa_rozmiar-45cm","24":"pa_rozmiar-50cm","25":"pa_szerokosc-0-9mm","26":"pa_waga-0-85g","28":"first","29":"instock","30":"purchasable","31":"product-type-variable","32":"has-default-attributes"},"aioseo_notices":[],"_links":{"self":[{"href":"https:\/\/staviori.com.pl\/de\/wp-json\/wp\/v2\/product\/14682","targetHints":{"allow":["GET"]}}],"collection":[{"href":"https:\/\/staviori.com.pl\/de\/wp-json\/wp\/v2\/product"}],"about":[{"href":"https:\/\/staviori.com.pl\/de\/wp-json\/wp\/v2\/types\/product"}],"replies":[{"embeddable":true,"href":"https:\/\/staviori.com.pl\/de\/wp-json\/wp\/v2\/comments?post=14682"}],"wp:featuredmedia":[{"embeddable":true,"href":"https:\/\/staviori.com.pl\/de\/wp-json\/wp\/v2\/media\/20032"}],"wp:attachment":[{"href":"https:\/\/staviori.com.pl\/de\/wp-json\/wp\/v2\/media?parent=14682"}],"wp:term":[{"taxonomy":"product_brand","embeddable":true,"href":"https:\/\/staviori.com.pl\/de\/wp-json\/wp\/v2\/product_brand?post=14682"},{"taxonomy":"product_cat","embeddable":true,"href":"https:\/\/staviori.com.pl\/de\/wp-json\/wp\/v2\/product_cat?post=14682"},{"taxonomy":"product_tag","embeddable":true,"href":"https:\/\/staviori.com.pl\/de\/wp-json\/wp\/v2\/product_tag?post=14682"}],"curies":[{"name":"wp","href":"https:\/\/api.w.org\/{rel}","templated":true}]}}