{"id":14675,"date":"2025-02-24T22:46:56","date_gmt":"2025-02-24T21:46:56","guid":{"rendered":"https:\/\/staviori.com.pl\/product\/srebrny-lancuszek-lsx6034\/"},"modified":"2026-04-13T14:36:41","modified_gmt":"2026-04-13T12:36:41","slug":"srebrny-lancuszek-lsx6034","status":"publish","type":"product","link":"https:\/\/staviori.com.pl\/de\/product\/srebrny-lancuszek-lsx6034\/","title":{"rendered":"Srebrny \u0142a\u0144cuszek PANCERKA 3mm m\u0119ska 50cm"},"content":{"rendered":"<p>Model: LSX6034<br \/>\nWaga ok. 5,95g<\/p>\n<p>\u0141a\u0144cuszek 50cm<br \/>\n0,925 Silber.<br \/>\nSzeroko\u015b\u0107 3mm<\/p>","protected":false},"excerpt":{"rendered":"<p>Srebrny \u0142a\u0144cuszek typu pancerka wykonany ze srebra pr\u00f3by 0,925 to wyrazisty dodatek o ponadczasowym charakterze. Solidne, p\u0142askie ogniwa o szeroko\u015bci 5 mm pi\u0119knie odbijaj\u0105 \u015bwiat\u0142o, nadaj\u0105c bi\u017cuterii wyj\u0105tkowego blasku. Klasyczny wz\u00f3r \u015bwietnie sprawdzi si\u0119 zar\u00f3wno w m\u0119skich, jak i damskich stylizacjach \u2013 to idealny wyb\u00f3r dla os\u00f3b ceni\u0105cych wyrazisty styl i trwa\u0142o\u015b\u0107.<\/p>","protected":false},"featured_media":18622,"comment_status":"closed","ping_status":"closed","template":"","meta":{"om_disable_all_campaigns":false},"product_brand":[2284,2350],"product_cat":[1384,690,2075,1817,145],"product_tag":[3932,2428,2603,3965,3968,3966,2442,2291,3915,3967,2487],"class_list":{"0":"post-14675","1":"product","2":"type-product","3":"status-publish","4":"has-post-thumbnail","6":"product_brand-staviori","7":"product_brand-verona","8":"product_cat-bizuteria","9":"product_cat-lancuszki","10":"product_cat-srebrny-lancuszek","11":"product_cat-srebro-2","12":"product_cat-srebro","13":"product_tag-3932","14":"product_tag-bizuteria-srebrna","15":"product_tag-klasyczna-bizuteria","16":"product_tag-lancuszek-pancerka","17":"product_tag-lsx6034","18":"product_tag-masywny-lancuszek","19":"product_tag-prezent-dla-niego","20":"product_tag-prezent-dla-niej","21":"product_tag-srebrny-lancuszek","22":"product_tag-srebro-0","23":"product_tag-unisex","24":"pa_kruszec-srebro","25":"pa_proba-0-925","26":"pa_rozmiar-50cm","27":"pa_splot-pancerka","28":"pa_szerokosc-3mm","29":"pa_waga-1350g","31":"first","32":"instock","33":"purchasable","34":"product-type-simple"},"aioseo_notices":[],"_links":{"self":[{"href":"https:\/\/staviori.com.pl\/de\/wp-json\/wp\/v2\/product\/14675","targetHints":{"allow":["GET"]}}],"collection":[{"href":"https:\/\/staviori.com.pl\/de\/wp-json\/wp\/v2\/product"}],"about":[{"href":"https:\/\/staviori.com.pl\/de\/wp-json\/wp\/v2\/types\/product"}],"replies":[{"embeddable":true,"href":"https:\/\/staviori.com.pl\/de\/wp-json\/wp\/v2\/comments?post=14675"}],"wp:featuredmedia":[{"embeddable":true,"href":"https:\/\/staviori.com.pl\/de\/wp-json\/wp\/v2\/media\/18622"}],"wp:attachment":[{"href":"https:\/\/staviori.com.pl\/de\/wp-json\/wp\/v2\/media?parent=14675"}],"wp:term":[{"taxonomy":"product_brand","embeddable":true,"href":"https:\/\/staviori.com.pl\/de\/wp-json\/wp\/v2\/product_brand?post=14675"},{"taxonomy":"product_cat","embeddable":true,"href":"https:\/\/staviori.com.pl\/de\/wp-json\/wp\/v2\/product_cat?post=14675"},{"taxonomy":"product_tag","embeddable":true,"href":"https:\/\/staviori.com.pl\/de\/wp-json\/wp\/v2\/product_tag?post=14675"}],"curies":[{"name":"wp","href":"https:\/\/api.w.org\/{rel}","templated":true}]}}