{"id":14674,"date":"2025-02-24T22:46:56","date_gmt":"2025-02-24T21:46:56","guid":{"rendered":"https:\/\/staviori.com.pl\/product\/srebrny-lancuszek-lsx6032\/"},"modified":"2026-02-11T00:09:42","modified_gmt":"2026-02-10T23:09:42","slug":"srebrny-lancuszek-lsx6032","status":"publish","type":"product","link":"https:\/\/staviori.com.pl\/de\/product\/srebrny-lancuszek-lsx6032\/","title":{"rendered":"Silberne Panzerkette 4mm"},"content":{"rendered":"<p>Model: LSX6032<br \/>\nWaga ok. 6,90g<\/p>\n<p>\u0141a\u0144cuszek 50cm lub 55cm<br \/>\n0,925 Silber.<br \/>\n4 mm breit.<\/p>","protected":false},"excerpt":{"rendered":"<p>Klasyczny \u0142a\u0144cuszek o splocie typu pancerka, wykonany ze srebra pr\u00f3by 0,925, to ponadczasowa propozycja dla mi\u0142o\u015bnik\u00f3w stylowej i uniwersalnej bi\u017cuterii. Wyrazisty, elegancki wz\u00f3r o szeroko\u015bci 4 mm doskonale podkre\u015bli zar\u00f3wno codzienne, jak i bardziej formalne stylizacje. Precyzyjne wykonanie oraz wysoki po\u0142ysk sprawiaj\u0105, \u017ce ten srebrny \u0142a\u0144cuszek zachwyca subtelnym blaskiem i trwa\u0142o\u015bci\u0105 na lata.<\/p>","protected":false},"featured_media":18554,"comment_status":"closed","ping_status":"closed","template":"","meta":{"om_disable_all_campaigns":false},"product_brand":[2284,2350],"product_cat":[690,2075,1817],"product_tag":[2317,3914,3919,3918,3917,3920,3913,3916,3915,1413,2427],"class_list":{"0":"post-14674","1":"product","2":"type-product","3":"status-publish","4":"has-post-thumbnail","6":"product_brand-staviori","7":"product_brand-verona","8":"product_cat-lancuszki","9":"product_cat-srebrny-lancuszek","10":"product_cat-srebro-2","11":"product_tag-elegancka-bizuteria","12":"product_tag-ilr00g3","13":"product_tag-klasyczny-lancuszek","14":"product_tag-lancuszek-damski","15":"product_tag-lancuszek-meski","16":"product_tag-lancuszek-na-prezent","17":"product_tag-lsx6032","18":"product_tag-pancerka","19":"product_tag-srebrny-lancuszek","20":"product_tag-srebro","21":"product_tag-srebro-925","22":"pa_dlugosc-50cm","23":"pa_dlugosc-55cm","24":"pa_kruszec-srebro","25":"pa_proba-0-925","26":"pa_splot-pancerka","27":"pa_szerokosc-4mm","28":"pa_waga-6-90g","29":"pa_waga-760g","30":"pa_zapiecie-karabinczyk","32":"first","33":"instock","34":"purchasable","35":"product-type-variable"},"aioseo_notices":[],"_links":{"self":[{"href":"https:\/\/staviori.com.pl\/de\/wp-json\/wp\/v2\/product\/14674","targetHints":{"allow":["GET"]}}],"collection":[{"href":"https:\/\/staviori.com.pl\/de\/wp-json\/wp\/v2\/product"}],"about":[{"href":"https:\/\/staviori.com.pl\/de\/wp-json\/wp\/v2\/types\/product"}],"replies":[{"embeddable":true,"href":"https:\/\/staviori.com.pl\/de\/wp-json\/wp\/v2\/comments?post=14674"}],"wp:featuredmedia":[{"embeddable":true,"href":"https:\/\/staviori.com.pl\/de\/wp-json\/wp\/v2\/media\/18554"}],"wp:attachment":[{"href":"https:\/\/staviori.com.pl\/de\/wp-json\/wp\/v2\/media?parent=14674"}],"wp:term":[{"taxonomy":"product_brand","embeddable":true,"href":"https:\/\/staviori.com.pl\/de\/wp-json\/wp\/v2\/product_brand?post=14674"},{"taxonomy":"product_cat","embeddable":true,"href":"https:\/\/staviori.com.pl\/de\/wp-json\/wp\/v2\/product_cat?post=14674"},{"taxonomy":"product_tag","embeddable":true,"href":"https:\/\/staviori.com.pl\/de\/wp-json\/wp\/v2\/product_tag?post=14674"}],"curies":[{"name":"wp","href":"https:\/\/api.w.org\/{rel}","templated":true}]}}