{"id":14670,"date":"2025-02-24T22:46:56","date_gmt":"2025-02-24T21:46:56","guid":{"rendered":"https:\/\/staviori.com.pl\/product\/srebrny-lancuszek-lsx5875\/"},"modified":"2026-04-20T01:08:53","modified_gmt":"2026-04-19T23:08:53","slug":"srebrny-lancuszek-lsx5875","status":"publish","type":"product","link":"https:\/\/staviori.com.pl\/de\/product\/srebrny-lancuszek-lsx5875\/","title":{"rendered":"Silberne rhodinierte SPIGA Kette 1,4mm 45cm"},"content":{"rendered":"<p>Model: LSX5875<br \/>\nWaga ok. 3,50g<\/p>\n<p>\u0141a\u0144cuszek 45cm.<br \/>\n0,925 rhodiniertes Silber.<br \/>\nGrubo\u015b\u0107 1.4 mm.<\/p>\n<p>\u0141a\u0144cuszek wykonany z najwy\u017cszej pr\u00f3by srebra 0,925.<br \/>\nSplot spiga, o przekroju okr\u0105g\u0142ym, bardzo gi\u0119tki. Powierzchnia szlifowana, Pi\u0119knie prezentuje si\u0119 r\u00f3wnie\u017c jako samodzielny naszyjnik.<\/p>","protected":false},"excerpt":{"rendered":"<p>Delikatny \u0142a\u0144cuszek o splocie spiga, wykonany ze srebra rodowanego pr\u00f3by 0,925. Precyzyjnie szlifowana powierzchnia pi\u0119knie odbija \u015bwiat\u0142o, nadaj\u0105c bi\u017cuterii wyj\u0105tkowego blasku. Okr\u0105g\u0142y przekr\u00f3j i niezwyk\u0142a gi\u0119tko\u015b\u0107 sprawiaj\u0105, \u017ce \u0142a\u0144cuszek doskonale uk\u0142ada si\u0119 na szyi. To uniwersalna propozycja, kt\u00f3ra \u015bwietnie wygl\u0105da zar\u00f3wno solo, jak i z zawieszk\u0105.<\/p>","protected":false},"featured_media":3305,"comment_status":"closed","ping_status":"closed","template":"","meta":{"om_disable_all_campaigns":false},"product_brand":[2284,2350],"product_cat":[690,2075,1817],"product_tag":[3932,3933,2317,3931,3934,3936,3929,2332,3930,3915,2426,3935],"class_list":{"0":"post-14670","1":"product","2":"type-product","3":"status-publish","4":"has-post-thumbnail","6":"product_brand-staviori","7":"product_brand-verona","8":"product_cat-lancuszki","9":"product_cat-srebrny-lancuszek","10":"product_cat-srebro-2","11":"product_tag-3932","12":"product_tag-delikatny-naszyjnik","13":"product_tag-elegancka-bizuteria","14":"product_tag-lancuszek-0","15":"product_tag-lancuszek-do-zawieszki","16":"product_tag-lr35112","17":"product_tag-lsx5875","18":"product_tag-prezent","19":"product_tag-spiga","20":"product_tag-srebrny-lancuszek","21":"product_tag-srebro-rodowane","22":"product_tag-wheat-chain","23":"pa_grubosc-1-4mm","24":"pa_kruszec-srebro-rodowane","25":"pa_proba-0-925","26":"pa_splot-spiga","27":"pa_waga-350g","29":"first","30":"instock","31":"purchasable","32":"product-type-simple"},"aioseo_notices":[],"_links":{"self":[{"href":"https:\/\/staviori.com.pl\/de\/wp-json\/wp\/v2\/product\/14670","targetHints":{"allow":["GET"]}}],"collection":[{"href":"https:\/\/staviori.com.pl\/de\/wp-json\/wp\/v2\/product"}],"about":[{"href":"https:\/\/staviori.com.pl\/de\/wp-json\/wp\/v2\/types\/product"}],"replies":[{"embeddable":true,"href":"https:\/\/staviori.com.pl\/de\/wp-json\/wp\/v2\/comments?post=14670"}],"wp:featuredmedia":[{"embeddable":true,"href":"https:\/\/staviori.com.pl\/de\/wp-json\/wp\/v2\/media\/3305"}],"wp:attachment":[{"href":"https:\/\/staviori.com.pl\/de\/wp-json\/wp\/v2\/media?parent=14670"}],"wp:term":[{"taxonomy":"product_brand","embeddable":true,"href":"https:\/\/staviori.com.pl\/de\/wp-json\/wp\/v2\/product_brand?post=14670"},{"taxonomy":"product_cat","embeddable":true,"href":"https:\/\/staviori.com.pl\/de\/wp-json\/wp\/v2\/product_cat?post=14670"},{"taxonomy":"product_tag","embeddable":true,"href":"https:\/\/staviori.com.pl\/de\/wp-json\/wp\/v2\/product_tag?post=14670"}],"curies":[{"name":"wp","href":"https:\/\/api.w.org\/{rel}","templated":true}]}}