{"id":14668,"date":"2025-02-24T22:46:56","date_gmt":"2025-02-24T21:46:56","guid":{"rendered":"https:\/\/staviori.com.pl\/product\/srebrny-lancuszek-lsx0085\/"},"modified":"2026-04-08T14:32:01","modified_gmt":"2026-04-08T12:32:01","slug":"srebrny-lancuszek-lsx0085","status":"publish","type":"product","link":"https:\/\/staviori.com.pl\/de\/product\/srebrny-lancuszek-lsx0085\/","title":{"rendered":"Silberkette SINGAPUR 2mm 42\/45\/50cm"},"content":{"rendered":"<p>Model: LSX0085<br \/>\nWaga ok. 2,05g<\/p>\n<p>\u0141a\u0144cuszek 42cm\/45cm\/50cm<br \/>\nSINGAPUR<br \/>\n0,925 Silber.<br \/>\n2 mm breit.<\/p>","protected":false},"excerpt":{"rendered":"<p>Subtelny \u0142a\u0144cuszek o splocie Singapur wykonany ze srebra pr\u00f3by 0,925 to propozycja, kt\u00f3ra zachwyca delikatnie skr\u0119conym, l\u015bni\u0105cym wzorem. Dzi\u0119ki szeroko\u015bci 2 mm i d\u0142ugo\u015bci 42 cm pi\u0119knie podkre\u015bla dekolt, dodaj\u0105c ka\u017cdej stylizacji nut\u0119 lekko\u015bci i elegancji. \u0141a\u0144cuszek Singapur to uniwersalny wyb\u00f3r \u2013 doskonale prezentuje si\u0119 zar\u00f3wno solo, jak i z ulubion\u0105 zawieszk\u0105, stanowi\u0105c idealny dodatek na co dzie\u0144 i na specjalne okazje.<\/p>","protected":false},"featured_media":18581,"comment_status":"closed","ping_status":"closed","template":"","meta":{"om_disable_all_campaigns":false},"product_brand":[2284,2350],"product_cat":[1384,690,2075,1817,145],"product_tag":[3940,2317,3934,3941,2332,1403,3939,3942,2549,3915,2427],"class_list":{"0":"post-14668","1":"product","2":"type-product","3":"status-publish","4":"has-post-thumbnail","6":"product_brand-staviori","7":"product_brand-verona","8":"product_cat-bizuteria","9":"product_cat-lancuszki","10":"product_cat-srebrny-lancuszek","11":"product_cat-srebro-2","12":"product_cat-srebro","13":"product_tag-delikatny-lancuszek","14":"product_tag-elegancka-bizuteria","15":"product_tag-lancuszek-do-zawieszki","16":"product_tag-lsx0085","17":"product_tag-prezent","18":"product_tag-singapur","19":"product_tag-skrecany-lancuszek","20":"product_tag-sls1343","21":"product_tag-splot-singapur","22":"product_tag-srebrny-lancuszek","23":"product_tag-srebro-925","24":"pa_kruszec-srebro","25":"pa_proba-0-925","26":"pa_rozmiar-42cm","27":"pa_rozmiar-45cm","28":"pa_rozmiar-50cm","29":"pa_szerokosc-2mm","30":"pa_waga-2-25g","32":"first","33":"instock","34":"purchasable","35":"product-type-variable","36":"has-default-attributes"},"aioseo_notices":[],"_links":{"self":[{"href":"https:\/\/staviori.com.pl\/de\/wp-json\/wp\/v2\/product\/14668","targetHints":{"allow":["GET"]}}],"collection":[{"href":"https:\/\/staviori.com.pl\/de\/wp-json\/wp\/v2\/product"}],"about":[{"href":"https:\/\/staviori.com.pl\/de\/wp-json\/wp\/v2\/types\/product"}],"replies":[{"embeddable":true,"href":"https:\/\/staviori.com.pl\/de\/wp-json\/wp\/v2\/comments?post=14668"}],"wp:featuredmedia":[{"embeddable":true,"href":"https:\/\/staviori.com.pl\/de\/wp-json\/wp\/v2\/media\/18581"}],"wp:attachment":[{"href":"https:\/\/staviori.com.pl\/de\/wp-json\/wp\/v2\/media?parent=14668"}],"wp:term":[{"taxonomy":"product_brand","embeddable":true,"href":"https:\/\/staviori.com.pl\/de\/wp-json\/wp\/v2\/product_brand?post=14668"},{"taxonomy":"product_cat","embeddable":true,"href":"https:\/\/staviori.com.pl\/de\/wp-json\/wp\/v2\/product_cat?post=14668"},{"taxonomy":"product_tag","embeddable":true,"href":"https:\/\/staviori.com.pl\/de\/wp-json\/wp\/v2\/product_tag?post=14668"}],"curies":[{"name":"wp","href":"https:\/\/api.w.org\/{rel}","templated":true}]}}