{"id":14667,"date":"2025-02-24T22:46:56","date_gmt":"2025-02-24T21:46:56","guid":{"rendered":"https:\/\/staviori.com.pl\/product\/srebrny-lancuszek-lsx0012\/"},"modified":"2026-04-08T14:29:17","modified_gmt":"2026-04-08T12:29:17","slug":"srebrny-lancuszek-lsx0012","status":"publish","type":"product","link":"https:\/\/staviori.com.pl\/de\/product\/srebrny-lancuszek-lsx0012\/","title":{"rendered":"Silberne Panzerkette 2mm 45\/50\/55cm"},"content":{"rendered":"<p>Model: LSX0012<br \/>\nWaga ok. 3,85g<\/p>\n<p>\u0141a\u0144cuszek 45cm\/50cm\/55cm<br \/>\nPANCERKA PE\u0141NA<br \/>\n0,925 Silber.<br \/>\n2 mm breit.<\/p>","protected":false},"excerpt":{"rendered":"<p>Klasyczny \u0142a\u0144cuszek o splocie pe\u0142na pancerka, wykonany ze srebra pr\u00f3by 0,925, to doskona\u0142y wyb\u00f3r dla os\u00f3b ceni\u0105cych ponadczasow\u0105 elegancj\u0119 i trwa\u0142o\u015b\u0107. Subtelna szeroko\u015b\u0107 2 mm oraz d\u0142ugo\u015b\u0107 45 cm sprawiaj\u0105, \u017ce \u0142a\u0144cuszek pi\u0119knie uk\u0142ada si\u0119 na szyi, dodaj\u0105c blasku ka\u017cdej stylizacji. Solidny, g\u0119sty splot gwarantuje wytrzyma\u0142o\u015b\u0107 i idealnie sprawdzi si\u0119 zar\u00f3wno solo, jak i w po\u0142\u0105czeniu z ulubion\u0105 zawieszk\u0105.<\/p>","protected":false},"featured_media":18590,"comment_status":"closed","ping_status":"closed","template":"","meta":{"om_disable_all_campaigns":false},"product_brand":[2284,2350],"product_cat":[1384,690,2075,1817,145],"product_tag":[2317,3919,3918,3934,3917,3943,3945,2332,3944,3946,3915,2427],"class_list":{"0":"post-14667","1":"product","2":"type-product","3":"status-publish","4":"has-post-thumbnail","6":"product_brand-staviori","7":"product_brand-verona","8":"product_cat-bizuteria","9":"product_cat-lancuszki","10":"product_cat-srebrny-lancuszek","11":"product_cat-srebro-2","12":"product_cat-srebro","13":"product_tag-elegancka-bizuteria","14":"product_tag-klasyczny-lancuszek","15":"product_tag-lancuszek-damski","16":"product_tag-lancuszek-do-zawieszki","17":"product_tag-lancuszek-meski","18":"product_tag-lsx0012","19":"product_tag-pancerka-pelna","20":"product_tag-prezent","21":"product_tag-sls1212","22":"product_tag-solidny-lancuszek","23":"product_tag-srebrny-lancuszek","24":"product_tag-srebro-925","25":"pa_kruszec-srebro","26":"pa_proba-0-925","27":"pa_rozmiar-45cm","28":"pa_rozmiar-50cm","29":"pa_rozmiar-55cm","30":"pa_szerokosc-2mm","31":"pa_waga-3-90g","33":"first","34":"instock","35":"purchasable","36":"product-type-variable","37":"has-default-attributes"},"aioseo_notices":[],"_links":{"self":[{"href":"https:\/\/staviori.com.pl\/de\/wp-json\/wp\/v2\/product\/14667","targetHints":{"allow":["GET"]}}],"collection":[{"href":"https:\/\/staviori.com.pl\/de\/wp-json\/wp\/v2\/product"}],"about":[{"href":"https:\/\/staviori.com.pl\/de\/wp-json\/wp\/v2\/types\/product"}],"replies":[{"embeddable":true,"href":"https:\/\/staviori.com.pl\/de\/wp-json\/wp\/v2\/comments?post=14667"}],"wp:featuredmedia":[{"embeddable":true,"href":"https:\/\/staviori.com.pl\/de\/wp-json\/wp\/v2\/media\/18590"}],"wp:attachment":[{"href":"https:\/\/staviori.com.pl\/de\/wp-json\/wp\/v2\/media?parent=14667"}],"wp:term":[{"taxonomy":"product_brand","embeddable":true,"href":"https:\/\/staviori.com.pl\/de\/wp-json\/wp\/v2\/product_brand?post=14667"},{"taxonomy":"product_cat","embeddable":true,"href":"https:\/\/staviori.com.pl\/de\/wp-json\/wp\/v2\/product_cat?post=14667"},{"taxonomy":"product_tag","embeddable":true,"href":"https:\/\/staviori.com.pl\/de\/wp-json\/wp\/v2\/product_tag?post=14667"}],"curies":[{"name":"wp","href":"https:\/\/api.w.org\/{rel}","templated":true}]}}