{"id":14666,"date":"2025-02-24T22:46:56","date_gmt":"2025-02-24T21:46:56","guid":{"rendered":"https:\/\/staviori.com.pl\/product\/srebrny-lancuszek-ldx5956\/"},"modified":"2026-04-08T14:40:26","modified_gmt":"2026-04-08T12:40:26","slug":"srebrny-lancuszek-ldx5956","status":"publish","type":"product","link":"https:\/\/staviori.com.pl\/de\/product\/srebrny-lancuszek-ldx5956\/","title":{"rendered":"Silberne Kette ROLO 2mm 50\/60cm"},"content":{"rendered":"<p>Model: LDX5956<br \/>\nGewicht ca. 2,80g<\/p>\n<p>\u0141a\u0144cuszek 50cm\/60cm<br \/>\n0,925 Silber.<br \/>\n2 mm breit.<\/p>","protected":false},"excerpt":{"rendered":"<p>Klasyczny \u0142a\u0144cuszek o splocie rolo, wykonany ze srebra pr\u00f3by 0,925, to bi\u017cuteria, kt\u00f3ra zachwyca prostot\u0105 i elegancj\u0105. Okr\u0105g\u0142e ogniwa o szeroko\u015bci 2 mm tworz\u0105 subteln\u0105, a zarazem wyrazist\u0105 ca\u0142o\u015b\u0107. Dost\u0119pny w d\u0142ugo\u015bci 50 cm lub 60 cm, doskonale nadaje si\u0119 do noszenia solo oraz jako baza pod ulubione zawieszki. Srebrny \u0142a\u0144cuszek rolo to uniwersalny dodatek zar\u00f3wno dla kobiet, jak i m\u0119\u017cczyzn.<\/p>","protected":false},"featured_media":18596,"comment_status":"closed","ping_status":"closed","template":"","meta":{"om_disable_all_campaigns":false},"product_brand":[2284,2350],"product_cat":[1384,690,2075,145,1817],"product_tag":[2428,3919,3918,3934,3917,3947,2332,3949,3948,2624,3915,2427],"class_list":{"0":"post-14666","1":"product","2":"type-product","3":"status-publish","4":"has-post-thumbnail","6":"product_brand-staviori","7":"product_brand-verona","8":"product_cat-bizuteria","9":"product_cat-lancuszki","10":"product_cat-srebrny-lancuszek","11":"product_cat-srebro","12":"product_cat-srebro-2","13":"product_tag-bizuteria-srebrna","14":"product_tag-klasyczny-lancuszek","15":"product_tag-lancuszek-damski","16":"product_tag-lancuszek-do-zawieszki","17":"product_tag-lancuszek-meski","18":"product_tag-ldx5956","19":"product_tag-prezent","20":"product_tag-rolo","21":"product_tag-slr1276","22":"product_tag-splot-rolo","23":"product_tag-srebrny-lancuszek","24":"product_tag-srebro-925","25":"pa_kruszec-srebro","26":"pa_proba-0-925","27":"pa_rozmiar-50cm","28":"pa_rozmiar-60cm","29":"pa_splot-rolo","30":"pa_szerokosc-2mm","31":"pa_waga-280g","33":"first","34":"instock","35":"purchasable","36":"product-type-variable","37":"has-default-attributes"},"aioseo_notices":[],"_links":{"self":[{"href":"https:\/\/staviori.com.pl\/de\/wp-json\/wp\/v2\/product\/14666","targetHints":{"allow":["GET"]}}],"collection":[{"href":"https:\/\/staviori.com.pl\/de\/wp-json\/wp\/v2\/product"}],"about":[{"href":"https:\/\/staviori.com.pl\/de\/wp-json\/wp\/v2\/types\/product"}],"replies":[{"embeddable":true,"href":"https:\/\/staviori.com.pl\/de\/wp-json\/wp\/v2\/comments?post=14666"}],"wp:featuredmedia":[{"embeddable":true,"href":"https:\/\/staviori.com.pl\/de\/wp-json\/wp\/v2\/media\/18596"}],"wp:attachment":[{"href":"https:\/\/staviori.com.pl\/de\/wp-json\/wp\/v2\/media?parent=14666"}],"wp:term":[{"taxonomy":"product_brand","embeddable":true,"href":"https:\/\/staviori.com.pl\/de\/wp-json\/wp\/v2\/product_brand?post=14666"},{"taxonomy":"product_cat","embeddable":true,"href":"https:\/\/staviori.com.pl\/de\/wp-json\/wp\/v2\/product_cat?post=14666"},{"taxonomy":"product_tag","embeddable":true,"href":"https:\/\/staviori.com.pl\/de\/wp-json\/wp\/v2\/product_tag?post=14666"}],"curies":[{"name":"wp","href":"https:\/\/api.w.org\/{rel}","templated":true}]}}