{"id":14661,"date":"2025-02-24T22:46:52","date_gmt":"2025-02-24T21:46:52","guid":{"rendered":"https:\/\/staviori.com.pl\/product\/srebrny-lancuszek-ldx0104\/"},"modified":"2026-04-08T14:44:31","modified_gmt":"2026-04-08T12:44:31","slug":"srebrny-lancuszek-ldx0104","status":"publish","type":"product","link":"https:\/\/staviori.com.pl\/de\/product\/srebrny-lancuszek-ldx0104\/","title":{"rendered":"Silberne rhodinierte Kette VENETE CIRCLE Breite 1,2mm L\u00e4nge 45cm \/ 50cm"},"content":{"rendered":"<p>Model: LDX0104<br \/>\nWaga ok. 3,95g<\/p>\n<p>\u0141a\u0144cuszek 45\/50cm.<br \/>\nKOSTKA WENECKA<\/p>\n<p>0,925 rhodiniertes Silber.<br \/>\nSzeroko\u015b\u0107 1.2 mm.<\/p>","protected":false},"excerpt":{"rendered":"<p>Wyrafinowany 45 cm \u0142a\u0144cuszek typu kostka wenecka wykonany z rodowanego srebra pr\u00f3by 0,925. Precyzyjne, geometryczne ogniwa o szeroko\u015bci 1,2 mm tworz\u0105 eleganck\u0105, niemal architektoniczn\u0105 form\u0119, kt\u00f3ra subtelnie odbija \u015bwiat\u0142o dzi\u0119ki warstwie zabezpieczaj\u0105cego rodu. Idealny zar\u00f3wno jako minimalistyczna ozdoba noszona solo, jak i stylowa baza pod ulubione zawieszki czy medaliki.<\/p>","protected":false},"featured_media":20059,"comment_status":"closed","ping_status":"closed","template":"","meta":{"om_disable_all_campaigns":false},"product_brand":[2284,2350],"product_cat":[1384,690,2075,1817,145],"product_tag":[2428,5352,5351,5353,5350,5349,3915],"class_list":{"0":"post-14661","1":"product","2":"type-product","3":"status-publish","4":"has-post-thumbnail","6":"product_brand-staviori","7":"product_brand-verona","8":"product_cat-bizuteria","9":"product_cat-lancuszki","10":"product_cat-srebrny-lancuszek","11":"product_cat-srebro-2","12":"product_cat-srebro","13":"product_tag-bizuteria-srebrna","14":"product_tag-lancuszek-45-cm","15":"product_tag-lancuszek-kostka-wenecka","16":"product_tag-lancuszek-wenecki-zapytaj-czatbota-chatgpt","17":"product_tag-ldx0104","18":"product_tag-slr1263","19":"product_tag-srebrny-lancuszek","20":"pa_kruszec-srebro-rodowane","21":"pa_proba-0-925","22":"pa_rozmiar-45cm","23":"pa_rozmiar-50cm","24":"pa_splot-kostka-wenecka","25":"pa_szerokosc-1-2mm","27":"first","28":"instock","29":"purchasable","30":"product-type-variable","31":"has-default-attributes"},"aioseo_notices":[],"_links":{"self":[{"href":"https:\/\/staviori.com.pl\/de\/wp-json\/wp\/v2\/product\/14661","targetHints":{"allow":["GET"]}}],"collection":[{"href":"https:\/\/staviori.com.pl\/de\/wp-json\/wp\/v2\/product"}],"about":[{"href":"https:\/\/staviori.com.pl\/de\/wp-json\/wp\/v2\/types\/product"}],"replies":[{"embeddable":true,"href":"https:\/\/staviori.com.pl\/de\/wp-json\/wp\/v2\/comments?post=14661"}],"wp:featuredmedia":[{"embeddable":true,"href":"https:\/\/staviori.com.pl\/de\/wp-json\/wp\/v2\/media\/20059"}],"wp:attachment":[{"href":"https:\/\/staviori.com.pl\/de\/wp-json\/wp\/v2\/media?parent=14661"}],"wp:term":[{"taxonomy":"product_brand","embeddable":true,"href":"https:\/\/staviori.com.pl\/de\/wp-json\/wp\/v2\/product_brand?post=14661"},{"taxonomy":"product_cat","embeddable":true,"href":"https:\/\/staviori.com.pl\/de\/wp-json\/wp\/v2\/product_cat?post=14661"},{"taxonomy":"product_tag","embeddable":true,"href":"https:\/\/staviori.com.pl\/de\/wp-json\/wp\/v2\/product_tag?post=14661"}],"curies":[{"name":"wp","href":"https:\/\/api.w.org\/{rel}","templated":true}]}}