{"id":14659,"date":"2025-02-24T22:46:52","date_gmt":"2025-02-24T21:46:52","guid":{"rendered":"https:\/\/staviori.com.pl\/product\/srebrny-lancuszek-ldx0070\/"},"modified":"2026-04-08T14:43:09","modified_gmt":"2026-04-08T12:43:09","slug":"srebrny-lancuszek-ldx0070","status":"publish","type":"product","link":"https:\/\/staviori.com.pl\/de\/product\/srebrny-lancuszek-ldx0070\/","title":{"rendered":"Silberne Fu\u00dfkettchenkette L\u00e4nge 42\/45\/50 cm LDX0070"},"content":{"rendered":"<p>Model: LDX0070<br \/>\nGewicht ca. 1,40g<\/p>\n<p>\u0141a\u0144cuszek 42\/45\/50 cm.<br \/>\n0,925 rhodiniertes Silber.<br \/>\nSzeroko\u015b\u0107 1 mm.<\/p>","protected":false},"excerpt":{"rendered":"<p>Subtelny \u0142a\u0144cuszek typu belcher dost\u0119pny w trzech d\u0142ugo\u015bciach: 42, 45 i 50 cm. Wykonany z rodowanego srebra pr\u00f3by 0,925 o delikatnej szeroko\u015bci 1 mm, \u0142\u0105czy w sobie minimalistyczny design i lekko\u015b\u0107. Precyzyjne ogniwa tworz\u0105 g\u0142adk\u0105, po\u0142yskuj\u0105c\u0105 powierzchni\u0119, idealn\u0105 zar\u00f3wno do noszenia solo, jak i z ulubion\u0105 zawieszk\u0105. Uniwersalny charakter tej bi\u017cuterii doda szyku ka\u017cdej stylizacji.<\/p>","protected":false},"featured_media":20064,"comment_status":"closed","ping_status":"closed","template":"","meta":{"om_disable_all_campaigns":false},"product_brand":[2284,2350],"product_cat":[1384,690,2075,1817,145],"product_tag":[4001,2428,5338,5352,5341,5355,5356,5340,3949,3915],"class_list":{"0":"post-14659","1":"product","2":"type-product","3":"status-publish","4":"has-post-thumbnail","6":"product_brand-staviori","7":"product_brand-verona","8":"product_cat-bizuteria","9":"product_cat-lancuszki","10":"product_cat-srebrny-lancuszek","11":"product_cat-srebro-2","12":"product_cat-srebro","13":"product_tag-ankier","14":"product_tag-bizuteria-srebrna","15":"product_tag-lancuszek-42-cm","16":"product_tag-lancuszek-45-cm","17":"product_tag-lancuszek-50-cm","18":"product_tag-lancuszek-belcher","19":"product_tag-lancuszek-regulowany","20":"product_tag-lancuszek-rolo","21":"product_tag-rolo","22":"product_tag-srebrny-lancuszek","23":"pa_kruszec-srebro-rodowane","24":"pa_proba-0-925","25":"pa_rozmiar-42cm","26":"pa_rozmiar-45cm","27":"pa_rozmiar-50cm","28":"pa_splot-ankier","29":"pa_splot-belcher","30":"pa_splot-rolo","31":"pa_szerokosc-1mm","33":"first","34":"instock","35":"purchasable","36":"product-type-variable","37":"has-default-attributes"},"aioseo_notices":[],"_links":{"self":[{"href":"https:\/\/staviori.com.pl\/de\/wp-json\/wp\/v2\/product\/14659","targetHints":{"allow":["GET"]}}],"collection":[{"href":"https:\/\/staviori.com.pl\/de\/wp-json\/wp\/v2\/product"}],"about":[{"href":"https:\/\/staviori.com.pl\/de\/wp-json\/wp\/v2\/types\/product"}],"replies":[{"embeddable":true,"href":"https:\/\/staviori.com.pl\/de\/wp-json\/wp\/v2\/comments?post=14659"}],"wp:featuredmedia":[{"embeddable":true,"href":"https:\/\/staviori.com.pl\/de\/wp-json\/wp\/v2\/media\/20064"}],"wp:attachment":[{"href":"https:\/\/staviori.com.pl\/de\/wp-json\/wp\/v2\/media?parent=14659"}],"wp:term":[{"taxonomy":"product_brand","embeddable":true,"href":"https:\/\/staviori.com.pl\/de\/wp-json\/wp\/v2\/product_brand?post=14659"},{"taxonomy":"product_cat","embeddable":true,"href":"https:\/\/staviori.com.pl\/de\/wp-json\/wp\/v2\/product_cat?post=14659"},{"taxonomy":"product_tag","embeddable":true,"href":"https:\/\/staviori.com.pl\/de\/wp-json\/wp\/v2\/product_tag?post=14659"}],"curies":[{"name":"wp","href":"https:\/\/api.w.org\/{rel}","templated":true}]}}