{"id":14657,"date":"2025-02-24T22:46:52","date_gmt":"2025-02-24T21:46:52","guid":{"rendered":"https:\/\/staviori.com.pl\/product\/zloty-lancuszek-lbx5280\/"},"modified":"2026-03-14T10:34:56","modified_gmt":"2026-03-14T09:34:56","slug":"zloty-lancuszek-lbx5280","status":"publish","type":"product","link":"https:\/\/staviori.com.pl\/de\/product\/zloty-lancuszek-lbx5280\/","title":{"rendered":"Goldkette Fu\u00dfkettchen Muster 585 L\u00e4nge 42cm"},"content":{"rendered":"<p>Model: LZX5280<br \/>\nWaga ok. 0.85g<\/p>\n<p>\u0141a\u0144cuszek 42 cm<br \/>\n\u017b\u00f3\u0142te Z\u0142oto 0,585<\/p>\n<p>0,9 mm breit.<\/p>","protected":false},"excerpt":{"rendered":"<p>Subtelny 42 cm \u0142a\u0144cuszek typu ankier wykonany z \u017c\u00f3\u0142tego z\u0142ota pr\u00f3by 0,585. Filigranowe ogniwa o szeroko\u015bci 0,9 mm tworz\u0105 delikatn\u0105, a zarazem trwa\u0142\u0105 kompozycj\u0119, kt\u00f3ra pi\u0119knie uk\u0142ada si\u0119 na szyi. Jego minimalistyczny design sprawia, \u017ce doskonale sprawdzi si\u0119 jako samodzielna ozdoba lub baza pod zawieszk\u0119. Blask szlachetnego z\u0142ota doda ka\u017cdej stylizacji odrobiny luksusu i lekko\u015bci.<\/p>","protected":false},"featured_media":20051,"comment_status":"closed","ping_status":"closed","template":"","meta":{"om_disable_all_campaigns":false},"product_brand":[2284],"product_cat":[690,1930,2072],"product_tag":[2543,3940,5338,5345,4004],"class_list":{"0":"post-14657","1":"product","2":"type-product","3":"status-publish","4":"has-post-thumbnail","6":"product_brand-staviori","7":"product_cat-lancuszki","8":"product_cat-zloto-2","9":"product_cat-zloty-lancuszek","10":"product_tag-bizuteria-zlota","11":"product_tag-delikatny-lancuszek","12":"product_tag-lancuszek-42-cm","13":"product_tag-lancuszek-ankier","14":"product_tag-zloty-lancuszek","15":"pa_kolor-zolte","16":"pa_kruszec-zloto","17":"pa_proba-0-585","18":"pa_splot-ankier","19":"pa_szerokosc-0-9mm","20":"pa_waga-085g","22":"first","23":"instock","24":"purchasable","25":"product-type-simple"},"aioseo_notices":[],"_links":{"self":[{"href":"https:\/\/staviori.com.pl\/de\/wp-json\/wp\/v2\/product\/14657","targetHints":{"allow":["GET"]}}],"collection":[{"href":"https:\/\/staviori.com.pl\/de\/wp-json\/wp\/v2\/product"}],"about":[{"href":"https:\/\/staviori.com.pl\/de\/wp-json\/wp\/v2\/types\/product"}],"replies":[{"embeddable":true,"href":"https:\/\/staviori.com.pl\/de\/wp-json\/wp\/v2\/comments?post=14657"}],"wp:featuredmedia":[{"embeddable":true,"href":"https:\/\/staviori.com.pl\/de\/wp-json\/wp\/v2\/media\/20051"}],"wp:attachment":[{"href":"https:\/\/staviori.com.pl\/de\/wp-json\/wp\/v2\/media?parent=14657"}],"wp:term":[{"taxonomy":"product_brand","embeddable":true,"href":"https:\/\/staviori.com.pl\/de\/wp-json\/wp\/v2\/product_brand?post=14657"},{"taxonomy":"product_cat","embeddable":true,"href":"https:\/\/staviori.com.pl\/de\/wp-json\/wp\/v2\/product_cat?post=14657"},{"taxonomy":"product_tag","embeddable":true,"href":"https:\/\/staviori.com.pl\/de\/wp-json\/wp\/v2\/product_tag?post=14657"}],"curies":[{"name":"wp","href":"https:\/\/api.w.org\/{rel}","templated":true}]}}