{"id":14633,"date":"2025-02-24T22:46:52","date_gmt":"2025-02-24T21:46:52","guid":{"rendered":"https:\/\/staviori.com.pl\/product\/zlote-kolczyki-kzx6546a\/"},"modified":"2026-02-11T00:08:51","modified_gmt":"2026-02-10T23:08:51","slug":"zlote-kolczyki-kzx6546a","status":"publish","type":"product","link":"https:\/\/staviori.com.pl\/de\/product\/zlote-kolczyki-kzx6546a\/","title":{"rendered":"Goldohrringe mit Amethysten"},"content":{"rendered":"<p>Model: KZX6546A<br \/>\nGewicht ca. 1,20g<\/p>\n<p>Ohrringe.<br \/>\nGelbgold 0,585.<br \/>\n2 Ametysty, o masie 2,20ct.<\/p>\n<p>Produkt dost\u0119pny na zam\u00f3wienie.<br \/>\nTermin realizacji oko\u0142o 1 tydzie\u0144.<\/p>","protected":false},"excerpt":{"rendered":"<p>Eleganckie kolczyki wykonane z \u017c\u00f3\u0142tego z\u0142ota pr\u00f3by 0,585, ozdobione dwoma naturalnymi ametystami o \u0142\u0105cznej masie 2,20 ct. Szlachetny, g\u0142\u0119boki odcie\u0144 fioletu pi\u0119knie kontrastuje ze z\u0142otem, tworz\u0105c niezwykle stylow\u0105 i kobiec\u0105 kompozycj\u0119. Fasetowane ametysty cudownie odbijaj\u0105 \u015bwiat\u0142o, przyci\u0105gaj\u0105c spojrzenia i podkre\u015blaj\u0105c wyj\u0105tkowy charakter ka\u017cdej stylizacji. Idealny wyb\u00f3r zar\u00f3wno na co dzie\u0144, jak i na wyj\u0105tkowe okazje.<\/p>","protected":false},"featured_media":14634,"comment_status":"closed","ping_status":"closed","template":"","meta":{"om_disable_all_campaigns":false},"product_brand":[2284,2350],"product_cat":[199,2044,1930],"product_tag":[2472,2317,3881,2665,3318,3883,3882,2291,2683,2522],"class_list":{"0":"post-14633","1":"product","2":"type-product","3":"status-publish","4":"has-post-thumbnail","6":"product_brand-staviori","7":"product_brand-verona","8":"product_cat-kolczyki","9":"product_cat-zlote-kolczyki","10":"product_cat-zloto-2","11":"product_tag-ametyst","12":"product_tag-elegancka-bizuteria","13":"product_tag-fioletowe-kamienie","14":"product_tag-kolczyki-sztyfty","15":"product_tag-kolczyki-z-ametystem","16":"product_tag-kz19920","17":"product_tag-kzx6546a","18":"product_tag-prezent-dla-niej","19":"product_tag-zlote-kolczyki","20":"product_tag-zolte-zloto","21":"pa_kamien-ametysty","22":"pa_kolor-zolte","23":"pa_kruszec-zloto","24":"pa_proba-0-585","25":"pa_waga-120g","26":"pa_zapiecie-sztyft","28":"first","29":"onbackorder","30":"purchasable","31":"product-type-simple"},"aioseo_notices":[],"_links":{"self":[{"href":"https:\/\/staviori.com.pl\/de\/wp-json\/wp\/v2\/product\/14633","targetHints":{"allow":["GET"]}}],"collection":[{"href":"https:\/\/staviori.com.pl\/de\/wp-json\/wp\/v2\/product"}],"about":[{"href":"https:\/\/staviori.com.pl\/de\/wp-json\/wp\/v2\/types\/product"}],"replies":[{"embeddable":true,"href":"https:\/\/staviori.com.pl\/de\/wp-json\/wp\/v2\/comments?post=14633"}],"wp:featuredmedia":[{"embeddable":true,"href":"https:\/\/staviori.com.pl\/de\/wp-json\/wp\/v2\/media\/14634"}],"wp:attachment":[{"href":"https:\/\/staviori.com.pl\/de\/wp-json\/wp\/v2\/media?parent=14633"}],"wp:term":[{"taxonomy":"product_brand","embeddable":true,"href":"https:\/\/staviori.com.pl\/de\/wp-json\/wp\/v2\/product_brand?post=14633"},{"taxonomy":"product_cat","embeddable":true,"href":"https:\/\/staviori.com.pl\/de\/wp-json\/wp\/v2\/product_cat?post=14633"},{"taxonomy":"product_tag","embeddable":true,"href":"https:\/\/staviori.com.pl\/de\/wp-json\/wp\/v2\/product_tag?post=14633"}],"curies":[{"name":"wp","href":"https:\/\/api.w.org\/{rel}","templated":true}]}}