{"id":14616,"date":"2025-02-24T22:46:52","date_gmt":"2025-02-24T21:46:52","guid":{"rendered":"https:\/\/staviori.com.pl\/product\/zlote-kolczyki-kzx2096\/"},"modified":"2026-04-10T08:18:50","modified_gmt":"2026-04-10T06:18:50","slug":"zlote-kolczyki-kzx2096","status":"publish","type":"product","link":"https:\/\/staviori.com.pl\/de\/product\/zlote-kolczyki-kzx2096\/","title":{"rendered":"Goldfarbene kreisf\u00f6rmige Ohrringe 44mm 333"},"content":{"rendered":"<p>Model: KXX2096<br \/>\nWaga ok. 2,15g<\/p>\n<p>Ohrringe.<br \/>\nGelbgold 0,333.<br \/>\n\u015arednica 44 mm.<\/p>","protected":false},"excerpt":{"rendered":"<p>Du\u017ce kolczyki ko\u0142a z \u017c\u00f3\u0142tego z\u0142ota to wyrazista bi\u017cuteria, kt\u00f3ra przyci\u0105ga spojrzenia i dodaje charakteru ka\u017cdej stylizacji. Ich klasyczny, lekki kszta\u0142t sprawia, \u017ce s\u0105 nie tylko efektowne, ale r\u00f3wnie\u017c wygodne w codziennym noszeniu. To ponadczasowy dodatek, kt\u00f3ry pi\u0119knie podkre\u015bli kobiec\u0105 urod\u0119 i doda blasku nawet najprostszym zestawom.<\/p>","protected":false},"featured_media":18547,"comment_status":"closed","ping_status":"closed","template":"","meta":{"om_disable_all_campaigns":false},"product_brand":[2284,2350],"product_cat":[199,2044,1930],"product_tag":[3901,2664,3102,2682,3900,2653,3899,2683,2522],"class_list":{"0":"post-14616","1":"product","2":"type-product","3":"status-publish","4":"has-post-thumbnail","6":"product_brand-staviori","7":"product_brand-verona","8":"product_cat-kolczyki","9":"product_cat-zlote-kolczyki","10":"product_cat-zloto-2","11":"product_tag-duze-kolczyki","12":"product_tag-klasyczne-kolczyki","13":"product_tag-kolczyki-damskie","14":"product_tag-kolczyki-kola","15":"product_tag-kxx2096","16":"product_tag-wyrazista-bizuteria","17":"product_tag-xka1019","18":"product_tag-zlote-kolczyki","19":"product_tag-zolte-zloto","20":"pa_kolor-zolte","21":"pa_kruszec-zloto","22":"pa_proba-0-333","23":"pa_srednica-44mm","24":"pa_waga-200g","25":"pa_zapiecie-szarnir","27":"first","28":"instock","29":"purchasable","30":"product-type-simple"},"aioseo_notices":[],"_links":{"self":[{"href":"https:\/\/staviori.com.pl\/de\/wp-json\/wp\/v2\/product\/14616","targetHints":{"allow":["GET"]}}],"collection":[{"href":"https:\/\/staviori.com.pl\/de\/wp-json\/wp\/v2\/product"}],"about":[{"href":"https:\/\/staviori.com.pl\/de\/wp-json\/wp\/v2\/types\/product"}],"replies":[{"embeddable":true,"href":"https:\/\/staviori.com.pl\/de\/wp-json\/wp\/v2\/comments?post=14616"}],"wp:featuredmedia":[{"embeddable":true,"href":"https:\/\/staviori.com.pl\/de\/wp-json\/wp\/v2\/media\/18547"}],"wp:attachment":[{"href":"https:\/\/staviori.com.pl\/de\/wp-json\/wp\/v2\/media?parent=14616"}],"wp:term":[{"taxonomy":"product_brand","embeddable":true,"href":"https:\/\/staviori.com.pl\/de\/wp-json\/wp\/v2\/product_brand?post=14616"},{"taxonomy":"product_cat","embeddable":true,"href":"https:\/\/staviori.com.pl\/de\/wp-json\/wp\/v2\/product_cat?post=14616"},{"taxonomy":"product_tag","embeddable":true,"href":"https:\/\/staviori.com.pl\/de\/wp-json\/wp\/v2\/product_tag?post=14616"}],"curies":[{"name":"wp","href":"https:\/\/api.w.org\/{rel}","templated":true}]}}