{"id":14615,"date":"2025-02-24T22:46:48","date_gmt":"2025-02-24T21:46:48","guid":{"rendered":"https:\/\/staviori.com.pl\/product\/zlote-kolczyki-kzx2095\/"},"modified":"2026-04-13T07:21:31","modified_gmt":"2026-04-13T05:21:31","slug":"zlote-kolczyki-kzx2095","status":"publish","type":"product","link":"https:\/\/staviori.com.pl\/de\/product\/zlote-kolczyki-kzx2095\/","title":{"rendered":"Goldkreis-Ohrringe 3cm Muster 333"},"content":{"rendered":"<p>Model: KXX2095<br \/>\nGewicht ca. 0,80g<\/p>\n<p>Ohrringe.<br \/>\nGelbgold 0,333.<br \/>\n\u015arednica 30 mm.<\/p>","protected":false},"excerpt":{"rendered":"<p>Wyj\u0105tkowo lekkie i ponadczasowe kolczyki ko\u0142a wykonane z \u017c\u00f3\u0142tego z\u0142ota pr\u00f3by 0,333. Ich klasyczna forma i wi\u0119ksza \u015brednica podkre\u015bl\u0105 Twoj\u0105 urod\u0119 i dodadz\u0105 charakteru ka\u017cdej stylizacji. Idealne dla kobiet ceni\u0105cych uniwersalno\u015b\u0107, elegancj\u0119 i subtelny blask z\u0142ota. Doskona\u0142e zar\u00f3wno na co dzie\u0144, jak i do wieczorowych kreacji.<\/p>","protected":false},"featured_media":18496,"comment_status":"closed","ping_status":"closed","template":"","meta":{"om_disable_all_campaigns":false},"product_brand":[2284,2350],"product_cat":[199,2044,1930],"product_tag":[2541,3858,3828,3847,2664,2682,2708,3857,2996,3859,3843,3860,3833,3856,3744,2522],"class_list":{"0":"post-14615","1":"product","2":"type-product","3":"status-publish","4":"has-post-thumbnail","6":"product_brand-staviori","7":"product_brand-verona","8":"product_cat-kolczyki","9":"product_cat-zlote-kolczyki","10":"product_cat-zloto-2","11":"product_tag-bizuteria-damska","12":"product_tag-classic-earrings","13":"product_tag-gold-earrings","14":"product_tag-hoop-earrings","15":"product_tag-klasyczne-kolczyki","16":"product_tag-kolczyki-kola","17":"product_tag-kolczyki-zlote","18":"product_tag-kxx2095","19":"product_tag-lekkie-kolczyki","20":"product_tag-lightweight-earrings","21":"product_tag-uniwersalne-kolczyki","22":"product_tag-versatile-earrings","23":"product_tag-womens-jewelry","24":"product_tag-xka1161","25":"product_tag-yellow-gold","26":"product_tag-zolte-zloto","27":"pa_kolor-zolte","28":"pa_kruszec-zloto","29":"pa_proba-0-333","30":"pa_srednica-30mm","31":"pa_waga-074g","32":"pa_zapiecie-zamkniete","34":"first","35":"outofstock","36":"purchasable","37":"product-type-simple"},"aioseo_notices":[],"_links":{"self":[{"href":"https:\/\/staviori.com.pl\/de\/wp-json\/wp\/v2\/product\/14615","targetHints":{"allow":["GET"]}}],"collection":[{"href":"https:\/\/staviori.com.pl\/de\/wp-json\/wp\/v2\/product"}],"about":[{"href":"https:\/\/staviori.com.pl\/de\/wp-json\/wp\/v2\/types\/product"}],"replies":[{"embeddable":true,"href":"https:\/\/staviori.com.pl\/de\/wp-json\/wp\/v2\/comments?post=14615"}],"wp:featuredmedia":[{"embeddable":true,"href":"https:\/\/staviori.com.pl\/de\/wp-json\/wp\/v2\/media\/18496"}],"wp:attachment":[{"href":"https:\/\/staviori.com.pl\/de\/wp-json\/wp\/v2\/media?parent=14615"}],"wp:term":[{"taxonomy":"product_brand","embeddable":true,"href":"https:\/\/staviori.com.pl\/de\/wp-json\/wp\/v2\/product_brand?post=14615"},{"taxonomy":"product_cat","embeddable":true,"href":"https:\/\/staviori.com.pl\/de\/wp-json\/wp\/v2\/product_cat?post=14615"},{"taxonomy":"product_tag","embeddable":true,"href":"https:\/\/staviori.com.pl\/de\/wp-json\/wp\/v2\/product_tag?post=14615"}],"curies":[{"name":"wp","href":"https:\/\/api.w.org\/{rel}","templated":true}]}}