{"id":14613,"date":"2025-02-24T22:46:48","date_gmt":"2025-02-24T21:46:48","guid":{"rendered":"https:\/\/staviori.com.pl\/product\/zlote-kolczyki-kzx0388\/"},"modified":"2026-04-12T12:49:48","modified_gmt":"2026-04-12T10:49:48","slug":"zlote-kolczyki-kzx0388","status":"publish","type":"product","link":"https:\/\/staviori.com.pl\/de\/product\/zlote-kolczyki-kzx0388\/","title":{"rendered":"Goldkreis-Ohrringe 15mm 585"},"content":{"rendered":"<p>Model: KZX0388<br \/>\nWaga ok. 0,46g<\/p>\n<p>Ohrringe.<br \/>\nGelbgold 0,585.<br \/>\n\u015arednica 15 mm.<\/p>","protected":false},"excerpt":{"rendered":"<p>Klasyczne kolczyki ko\u0142a wykonane z 14-karatowego \u017c\u00f3\u0142tego z\u0142ota. Prosty, ponadczasowy design sprawia, \u017ce s\u0105 idealnym dodatkiem zar\u00f3wno na co dzie\u0144, jak i do eleganckich stylizacji. Ich subtelny blask podkre\u015bli naturalne pi\u0119kno i doda szyku ka\u017cdej kobiecie. Doskona\u0142y wyb\u00f3r dla mi\u0142o\u015bniczek minimalistycznej i uniwersalnej bi\u017cuterii.<\/p>","protected":false},"featured_media":3217,"comment_status":"closed","ping_status":"closed","template":"","meta":{"om_disable_all_campaigns":false},"product_brand":[2284,2350],"product_cat":[199,2044,1930],"product_tag":[2541,3849,3839,3828,3847,3784,3717,2682,2708,3844,3842,3848,3845,2384,3850,3846,3843,3833,3744,3841,3834,3750,2522],"class_list":{"0":"post-14613","1":"product","2":"type-product","3":"status-publish","4":"has-post-thumbnail","6":"product_brand-staviori","7":"product_brand-verona","8":"product_cat-kolczyki","9":"product_cat-zlote-kolczyki","10":"product_cat-zloto-2","11":"product_tag-bizuteria-damska","12":"product_tag-classic-style","13":"product_tag-damske-sperky","14":"product_tag-gold-earrings","15":"product_tag-hoop-earrings","16":"product_tag-klasika","17":"product_tag-klasyka","18":"product_tag-kolczyki-kola","19":"product_tag-kolczyki-zlote","20":"product_tag-kruhove-nausnice","21":"product_tag-kzx0388","22":"product_tag-minimalist-jewelry","23":"product_tag-minimalisticke-sperky","24":"product_tag-minimalistyczna-bizuteria","25":"product_tag-universal-earrings","26":"product_tag-univerzalni-nausnice","27":"product_tag-uniwersalne-kolczyki","28":"product_tag-womens-jewelry","29":"product_tag-yellow-gold","30":"product_tag-zka0123","31":"product_tag-zlate-nausnice","32":"product_tag-zlute-zlato","33":"product_tag-zolte-zloto","34":"pa_kolor-zolte","35":"pa_kruszec-zloto","36":"pa_proba-0-585","37":"pa_srednica-15mm","38":"pa_waga-043g","39":"pa_zapiecie-zamkniete","41":"first","42":"instock","43":"purchasable","44":"product-type-simple"},"aioseo_notices":[],"_links":{"self":[{"href":"https:\/\/staviori.com.pl\/de\/wp-json\/wp\/v2\/product\/14613","targetHints":{"allow":["GET"]}}],"collection":[{"href":"https:\/\/staviori.com.pl\/de\/wp-json\/wp\/v2\/product"}],"about":[{"href":"https:\/\/staviori.com.pl\/de\/wp-json\/wp\/v2\/types\/product"}],"replies":[{"embeddable":true,"href":"https:\/\/staviori.com.pl\/de\/wp-json\/wp\/v2\/comments?post=14613"}],"wp:featuredmedia":[{"embeddable":true,"href":"https:\/\/staviori.com.pl\/de\/wp-json\/wp\/v2\/media\/3217"}],"wp:attachment":[{"href":"https:\/\/staviori.com.pl\/de\/wp-json\/wp\/v2\/media?parent=14613"}],"wp:term":[{"taxonomy":"product_brand","embeddable":true,"href":"https:\/\/staviori.com.pl\/de\/wp-json\/wp\/v2\/product_brand?post=14613"},{"taxonomy":"product_cat","embeddable":true,"href":"https:\/\/staviori.com.pl\/de\/wp-json\/wp\/v2\/product_cat?post=14613"},{"taxonomy":"product_tag","embeddable":true,"href":"https:\/\/staviori.com.pl\/de\/wp-json\/wp\/v2\/product_tag?post=14613"}],"curies":[{"name":"wp","href":"https:\/\/api.w.org\/{rel}","templated":true}]}}