{"id":14594,"date":"2025-02-24T22:46:48","date_gmt":"2025-02-24T21:46:48","guid":{"rendered":"https:\/\/staviori.com.pl\/product\/zlote-kolczyki-kzg6117\/"},"modified":"2026-02-11T00:08:50","modified_gmt":"2026-02-10T23:08:50","slug":"zlote-kolczyki-kzg6117","status":"publish","type":"product","link":"https:\/\/staviori.com.pl\/de\/product\/zlote-kolczyki-kzg6117\/","title":{"rendered":"Gold-Ohrringe Kugeln 3mm 585"},"content":{"rendered":"<p>Model: KZG6117<br \/>\nWaga ok. 0,35g<\/p>\n<p>Ohrringe.<br \/>\nGelbgold 0,585.<br \/>\n\u015arednica 3 mm.<\/p>","protected":false},"excerpt":{"rendered":"<p>Delikatne kolczyki w formie subtelnych kulek wykonane z \u017c\u00f3\u0142tego z\u0142ota pr\u00f3by 0,585. Ich minimalistyczny design doskonale sprawdzi si\u0119 zar\u00f3wno na co dzie\u0144, jak i jako elegancki dodatek na wyj\u0105tkowe okazje. L\u015bni\u0105ca powierzchnia z\u0142ota pi\u0119knie odbija \u015bwiat\u0142o, podkre\u015blaj\u0105c naturalne pi\u0119kno ka\u017cdej stylizacji. To klasyka, kt\u00f3ra nigdy nie wychodzi z mody i zachwyca ponadczasow\u0105 prostot\u0105.<\/p>","protected":false},"featured_media":3189,"comment_status":"closed","ping_status":"closed","template":"","meta":{"om_disable_all_campaigns":false},"product_brand":[2284],"product_cat":[199,2044,1930],"product_tag":[2664,3285,2698,2708,3878,2996,2384,2522],"class_list":{"0":"post-14594","1":"product","2":"type-product","3":"status-publish","4":"has-post-thumbnail","6":"product_brand-staviori","7":"product_cat-kolczyki","8":"product_cat-zlote-kolczyki","9":"product_cat-zloto-2","10":"product_tag-klasyczne-kolczyki","11":"product_tag-kolczyki-kulki","12":"product_tag-kolczyki-na-prezent","13":"product_tag-kolczyki-zlote","14":"product_tag-kzg6117","15":"product_tag-lekkie-kolczyki","16":"product_tag-minimalistyczna-bizuteria","17":"product_tag-zolte-zloto","18":"pa_dostawca-gese","19":"pa_kolor-zolte","20":"pa_kruszec-zloto","21":"pa_proba-0-585","22":"pa_srednica-3mm","23":"pa_waga-g","24":"pa_zapiecie-sztyft","26":"first","27":"instock","28":"purchasable","29":"product-type-simple"},"aioseo_notices":[],"_links":{"self":[{"href":"https:\/\/staviori.com.pl\/de\/wp-json\/wp\/v2\/product\/14594","targetHints":{"allow":["GET"]}}],"collection":[{"href":"https:\/\/staviori.com.pl\/de\/wp-json\/wp\/v2\/product"}],"about":[{"href":"https:\/\/staviori.com.pl\/de\/wp-json\/wp\/v2\/types\/product"}],"replies":[{"embeddable":true,"href":"https:\/\/staviori.com.pl\/de\/wp-json\/wp\/v2\/comments?post=14594"}],"wp:featuredmedia":[{"embeddable":true,"href":"https:\/\/staviori.com.pl\/de\/wp-json\/wp\/v2\/media\/3189"}],"wp:attachment":[{"href":"https:\/\/staviori.com.pl\/de\/wp-json\/wp\/v2\/media?parent=14594"}],"wp:term":[{"taxonomy":"product_brand","embeddable":true,"href":"https:\/\/staviori.com.pl\/de\/wp-json\/wp\/v2\/product_brand?post=14594"},{"taxonomy":"product_cat","embeddable":true,"href":"https:\/\/staviori.com.pl\/de\/wp-json\/wp\/v2\/product_cat?post=14594"},{"taxonomy":"product_tag","embeddable":true,"href":"https:\/\/staviori.com.pl\/de\/wp-json\/wp\/v2\/product_tag?post=14594"}],"curies":[{"name":"wp","href":"https:\/\/api.w.org\/{rel}","templated":true}]}}