{"id":14592,"date":"2025-02-24T22:46:48","date_gmt":"2025-02-24T21:46:48","guid":{"rendered":"https:\/\/staviori.com.pl\/product\/zlote-kolczyki-kzg6046\/"},"modified":"2026-04-25T12:01:09","modified_gmt":"2026-04-25T10:01:09","slug":"zlote-kolczyki-kzg6046","status":"publish","type":"product","link":"https:\/\/staviori.com.pl\/de\/product\/zlote-kolczyki-kzg6046\/","title":{"rendered":"Wundersch\u00f6ne lange goldene Ohrringe, mit einer glatten Kugel versehen"},"content":{"rendered":"<p>Model: KZG6046<br \/>\nGewicht ca. 1,20g<\/p>\n<p>Ohrringe.<br \/>\nGelbgold 0,585.<br \/>\nKugeldurchmesser 4 mm.<br \/>\nD\u0142ugo\u015b\u0107 50 mm.<\/p>\n<p>Pi\u0119kne, z\u0142ote kolczyki przewlekane, zako\u0144czone g\u0142adk\u0105 kulk\u0105.<\/p>\n<p>Auf Bestellung lieferbar, Vorlaufzeit ca. 1 Woche.<\/p>","protected":false},"excerpt":{"rendered":"<p>Nowoczesne, z\u0142ote kolczyki przewlekane wykonane z \u017c\u00f3\u0142tego z\u0142ota pr\u00f3by 585. Delikatny \u0142a\u0144cuszek oraz g\u0142adka kulka tworz\u0105 wyj\u0105tkowo subteln\u0105 i minimalistyczn\u0105 kompozycj\u0119, kt\u00f3ra dodaje szyku ka\u017cdej stylizacji. Idealny wyb\u00f3r dla kobiet ceni\u0105cych lekko\u015b\u0107, swobod\u0119 i niepowtarzalny styl. Kolczyki te doskonale sprawdz\u0105 si\u0119 zar\u00f3wno na co dzie\u0144, jak i na specjalne okazje.<\/p>","protected":false},"featured_media":3181,"comment_status":"closed","ping_status":"closed","template":"","meta":{"om_disable_all_campaigns":false},"product_brand":[2284],"product_cat":[199,2044,1930],"product_tag":[3813,3812,3754,3755,3710,3765,3810,1394,3803,3808,3805,3807,3778,3782,3775,3814,3818,3809,3761,3816,3274,3817,3811,3744,3815,3806,3750,2522],"class_list":{"0":"post-14592","1":"product","2":"type-product","3":"status-publish","4":"has-post-thumbnail","6":"product_brand-staviori","7":"product_cat-kolczyki","8":"product_cat-zlote-kolczyki","9":"product_cat-zloto-2","10":"product_tag-ball","11":"product_tag-chain","12":"product_tag-darek","13":"product_tag-elegance","14":"product_tag-elegancja","15":"product_tag-gift-nausnice","16":"product_tag-gold","17":"product_tag-kolczyki","18":"product_tag-kulicka","19":"product_tag-kulka","20":"product_tag-kzg6046","21":"product_tag-lancuszek","22":"product_tag-minimalist","23":"product_tag-minimalisticke","24":"product_tag-minimalistyczne","25":"product_tag-modern","26":"product_tag-moderni","27":"product_tag-nowoczesne","28":"product_tag-prezent-earrings","29":"product_tag-provlekaci","30":"product_tag-przewlekane","31":"product_tag-retizek","32":"product_tag-threader","33":"product_tag-yellow-gold","34":"product_tag-zlato","35":"product_tag-zloto","36":"product_tag-zlute-zlato","37":"product_tag-zolte-zloto","38":"pa_dlugosc-49mm","39":"pa_dostawca-gese","40":"pa_kolor-zolte","41":"pa_kruszec-zloto","42":"pa_proba-0-585","43":"pa_srednica-kulki-4mm","44":"pa_waga-120g","45":"pa_zapiecie-przewlekane","47":"first","48":"onbackorder","49":"purchasable","50":"product-type-simple"},"aioseo_notices":[],"_links":{"self":[{"href":"https:\/\/staviori.com.pl\/de\/wp-json\/wp\/v2\/product\/14592","targetHints":{"allow":["GET"]}}],"collection":[{"href":"https:\/\/staviori.com.pl\/de\/wp-json\/wp\/v2\/product"}],"about":[{"href":"https:\/\/staviori.com.pl\/de\/wp-json\/wp\/v2\/types\/product"}],"replies":[{"embeddable":true,"href":"https:\/\/staviori.com.pl\/de\/wp-json\/wp\/v2\/comments?post=14592"}],"wp:featuredmedia":[{"embeddable":true,"href":"https:\/\/staviori.com.pl\/de\/wp-json\/wp\/v2\/media\/3181"}],"wp:attachment":[{"href":"https:\/\/staviori.com.pl\/de\/wp-json\/wp\/v2\/media?parent=14592"}],"wp:term":[{"taxonomy":"product_brand","embeddable":true,"href":"https:\/\/staviori.com.pl\/de\/wp-json\/wp\/v2\/product_brand?post=14592"},{"taxonomy":"product_cat","embeddable":true,"href":"https:\/\/staviori.com.pl\/de\/wp-json\/wp\/v2\/product_cat?post=14592"},{"taxonomy":"product_tag","embeddable":true,"href":"https:\/\/staviori.com.pl\/de\/wp-json\/wp\/v2\/product_tag?post=14592"}],"curies":[{"name":"wp","href":"https:\/\/api.w.org\/{rel}","templated":true}]}}