{"id":14591,"date":"2025-02-24T22:46:48","date_gmt":"2025-02-24T21:46:48","guid":{"rendered":"https:\/\/staviori.com.pl\/product\/zlote-kolczyki-kzg6045\/"},"modified":"2026-02-11T00:08:50","modified_gmt":"2026-02-10T23:08:50","slug":"zlote-kolczyki-kzg6045","status":"publish","type":"product","link":"https:\/\/staviori.com.pl\/de\/product\/zlote-kolczyki-kzg6045\/","title":{"rendered":"585 Halbkugel-Ohrringe aus Gold"},"content":{"rendered":"<p>Model: KZG6045<br \/>\nWaga ok. 0,40g<\/p>\n<p>Ohrringe.<br \/>\nGelbgold 0,585.<\/p>\n<p>\u015arednica 4 mm.<\/p>","protected":false},"excerpt":{"rendered":"<p>Klasyczne kolczyki wkr\u0119tki wykonane z \u017c\u00f3\u0142tego z\u0142ota pr\u00f3by 585. Prosty, ponadczasowy wz\u00f3r w formie g\u0142adkich kulek zachwyca subtelnym blaskiem i uniwersalno\u015bci\u0105. Doskona\u0142e na co dzie\u0144 i do eleganckich stylizacji, sprawdz\u0105 si\u0119 jako delikatny dodatek dla ka\u017cdej kobiety, ceni\u0105cej sobie minimalizm i klasyczn\u0105 elegancj\u0119.<\/p>","protected":false},"featured_media":3174,"comment_status":"closed","ping_status":"closed","template":"","meta":{"om_disable_all_campaigns":false},"product_brand":[2284],"product_cat":[199,2044,1930],"product_tag":[3780,3754,3755,3710,3765,3802,3797,1394,3798,3803,3795,3778,3782,3775,3801,3761,3800,3799,3796,3744,3750,2522],"class_list":{"0":"post-14591","1":"product","2":"type-product","3":"status-publish","4":"has-post-thumbnail","6":"product_brand-staviori","7":"product_cat-kolczyki","8":"product_cat-zlote-kolczyki","9":"product_cat-zloto-2","10":"product_tag-classic","11":"product_tag-darek","12":"product_tag-elegance","13":"product_tag-elegancja","14":"product_tag-gift-nausnice","15":"product_tag-klasicke","16":"product_tag-klasyczne","17":"product_tag-kolczyki","18":"product_tag-kula","19":"product_tag-kulicka","20":"product_tag-kzg6045","21":"product_tag-minimalist","22":"product_tag-minimalisticke","23":"product_tag-minimalistyczne","24":"product_tag-pecky","25":"product_tag-prezent-earrings","26":"product_tag-sphere","27":"product_tag-studs","28":"product_tag-wkretki","29":"product_tag-yellow-gold","30":"product_tag-zlute-zlato","31":"product_tag-zolte-zloto","32":"pa_dostawca-gese","33":"pa_kolor-zolte","34":"pa_kruszec-zloto","35":"pa_proba-0-585","36":"pa_srednica-4mm","37":"pa_waga-040g","38":"pa_zapiecie-sztyft","40":"first","41":"onbackorder","42":"purchasable","43":"product-type-simple"},"aioseo_notices":[],"_links":{"self":[{"href":"https:\/\/staviori.com.pl\/de\/wp-json\/wp\/v2\/product\/14591","targetHints":{"allow":["GET"]}}],"collection":[{"href":"https:\/\/staviori.com.pl\/de\/wp-json\/wp\/v2\/product"}],"about":[{"href":"https:\/\/staviori.com.pl\/de\/wp-json\/wp\/v2\/types\/product"}],"replies":[{"embeddable":true,"href":"https:\/\/staviori.com.pl\/de\/wp-json\/wp\/v2\/comments?post=14591"}],"wp:featuredmedia":[{"embeddable":true,"href":"https:\/\/staviori.com.pl\/de\/wp-json\/wp\/v2\/media\/3174"}],"wp:attachment":[{"href":"https:\/\/staviori.com.pl\/de\/wp-json\/wp\/v2\/media?parent=14591"}],"wp:term":[{"taxonomy":"product_brand","embeddable":true,"href":"https:\/\/staviori.com.pl\/de\/wp-json\/wp\/v2\/product_brand?post=14591"},{"taxonomy":"product_cat","embeddable":true,"href":"https:\/\/staviori.com.pl\/de\/wp-json\/wp\/v2\/product_cat?post=14591"},{"taxonomy":"product_tag","embeddable":true,"href":"https:\/\/staviori.com.pl\/de\/wp-json\/wp\/v2\/product_tag?post=14591"}],"curies":[{"name":"wp","href":"https:\/\/api.w.org\/{rel}","templated":true}]}}