{"id":14567,"date":"2025-02-24T22:46:44","date_gmt":"2025-02-24T21:46:44","guid":{"rendered":"https:\/\/staviori.com.pl\/product\/kolczyk-z-brylantami-kzd6000s\/"},"modified":"2026-02-11T00:08:50","modified_gmt":"2026-02-10T23:08:50","slug":"kolczyk-z-brylantami-kzd6000s","status":"publish","type":"product","link":"https:\/\/staviori.com.pl\/de\/product\/kolczyk-z-brylantami-kzd6000s\/","title":{"rendered":"Ovale Goldohrringe mit Saphiren und Diamanten"},"content":{"rendered":"<p>Model: KZD6000S<br \/>\nGewicht ca. 1,90g<\/p>\n<p>Ohrringe.<br \/>\nGelbgold 0,750.<br \/>\n44 Diamenty, szlif brylantowy, o masie 0,09ct, barwa G, czysto\u015b\u0107 VS2-SI1.<br \/>\n2 Szafiry, o masie 0,90ct.<\/p>\n<p>D\u0142ugo\u015b\u0107 8 mm.<br \/>\n6 mm breit.<\/p>\n<p><strong>Produkt nur auf Anfrage erh\u00e4ltlich, Vorlaufzeit ca. 2 Wochen.<\/strong><\/p>","protected":false},"excerpt":{"rendered":"<p>Eleganckie kolczyki z \u017c\u00f3\u0142tego z\u0142ota pr\u00f3by 0,750, kt\u00f3re zachwycaj\u0105 ponadczasowym stylem i precyzj\u0105 wykonania. W centrum kompozycji znajduj\u0105 si\u0119 dwa g\u0142\u0119bokoniebieskie szafiry o \u0142\u0105cznej masie 0,90 ct, kt\u00f3re zosta\u0142y otoczone blaskiem 44 diament\u00f3w o brylantowym szlifie. Po\u0142\u0105czenie szlachetnego z\u0142ota i kamieni sprawia, \u017ce kolczyki doskonale podkre\u015blaj\u0105 naturaln\u0105 urod\u0119 oraz dodaj\u0105 szyku ka\u017cdej stylizacji. To luksusowy wyb\u00f3r na wyj\u0105tkowe okazje oraz idealny prezent dla mi\u0142o\u015bniczek klasycznej bi\u017cuterii.<\/p>","protected":false},"featured_media":3157,"comment_status":"closed","ping_status":"closed","template":"","meta":{"om_disable_all_campaigns":false},"product_brand":[2284],"product_cat":[1803,1838,1990,199,6858],"product_tag":[2296,3710,2603,1394,3726,3727,2332,2297,2561,2522],"class_list":{"0":"post-14567","1":"product","2":"type-product","3":"status-publish","4":"has-post-thumbnail","6":"product_brand-staviori","7":"product_cat-brylanty-exclusive","8":"product_cat-diamenty","9":"product_cat-kolczyk-z-brylantami","10":"product_cat-kolczyki","11":"product_cat-kolczyki-brylanty-exclusive","12":"product_tag-diamenty","13":"product_tag-elegancja","14":"product_tag-klasyczna-bizuteria","15":"product_tag-kolczyki","16":"product_tag-kzd6000s","17":"product_tag-luksus","18":"product_tag-prezent","19":"product_tag-szafiry","20":"product_tag-szlachetne-kamienie","21":"product_tag-zolte-zloto","22":"pa_barwa-g-2","23":"pa_czystosc-vs2","24":"pa_dlugosc-8mm","25":"pa_dostawca-hosgor","26":"pa_kamien-brylanty","27":"pa_kolor-zolte","28":"pa_kruszec-zloto","29":"pa_proba-0-750","30":"pa_szerokosc-6mm","31":"pa_waga-190g","32":"pa_zapiecie-sztyft","34":"first","35":"onbackorder","36":"purchasable","37":"product-type-simple"},"aioseo_notices":[],"_links":{"self":[{"href":"https:\/\/staviori.com.pl\/de\/wp-json\/wp\/v2\/product\/14567","targetHints":{"allow":["GET"]}}],"collection":[{"href":"https:\/\/staviori.com.pl\/de\/wp-json\/wp\/v2\/product"}],"about":[{"href":"https:\/\/staviori.com.pl\/de\/wp-json\/wp\/v2\/types\/product"}],"replies":[{"embeddable":true,"href":"https:\/\/staviori.com.pl\/de\/wp-json\/wp\/v2\/comments?post=14567"}],"wp:featuredmedia":[{"embeddable":true,"href":"https:\/\/staviori.com.pl\/de\/wp-json\/wp\/v2\/media\/3157"}],"wp:attachment":[{"href":"https:\/\/staviori.com.pl\/de\/wp-json\/wp\/v2\/media?parent=14567"}],"wp:term":[{"taxonomy":"product_brand","embeddable":true,"href":"https:\/\/staviori.com.pl\/de\/wp-json\/wp\/v2\/product_brand?post=14567"},{"taxonomy":"product_cat","embeddable":true,"href":"https:\/\/staviori.com.pl\/de\/wp-json\/wp\/v2\/product_cat?post=14567"},{"taxonomy":"product_tag","embeddable":true,"href":"https:\/\/staviori.com.pl\/de\/wp-json\/wp\/v2\/product_tag?post=14567"}],"curies":[{"name":"wp","href":"https:\/\/api.w.org\/{rel}","templated":true}]}}