{"id":14566,"date":"2025-02-24T22:46:44","date_gmt":"2025-02-24T21:46:44","guid":{"rendered":"https:\/\/staviori.com.pl\/product\/kolczyk-z-brylantami-kzd6000r\/"},"modified":"2026-02-11T00:08:50","modified_gmt":"2026-02-10T23:08:50","slug":"kolczyk-z-brylantami-kzd6000r","status":"publish","type":"product","link":"https:\/\/staviori.com.pl\/de\/product\/kolczyk-z-brylantami-kzd6000r\/","title":{"rendered":"Ovale Goldohrringe mit Rubinen und Diamanten"},"content":{"rendered":"<p>Model: KZD6000R<br \/>\nWaga ok. 1.85g<\/p>\n<p>Ohrringe.<br \/>\nGelbgold 0,750.<br \/>\n44 Diamenty, szlif brylantowy, o masie 0.12ct, barwa G, czysto\u015b\u0107 VS2-SI1.<br \/>\n2 Rubiny, o masie 0.82ct.<\/p>\n<p>Produkt nur auf Anfrage erh\u00e4ltlich, Vorlaufzeit ca. 2 Wochen.<\/p>","protected":false},"excerpt":{"rendered":"<p>Ol\u015bniewaj\u0105ce kolczyki wykonane z \u017c\u00f3\u0142tego z\u0142ota pr\u00f3by 0,750, kt\u00f3re zachwycaj\u0105 klasycznym wzornictwem i niezwyk\u0142\u0105 elegancj\u0105. Centralnym punktem bi\u017cuterii s\u0105 dwa rubiny o g\u0142\u0119bokiej, szlachetnej barwie, otoczone blaskiem 44 diament\u00f3w o brylantowym szlifie. Kolczyki emanuj\u0105 luksusem i ponadczasowym stylem, doskonale podkre\u015blaj\u0105c urod\u0119 i wyj\u0105tkowo\u015b\u0107 ka\u017cdej kobiety. Idealny wyb\u00f3r na prezent lub jako wyj\u0105tkowy akcent na specjalne okazje.<\/p>","protected":false},"featured_media":18446,"comment_status":"closed","ping_status":"closed","template":"","meta":{"om_disable_all_campaigns":false},"product_brand":[2284],"product_cat":[1803,1838,1990,199,6858],"product_tag":[2296,2317,3717,1394,3725,3727,2332,2732,2561,2522],"class_list":{"0":"post-14566","1":"product","2":"type-product","3":"status-publish","4":"has-post-thumbnail","6":"product_brand-staviori","7":"product_cat-brylanty-exclusive","8":"product_cat-diamenty","9":"product_cat-kolczyk-z-brylantami","10":"product_cat-kolczyki","11":"product_cat-kolczyki-brylanty-exclusive","12":"product_tag-diamenty","13":"product_tag-elegancka-bizuteria","14":"product_tag-klasyka","15":"product_tag-kolczyki","16":"product_tag-kzd6000r","17":"product_tag-luksus","18":"product_tag-prezent","19":"product_tag-rubiny","20":"product_tag-szlachetne-kamienie","21":"product_tag-zolte-zloto","22":"pa_barwa-g-2","23":"pa_czystosc-vs2","24":"pa_dostawca-hosgor","25":"pa_kamien-brylanty","26":"pa_kolor-zolte","27":"pa_kruszec-zloto","28":"pa_proba-0-750","29":"pa_waga-185g","30":"pa_zapiecie-sztyft","32":"first","33":"onbackorder","34":"purchasable","35":"product-type-simple"},"aioseo_notices":[],"_links":{"self":[{"href":"https:\/\/staviori.com.pl\/de\/wp-json\/wp\/v2\/product\/14566","targetHints":{"allow":["GET"]}}],"collection":[{"href":"https:\/\/staviori.com.pl\/de\/wp-json\/wp\/v2\/product"}],"about":[{"href":"https:\/\/staviori.com.pl\/de\/wp-json\/wp\/v2\/types\/product"}],"replies":[{"embeddable":true,"href":"https:\/\/staviori.com.pl\/de\/wp-json\/wp\/v2\/comments?post=14566"}],"wp:featuredmedia":[{"embeddable":true,"href":"https:\/\/staviori.com.pl\/de\/wp-json\/wp\/v2\/media\/18446"}],"wp:attachment":[{"href":"https:\/\/staviori.com.pl\/de\/wp-json\/wp\/v2\/media?parent=14566"}],"wp:term":[{"taxonomy":"product_brand","embeddable":true,"href":"https:\/\/staviori.com.pl\/de\/wp-json\/wp\/v2\/product_brand?post=14566"},{"taxonomy":"product_cat","embeddable":true,"href":"https:\/\/staviori.com.pl\/de\/wp-json\/wp\/v2\/product_cat?post=14566"},{"taxonomy":"product_tag","embeddable":true,"href":"https:\/\/staviori.com.pl\/de\/wp-json\/wp\/v2\/product_tag?post=14566"}],"curies":[{"name":"wp","href":"https:\/\/api.w.org\/{rel}","templated":true}]}}