{"id":14560,"date":"2025-02-24T22:46:44","date_gmt":"2025-02-24T21:46:44","guid":{"rendered":"https:\/\/staviori.com.pl\/product\/kolczyk-z-brylantami-kzd5224\/"},"modified":"2026-02-11T00:08:49","modified_gmt":"2026-02-10T23:08:49","slug":"kolczyk-z-brylantami-kzd5224","status":"publish","type":"product","link":"https:\/\/staviori.com.pl\/de\/product\/kolczyk-z-brylantami-kzd5224\/","title":{"rendered":"Kolczyki z \u017c\u00f3\u0142tego z\u0142ota z brylantami"},"content":{"rendered":"<p>Model: KZD5224<br \/>\nWaga ok. 1,10g<\/p>\n<p>Ohrringe.<br \/>\nGelbgold 0,585.<br \/>\n22 Diamenty, szlif brylantowy, o masie 0,16ct, barwa H, czysto\u015b\u0107 I1.<\/p>\n<p>\u015arednica 6 mm.<br \/>\nDicke 3 mm.<\/p>\n<p>Produkt dost\u0119pny wy\u0142\u0105cznie na zam\u00f3wienie, czas realizacji ok. 4 tygodnie.<\/p>","protected":false},"excerpt":{"rendered":"<p>Eleganckie kolczyki z \u017c\u00f3\u0142tego z\u0142ota 14K, ozdobione 22 l\u015bni\u0105cymi diamentami o brylantowym szlifie. Subtelny, kwiatowy motyw i efektowny blask kamieni sprawiaj\u0105, \u017ce s\u0105 to kolczyki idealne na wyj\u0105tkowe okazje i do codziennego noszenia. To bi\u017cuteria, kt\u00f3ra przyci\u0105ga uwag\u0119 i dodaje klasy ka\u017cdej stylizacji. Perfekcyjne po\u0142\u0105czenie ponadczasowego designu i nowoczesnego wdzi\u0119ku.<\/p>","protected":false},"featured_media":3112,"comment_status":"closed","ping_status":"closed","template":"","meta":{"om_disable_all_campaigns":false},"product_brand":[2284],"product_cat":[1838,1990,199],"product_tag":[3720,2301,2296,3710,3717,1394,3719,2332,2522],"class_list":{"0":"post-14560","1":"product","2":"type-product","3":"status-publish","4":"has-post-thumbnail","6":"product_brand-staviori","7":"product_cat-diamenty","8":"product_cat-kolczyk-z-brylantami","9":"product_cat-kolczyki","10":"product_tag-bizuteria","11":"product_tag-brylanty","12":"product_tag-diamenty","13":"product_tag-elegancja","14":"product_tag-klasyka","15":"product_tag-kolczyki","16":"product_tag-kzd5224","17":"product_tag-prezent","18":"product_tag-zolte-zloto","19":"pa_barwa-h-2","20":"pa_czystosc-i1","21":"pa_dostawca-estrella","22":"pa_grubosc-3mm","23":"pa_kamien-brylanty","24":"pa_kolor-zolte","25":"pa_kruszec-zloto","26":"pa_proba-0-585","27":"pa_srednica-6mm","28":"pa_waga-110g","29":"pa_zapiecie-sztyft","31":"first","32":"onbackorder","33":"purchasable","34":"product-type-simple"},"aioseo_notices":[],"_links":{"self":[{"href":"https:\/\/staviori.com.pl\/de\/wp-json\/wp\/v2\/product\/14560","targetHints":{"allow":["GET"]}}],"collection":[{"href":"https:\/\/staviori.com.pl\/de\/wp-json\/wp\/v2\/product"}],"about":[{"href":"https:\/\/staviori.com.pl\/de\/wp-json\/wp\/v2\/types\/product"}],"replies":[{"embeddable":true,"href":"https:\/\/staviori.com.pl\/de\/wp-json\/wp\/v2\/comments?post=14560"}],"wp:featuredmedia":[{"embeddable":true,"href":"https:\/\/staviori.com.pl\/de\/wp-json\/wp\/v2\/media\/3112"}],"wp:attachment":[{"href":"https:\/\/staviori.com.pl\/de\/wp-json\/wp\/v2\/media?parent=14560"}],"wp:term":[{"taxonomy":"product_brand","embeddable":true,"href":"https:\/\/staviori.com.pl\/de\/wp-json\/wp\/v2\/product_brand?post=14560"},{"taxonomy":"product_cat","embeddable":true,"href":"https:\/\/staviori.com.pl\/de\/wp-json\/wp\/v2\/product_cat?post=14560"},{"taxonomy":"product_tag","embeddable":true,"href":"https:\/\/staviori.com.pl\/de\/wp-json\/wp\/v2\/product_tag?post=14560"}],"curies":[{"name":"wp","href":"https:\/\/api.w.org\/{rel}","templated":true}]}}