{"id":14559,"date":"2025-02-24T22:46:44","date_gmt":"2025-02-24T21:46:44","guid":{"rendered":"https:\/\/staviori.com.pl\/product\/kolczyk-z-brylantami-kzd5015m\/"},"modified":"2026-02-11T00:09:42","modified_gmt":"2026-02-10T23:09:42","slug":"kolczyk-z-brylantami-kzd5015m","status":"publish","type":"product","link":"https:\/\/staviori.com.pl\/de\/product\/kolczyk-z-brylantami-kzd5015m\/","title":{"rendered":"Gold-Diamant-Ohrringe mit Fassung"},"content":{"rendered":"<p>Model: KZD5015M<br \/>\nWaga ok. 0,48g<\/p>\n<p>Ohrringe.<br \/>\nWei\u00dfgold 0,585.<br \/>\n2 Diamenty, szlif brylantowy, o masie 0,15ct, barwa H, czysto\u015b\u0107 SI1-SI2.<\/p>\n<p>\u015arednica 2.15 mm.<\/p>\n<p>Przepi\u0119kne, brylantowe kolczyki, kt\u00f3re mo\u017cesz nosi\u0107 jak chcesz! No\u015b same diamenty lub dokup piekne oprawki, kt\u00f3re mo\u017cesz zmieniac w zalezno\u015bci od nastroju lub pozosta\u0142ej bi\u017cuterii. No\u015b jak lubisz ! Baw si\u0119 mod\u0105 !<br \/>\nMo\u017cesz zaznaczy\u0107 przy zakupie dodatkowo oprawki w wybranym kolorze z\u0142ota i\/lub zmienic brylanty na mniejsze, o \u0142\u0105cznej masie 0,10ct ( model KZD5010M )<\/p>","protected":false},"excerpt":{"rendered":"<p>Przepi\u0119kne kolczyki z bia\u0142ego z\u0142ota z diamentami o brylantowym szlifie to doskona\u0142a propozycja dla kobiet ceni\u0105cych ponadczasow\u0105 elegancj\u0119 i nowoczesn\u0105 wygod\u0119. Klasyczna forma i subtelny blask diament\u00f3w sprawiaj\u0105, \u017ce te kolczyki idealnie pasuj\u0105 zar\u00f3wno do codziennych stylizacji, jak i wyj\u0105tkowych okazji. Mo\u017cesz nosi\u0107 je solo lub doda\u0107 efektowne oprawki w wybranym kolorze z\u0142ota, aby dopasowa\u0107 bi\u017cuteri\u0119 do swojego nastroju lub pozosta\u0142ych dodatk\u00f3w. Stw\u00f3rz w\u0142asny, niepowtarzalny zestaw i baw si\u0119 stylem ka\u017cdego dnia!<\/p>","protected":false},"featured_media":18435,"comment_status":"closed","ping_status":"closed","template":"","meta":{"om_disable_all_campaigns":false},"product_brand":[2284],"product_cat":[1838,1990,199],"product_tag":[2308,2301,2296,3710,3717,1394,3716,2668,3718,2332],"class_list":{"0":"post-14559","1":"product","2":"type-product","3":"status-publish","4":"has-post-thumbnail","6":"product_brand-staviori","7":"product_cat-diamenty","8":"product_cat-kolczyk-z-brylantami","9":"product_cat-kolczyki","10":"product_tag-biale-zloto","11":"product_tag-brylanty","12":"product_tag-diamenty","13":"product_tag-elegancja","14":"product_tag-klasyka","15":"product_tag-kolczyki","16":"product_tag-kzd5015m","17":"product_tag-minimalistyczne-kolczyki","18":"product_tag-modne-kolczyki","19":"product_tag-prezent","20":"pa_barwa-h-2","21":"pa_czystosc-si1-si2","22":"pa_dostawca-estrella","23":"pa_kamien-diament","24":"pa_kolor-biale","25":"pa_kruszec-zloto","26":"pa_masa-karatowa-010ct","27":"pa_masa-karatowa-015ct","28":"pa_proba-0-585","29":"pa_srednica-2-15mm","30":"pa_szlif-brylantowy-okragly","31":"pa_waga-048g","32":"pa_zapiecie-sztyft","34":"first","35":"instock","36":"purchasable","37":"product-type-variable"},"aioseo_notices":[],"_links":{"self":[{"href":"https:\/\/staviori.com.pl\/de\/wp-json\/wp\/v2\/product\/14559","targetHints":{"allow":["GET"]}}],"collection":[{"href":"https:\/\/staviori.com.pl\/de\/wp-json\/wp\/v2\/product"}],"about":[{"href":"https:\/\/staviori.com.pl\/de\/wp-json\/wp\/v2\/types\/product"}],"replies":[{"embeddable":true,"href":"https:\/\/staviori.com.pl\/de\/wp-json\/wp\/v2\/comments?post=14559"}],"wp:featuredmedia":[{"embeddable":true,"href":"https:\/\/staviori.com.pl\/de\/wp-json\/wp\/v2\/media\/18435"}],"wp:attachment":[{"href":"https:\/\/staviori.com.pl\/de\/wp-json\/wp\/v2\/media?parent=14559"}],"wp:term":[{"taxonomy":"product_brand","embeddable":true,"href":"https:\/\/staviori.com.pl\/de\/wp-json\/wp\/v2\/product_brand?post=14559"},{"taxonomy":"product_cat","embeddable":true,"href":"https:\/\/staviori.com.pl\/de\/wp-json\/wp\/v2\/product_cat?post=14559"},{"taxonomy":"product_tag","embeddable":true,"href":"https:\/\/staviori.com.pl\/de\/wp-json\/wp\/v2\/product_tag?post=14559"}],"curies":[{"name":"wp","href":"https:\/\/api.w.org\/{rel}","templated":true}]}}