{"id":14556,"date":"2025-02-24T22:46:44","date_gmt":"2025-02-24T21:46:44","guid":{"rendered":"https:\/\/staviori.com.pl\/product\/bizuteria-inwestycyjna-kolczyk-kzd4441\/"},"modified":"2026-02-11T00:08:49","modified_gmt":"2026-02-10T23:08:49","slug":"bizuteria-inwestycyjna-kolczyk-kzd4441","status":"publish","type":"product","link":"https:\/\/staviori.com.pl\/de\/product\/bizuteria-inwestycyjna-kolczyk-kzd4441\/","title":{"rendered":"Exklusive | stattliche durchbrochene Goldohrringe mit Diamanten"},"content":{"rendered":"<p>Model: DDE3055<br \/>\nWaga ok. 11,90g<\/p>\n<p>Ohrringe.<br \/>\nGelbgold 0,750.<br \/>\n50 Diament\u00f3w, szlif brylantowy, o masie 1,03ct, barwa G-H, czysto\u015b\u0107 SI1.<\/p>\n<p>D\u0142ugo\u015b\u0107 66.5 mm.<br \/>\nSzeroko\u015b\u0107 30 mm.<\/p>\n<p><strong>Produkt nur auf Anfrage erh\u00e4ltlich, Vorlaufzeit ca. 5 Wochen.<\/strong><\/p>","protected":false},"excerpt":{"rendered":"<p>Model: DDE3055 Waga ok. 11,90g Kolczyki. \u017b\u00f3\u0142te Z\u0142oto 0,750. 50 Diament\u00f3w, szlif brylantowy, o masie 1,03ct, barwa G-H, czysto\u015b\u0107 SI1. D\u0142ugo\u015b\u0107 66.5 mm. Szeroko\u015b\u0107 30 mm. Produkt dost\u0119pny wy\u0142\u0105cznie na zam\u00f3wienie, czas realizacji ok. 5 tygodni.<\/p>","protected":false},"featured_media":3062,"comment_status":"closed","ping_status":"closed","template":"","meta":{"om_disable_all_campaigns":false},"product_brand":[2284],"product_cat":[1803,6858,199],"product_tag":[3730,3729,2296,3710,1394,3728,2280,2332,3732,3731,3733,2522],"class_list":{"0":"post-14556","1":"product","2":"type-product","3":"status-publish","4":"has-post-thumbnail","6":"product_brand-staviori","7":"product_cat-brylanty-exclusive","8":"product_cat-kolczyki-brylanty-exclusive","9":"product_cat-kolczyki","10":"product_tag-azurowe","11":"product_tag-dde3055","12":"product_tag-diamenty","13":"product_tag-elegancja","14":"product_tag-kolczyki","15":"product_tag-kzd4441","16":"product_tag-luksusowa-bizuteria","17":"product_tag-prezent","18":"product_tag-styl","19":"product_tag-wieczorowe","20":"product_tag-wyjatkowe","21":"product_tag-zolte-zloto","22":"pa_barwa-g-h","23":"pa_czystosc-si1","24":"pa_dlugosc-66-5mm","25":"pa_dostawca-draco","26":"pa_kamien-brylanty","27":"pa_kolor-zolte","28":"pa_kruszec-zloto","29":"pa_proba-0-750","30":"pa_szerokosc-30mm","31":"pa_waga-1190g","32":"pa_zapiecie-angielskie","34":"first","35":"onbackorder","36":"purchasable","37":"product-type-simple"},"aioseo_notices":[],"_links":{"self":[{"href":"https:\/\/staviori.com.pl\/de\/wp-json\/wp\/v2\/product\/14556","targetHints":{"allow":["GET"]}}],"collection":[{"href":"https:\/\/staviori.com.pl\/de\/wp-json\/wp\/v2\/product"}],"about":[{"href":"https:\/\/staviori.com.pl\/de\/wp-json\/wp\/v2\/types\/product"}],"replies":[{"embeddable":true,"href":"https:\/\/staviori.com.pl\/de\/wp-json\/wp\/v2\/comments?post=14556"}],"wp:featuredmedia":[{"embeddable":true,"href":"https:\/\/staviori.com.pl\/de\/wp-json\/wp\/v2\/media\/3062"}],"wp:attachment":[{"href":"https:\/\/staviori.com.pl\/de\/wp-json\/wp\/v2\/media?parent=14556"}],"wp:term":[{"taxonomy":"product_brand","embeddable":true,"href":"https:\/\/staviori.com.pl\/de\/wp-json\/wp\/v2\/product_brand?post=14556"},{"taxonomy":"product_cat","embeddable":true,"href":"https:\/\/staviori.com.pl\/de\/wp-json\/wp\/v2\/product_cat?post=14556"},{"taxonomy":"product_tag","embeddable":true,"href":"https:\/\/staviori.com.pl\/de\/wp-json\/wp\/v2\/product_tag?post=14556"}],"curies":[{"name":"wp","href":"https:\/\/api.w.org\/{rel}","templated":true}]}}